{"id":1410786194,"date":"2025-09-28T15:01:15","date_gmt":"2025-09-28T18:01:15","guid":{"rendered":"https:\/\/dinhosreef.com\/produto\/domino-damsel\/"},"modified":"2026-03-27T18:50:02","modified_gmt":"2026-03-27T21:50:02","slug":"domino-damsel","status":"publish","type":"product","link":"https:\/\/dinhosreef.com\/en\/product\/domino-damsel\/","title":{"rendered":"Domino Damsel"},"content":{"rendered":"<p>Nome popular: Three Spot Dascyllus, Domino Damsel<br \/>\nNome cient\u00edfico: Dascyllus trimaculatus, R\u00fcppell, 1829<br \/>\nFam\u00edlia: Pomacentridae<br \/>\nOrigem: Oceano Indo-Pac\u00edfico \/ Mar Vermelho, \u00c1frica, Jap\u00e3o, Austr\u00e1lia<br \/>\nSociabilidade: Grupos<br \/>\npH: 8.0 a 8.6<br \/>\nTemperatura: 22 a 26\u00baC<br \/>\nReserva Alcalina: 20 a 25 dKH<br \/>\nExpectativa de vida: Cerca de 5 anos ou mais<br \/>\nManuten\u00e7\u00e3o: M\u00e9dia<br \/>\nDensidade: 1.020 a 1.025<br \/>\nTamanho adulto: Aproximadamente 11 cm.<\/p>\n<p>Alimenta\u00e7\u00e3o: Na natureza se alimentam principalmente de algas, crust\u00e1ceos e pequenos seres. Existem ra\u00e7\u00f5es espec\u00edficas para peixes marinhos, muitas delas em gel, criadas especialmente para atender \u00e0s necessidades destas belas joias dos nossos aqu\u00e1rios. Al\u00e9m de oferecer ra\u00e7\u00f5es variadas, complemente a dieta do seu peixe com alimentos vivos.<br \/>\nDimorfismo sexual: Dif\u00edcil de sexar, os machos geralmente s\u00e3o maiores, mais agressivos e possuem o ventre retil\u00edneo. As f\u00eameas s\u00e3o menores e apresentam o ventre roli\u00e7o. Importante: estas caracter\u00edsticas aparecem em peixes adultos.<br \/>\nComportamento: Evite coloc\u00e1-los com peixes agressivos e outros do mesmo G\u00eanero, ofere\u00e7a abrigos para todos.<br \/>\nReprodu\u00e7\u00e3o: S\u00e3o ov\u00edparos, a f\u00eamea libera os ovos e o macho os fertiliza logo em seguida. Os ovos s\u00e3o aderentes e eclodem ap\u00f3s algumas horas, as larvas demoram alguns dias para consumir todo o conte\u00fado do saco vitelino e ap\u00f3s esse per\u00edodo, passam a se alimentar de pequenos seres e buscam abrigo nos recifes de corais. O macho cuida dos ovos e alevinos, at\u00e9 que apresentem nado livre.<br \/>\nTamanho m\u00ednimo do aqu\u00e1rio: 150 litros.<br \/>\nOutras informa\u00e7\u00f5es: Vivem pr\u00f3ximos a recifes de corais, ofere\u00e7a bastante espa\u00e7o para nadarem, locais para ref\u00fagio e uma \u00e1gua bem movimentada \/ oxigenada.<\/p>","protected":false},"excerpt":{"rendered":"<p>Nome popular: Three Spot Dascyllus, Domino Damsel Nome cient\u00edfico: Dascyllus trimaculatus, R\u00fcppell, 1829 Fam\u00edlia: Pomacentridae Origem: Oceano Indo-Pac\u00edfico \/ Mar Vermelho, \u00c1frica, Jap\u00e3o, Austr\u00e1lia Sociabilidade: Grupos pH: 8.0 a 8.6 Temperatura: 22 a 26\u00baC Reserva Alcalina: 20 a 25 dKH Expectativa de vida: Cerca de 5 anos ou mais Manuten\u00e7\u00e3o: M\u00e9dia Densidade: 1.020 a 1.025 [&hellip;]<\/p>\n","protected":false},"featured_media":1410786193,"comment_status":"open","ping_status":"closed","template":"","meta":{"googlesitekit_rrm_CAow0N7NCw:productID":"","content-type":"","pmpro_default_level":"","_themeisle_gutenberg_block_has_review":false},"product_brand":[],"product_cat":[170,193,220],"product_tag":[],"class_list":{"0":"post-1410786194","1":"product","2":"type-product","3":"status-publish","4":"has-post-thumbnail","6":"product_cat-peixes-marinhos","7":"product_cat-damsel","8":"product_cat-todos-os-peixes-de-agua-salgada","9":"pmpro-has-access","11":"first","12":"instock","13":"taxable","14":"shipping-taxable","15":"purchasable","16":"product-type-simple"},"_links":{"self":[{"href":"https:\/\/dinhosreef.com\/en\/wp-json\/wp\/v2\/product\/1410786194","targetHints":{"allow":["GET"]}}],"collection":[{"href":"https:\/\/dinhosreef.com\/en\/wp-json\/wp\/v2\/product"}],"about":[{"href":"https:\/\/dinhosreef.com\/en\/wp-json\/wp\/v2\/types\/product"}],"replies":[{"embeddable":true,"href":"https:\/\/dinhosreef.com\/en\/wp-json\/wp\/v2\/comments?post=1410786194"}],"wp:featuredmedia":[{"embeddable":true,"href":"https:\/\/dinhosreef.com\/en\/wp-json\/wp\/v2\/media\/1410786193"}],"wp:attachment":[{"href":"https:\/\/dinhosreef.com\/en\/wp-json\/wp\/v2\/media?parent=1410786194"}],"wp:term":[{"taxonomy":"product_brand","embeddable":true,"href":"https:\/\/dinhosreef.com\/en\/wp-json\/wp\/v2\/product_brand?post=1410786194"},{"taxonomy":"product_cat","embeddable":true,"href":"https:\/\/dinhosreef.com\/en\/wp-json\/wp\/v2\/product_cat?post=1410786194"},{"taxonomy":"product_tag","embeddable":true,"href":"https:\/\/dinhosreef.com\/en\/wp-json\/wp\/v2\/product_tag?post=1410786194"}],"curies":[{"name":"wp","href":"https:\/\/api.w.org\/{rel}","templated":true}]}}