{"id":1410786198,"date":"2025-09-28T15:27:38","date_gmt":"2025-09-28T18:27:38","guid":{"rendered":"https:\/\/dinhosreef.com\/produto\/singapura-angelfish\/"},"modified":"2026-02-19T20:08:57","modified_gmt":"2026-02-19T23:08:57","slug":"singapura-angelfish","status":"publish","type":"product","link":"https:\/\/dinhosreef.com\/en\/product\/singapura-angelfish\/","title":{"rendered":"Singapura Angelfish"},"content":{"rendered":"<p>O peixe-anjo de Singapura, tamb\u00e9m conhecido como peixe-anjo vermiculado, foi\u00a0<br \/>comparado a um peixe-borboleta na estrutura corporal. L\u00e1bios azuis e nariz amarelo\u00a0<br \/>mudam abruptamente para uma faixa vertical preta sobre os olhos, lembrando uma\u00a0<br \/>m\u00e1scara. A m\u00e1scara \u00e9 delimitada por outra faixa vertical fina de amarelo, seguida por\u00a0<br \/>uma faixa vertical mais larga de branco com o corpo sendo principalmente preto. As\u00a0<br \/>barbatanas dorsal e anal s\u00e3o delineadas em azul safira brilhante e a barbatana caudal\u00a0<br \/>geralmente \u00e9 amarela, mas pode ser cinza.\u00a0<br \/>Caracter\u00edsticas\u00a0<br \/>Porte: Pequeno\u00a0<br \/>Litragem M\u00ednima: 200 L\u00a0<br \/>Alimenta\u00e7\u00e3o: M\u00e9dia\u00a0<br \/>Dificuldade: M\u00e9dia\u00a0<br \/>Agressivo com outros peixes: M\u00e9dio\u00a0<br \/>Agressivo com mesmo: Sim\u00a0<br \/>Come corais: Sim\u00a0<br \/>Come invertebrados: Sim<\/p>","protected":false},"excerpt":{"rendered":"<p>O peixe-anjo de Singapura, tamb\u00e9m conhecido como peixe-anjo vermiculado, foi\u00a0comparado a um peixe-borboleta na estrutura corporal. L\u00e1bios azuis e nariz amarelo\u00a0mudam abruptamente para uma faixa vertical preta sobre os olhos, lembrando uma\u00a0m\u00e1scara. A m\u00e1scara \u00e9 delimitada por outra faixa vertical fina de amarelo, seguida por\u00a0uma faixa vertical mais larga de branco com o corpo sendo [&hellip;]<\/p>\n","protected":false},"featured_media":1410788854,"comment_status":"open","ping_status":"closed","template":"","meta":{"googlesitekit_rrm_CAow0N7NCw:productID":"","content-type":"","pmpro_default_level":"","_themeisle_gutenberg_block_has_review":false},"product_brand":[],"product_cat":[186,187,170,220],"product_tag":[],"class_list":{"0":"post-1410786198","1":"product","2":"type-product","3":"status-publish","4":"has-post-thumbnail","6":"product_cat-animais-vivos","7":"product_cat-anjos","8":"product_cat-peixes-marinhos","9":"product_cat-todos-os-peixes-de-agua-salgada","10":"pmpro-has-access","12":"first","13":"outofstock","14":"taxable","15":"shipping-taxable","16":"purchasable","17":"product-type-simple"},"_links":{"self":[{"href":"https:\/\/dinhosreef.com\/en\/wp-json\/wp\/v2\/product\/1410786198","targetHints":{"allow":["GET"]}}],"collection":[{"href":"https:\/\/dinhosreef.com\/en\/wp-json\/wp\/v2\/product"}],"about":[{"href":"https:\/\/dinhosreef.com\/en\/wp-json\/wp\/v2\/types\/product"}],"replies":[{"embeddable":true,"href":"https:\/\/dinhosreef.com\/en\/wp-json\/wp\/v2\/comments?post=1410786198"}],"wp:featuredmedia":[{"embeddable":true,"href":"https:\/\/dinhosreef.com\/en\/wp-json\/wp\/v2\/media\/1410788854"}],"wp:attachment":[{"href":"https:\/\/dinhosreef.com\/en\/wp-json\/wp\/v2\/media?parent=1410786198"}],"wp:term":[{"taxonomy":"product_brand","embeddable":true,"href":"https:\/\/dinhosreef.com\/en\/wp-json\/wp\/v2\/product_brand?post=1410786198"},{"taxonomy":"product_cat","embeddable":true,"href":"https:\/\/dinhosreef.com\/en\/wp-json\/wp\/v2\/product_cat?post=1410786198"},{"taxonomy":"product_tag","embeddable":true,"href":"https:\/\/dinhosreef.com\/en\/wp-json\/wp\/v2\/product_tag?post=1410786198"}],"curies":[{"name":"wp","href":"https:\/\/api.w.org\/{rel}","templated":true}]}}