{"id":1410786213,"date":"2025-09-29T12:35:58","date_gmt":"2025-09-29T15:35:58","guid":{"rendered":"https:\/\/dinhosreef.com\/produto\/palhaco-clarck\/"},"modified":"2026-03-21T14:48:12","modified_gmt":"2026-03-21T17:48:12","slug":"palhaco-clarck","status":"publish","type":"product","link":"https:\/\/dinhosreef.com\/en\/product\/palhaco-clarck\/","title":{"rendered":"Palha\u00e7o Clarck"},"content":{"rendered":"<h3><\/h3>\n<p><iframe src=\"\/\/www.youtube.com\/embed\/jd6xuBU9lBY\" width=\"640\" height=\"360\" frameborder=\"0\" allowfullscreen=\"allowfullscreen\"><\/iframe><\/p>\n<h3>Palha\u00e7o Clarck<\/h3>\n<p>Eles recebem regularmente em muitas an\u00eamonas do mar no aqu\u00e1rio em casa. Clarkii O Peixe-Palha\u00e7o, tamb\u00e9m conhecido como sebae palha\u00e7o, \u00e9 um Clownfish bonito que tem um perfil mais elevado do que a maioria peixe-palha\u00e7o.<\/p>\n<p>Caracter\u00edsticas<\/p>\n<p>Porte: Pequeno<\/p>\n<p>Litragem M\u00ednima: 30 L<\/p>\n<p>Alimenta\u00e7\u00e3o: F\u00e1cil<\/p>\n<p>Dificuldade: F\u00e1cil<\/p>\n<p>Agressivo com outros peixes: M\u00e9dia<\/p>\n<p>Agressivo com mesmo: N\u00e3o<\/p>\n<p>Come corais: N\u00e3o<\/p>\n<p>Come invertebrados: N\u00e3o<\/p>","protected":false},"excerpt":{"rendered":"<p>Palha\u00e7o Clarck Eles recebem regularmente em muitas an\u00eamonas do mar no aqu\u00e1rio em casa. Clarkii O Peixe-Palha\u00e7o, tamb\u00e9m conhecido como sebae palha\u00e7o, \u00e9 um Clownfish bonito que tem um perfil mais elevado do que a maioria peixe-palha\u00e7o. Caracter\u00edsticas Porte: Pequeno Litragem M\u00ednima: 30 L Alimenta\u00e7\u00e3o: F\u00e1cil Dificuldade: F\u00e1cil Agressivo com outros peixes: M\u00e9dia Agressivo com [&hellip;]<\/p>\n","protected":false},"featured_media":1410786212,"comment_status":"open","ping_status":"closed","template":"","meta":{"googlesitekit_rrm_CAow0N7NCw:productID":"","content-type":"","pmpro_default_level":"","_themeisle_gutenberg_block_has_review":false},"product_brand":[],"product_cat":[192,170,220],"product_tag":[],"class_list":{"0":"post-1410786213","1":"product","2":"type-product","3":"status-publish","4":"has-post-thumbnail","6":"product_cat-clownfish","7":"product_cat-peixes-marinhos","8":"product_cat-todos-os-peixes-de-agua-salgada","9":"product_shipping_class-animais-vivos","10":"pmpro-has-access","12":"first","13":"outofstock","14":"taxable","15":"shipping-taxable","16":"purchasable","17":"product-type-simple"},"_links":{"self":[{"href":"https:\/\/dinhosreef.com\/en\/wp-json\/wp\/v2\/product\/1410786213","targetHints":{"allow":["GET"]}}],"collection":[{"href":"https:\/\/dinhosreef.com\/en\/wp-json\/wp\/v2\/product"}],"about":[{"href":"https:\/\/dinhosreef.com\/en\/wp-json\/wp\/v2\/types\/product"}],"replies":[{"embeddable":true,"href":"https:\/\/dinhosreef.com\/en\/wp-json\/wp\/v2\/comments?post=1410786213"}],"wp:featuredmedia":[{"embeddable":true,"href":"https:\/\/dinhosreef.com\/en\/wp-json\/wp\/v2\/media\/1410786212"}],"wp:attachment":[{"href":"https:\/\/dinhosreef.com\/en\/wp-json\/wp\/v2\/media?parent=1410786213"}],"wp:term":[{"taxonomy":"product_brand","embeddable":true,"href":"https:\/\/dinhosreef.com\/en\/wp-json\/wp\/v2\/product_brand?post=1410786213"},{"taxonomy":"product_cat","embeddable":true,"href":"https:\/\/dinhosreef.com\/en\/wp-json\/wp\/v2\/product_cat?post=1410786213"},{"taxonomy":"product_tag","embeddable":true,"href":"https:\/\/dinhosreef.com\/en\/wp-json\/wp\/v2\/product_tag?post=1410786213"}],"curies":[{"name":"wp","href":"https:\/\/api.w.org\/{rel}","templated":true}]}}