{"id":1410786215,"date":"2025-09-29T12:49:59","date_gmt":"2025-09-29T15:49:59","guid":{"rendered":"https:\/\/dinhosreef.com\/produto\/banggai-cardinal\/"},"modified":"2026-02-19T20:37:07","modified_gmt":"2026-02-19T23:37:07","slug":"banggai-cardinal","status":"publish","type":"product","link":"https:\/\/dinhosreef.com\/en\/product\/banggai-cardinal\/","title":{"rendered":"Banggai Cardinal"},"content":{"rendered":"<p>O cardinalfish de Banggai \u00e9 um pequeno cardinal tropical da fam\u00edlia Apogonidae. \u00c9 o\u00a0<br \/>\u00fanico membro de seu g\u00eanero. Este peixe atraente \u00e9 popular no com\u00e9rcio de aqu\u00e1rios.\u00a0<br \/>Nome cient\u00edfico: Pterapogon kauderni Classifica\u00e7\u00e3o: Esp\u00e9cie Classifica\u00e7\u00e3o superior: \u00a0<br \/>Pterapogon Ordem: Kurtiformes Estado de Conserva\u00e7\u00e3o: Em perigo (Decrescentes) \u00a0<br \/>Caracter\u00edsticas\u00a0<br \/>Porte: Pequeno\u00a0<br \/>Litragem M\u00ednima: 75 L\u00a0<br \/>Alimenta\u00e7\u00e3o: M\u00e9dia\u00a0<br \/>Dificuldade: M\u00e9dia\u00a0<br \/>Agressivo com outros peixes: Baixa\u00a0<br \/>Agressivo com mesmo: N\u00e3o\u00a0<br \/>Come corais: N\u00e3o\u00a0<br \/>Come invertebrados: N\u00e3o<\/p>","protected":false},"excerpt":{"rendered":"<p>O cardinalfish de Banggai \u00e9 um pequeno cardinal tropical da fam\u00edlia Apogonidae. \u00c9 o\u00a0\u00fanico membro de seu g\u00eanero. Este peixe atraente \u00e9 popular no com\u00e9rcio de aqu\u00e1rios.\u00a0Nome cient\u00edfico: Pterapogon kauderni Classifica\u00e7\u00e3o: Esp\u00e9cie Classifica\u00e7\u00e3o superior: \u00a0Pterapogon Ordem: Kurtiformes Estado de Conserva\u00e7\u00e3o: Em perigo (Decrescentes) \u00a0Caracter\u00edsticas\u00a0Porte: Pequeno\u00a0Litragem M\u00ednima: 75 L\u00a0Alimenta\u00e7\u00e3o: M\u00e9dia\u00a0Dificuldade: M\u00e9dia\u00a0Agressivo com outros peixes: Baixa\u00a0Agressivo com [&hellip;]<\/p>\n","protected":false},"featured_media":1410788872,"comment_status":"open","ping_status":"closed","template":"","meta":{"googlesitekit_rrm_CAow0N7NCw:productID":"","content-type":"","pmpro_default_level":"","_themeisle_gutenberg_block_has_review":false},"product_brand":[],"product_cat":[170,191,220],"product_tag":[],"class_list":{"0":"post-1410786215","1":"product","2":"type-product","3":"status-publish","4":"has-post-thumbnail","6":"product_cat-peixes-marinhos","7":"product_cat-cardinal","8":"product_cat-todos-os-peixes-de-agua-salgada","9":"pmpro-has-access","11":"first","12":"outofstock","13":"taxable","14":"shipping-taxable","15":"purchasable","16":"product-type-simple"},"_links":{"self":[{"href":"https:\/\/dinhosreef.com\/en\/wp-json\/wp\/v2\/product\/1410786215","targetHints":{"allow":["GET"]}}],"collection":[{"href":"https:\/\/dinhosreef.com\/en\/wp-json\/wp\/v2\/product"}],"about":[{"href":"https:\/\/dinhosreef.com\/en\/wp-json\/wp\/v2\/types\/product"}],"replies":[{"embeddable":true,"href":"https:\/\/dinhosreef.com\/en\/wp-json\/wp\/v2\/comments?post=1410786215"}],"wp:featuredmedia":[{"embeddable":true,"href":"https:\/\/dinhosreef.com\/en\/wp-json\/wp\/v2\/media\/1410788872"}],"wp:attachment":[{"href":"https:\/\/dinhosreef.com\/en\/wp-json\/wp\/v2\/media?parent=1410786215"}],"wp:term":[{"taxonomy":"product_brand","embeddable":true,"href":"https:\/\/dinhosreef.com\/en\/wp-json\/wp\/v2\/product_brand?post=1410786215"},{"taxonomy":"product_cat","embeddable":true,"href":"https:\/\/dinhosreef.com\/en\/wp-json\/wp\/v2\/product_cat?post=1410786215"},{"taxonomy":"product_tag","embeddable":true,"href":"https:\/\/dinhosreef.com\/en\/wp-json\/wp\/v2\/product_tag?post=1410786215"}],"curies":[{"name":"wp","href":"https:\/\/api.w.org\/{rel}","templated":true}]}}