{"id":1410786245,"date":"2025-10-10T07:19:56","date_gmt":"2025-10-10T10:19:56","guid":{"rendered":"https:\/\/dinhosreef.com\/produto\/arranhador-casa-para-gatos\/"},"modified":"2025-10-10T07:19:56","modified_gmt":"2025-10-10T10:19:56","slug":"arranhador-casa-para-gatos","status":"publish","type":"product","link":"https:\/\/dinhosreef.com\/en\/product\/arranhador-casa-para-gatos\/","title":{"rendered":"ARRANHADOR CASA PARA GATOS"},"content":{"rendered":"<p>Seu gatinho vai se apaixonar por este produto e voc\u00ea tamb\u00e9m! A casinha \u00e9 muito acolhedora pode se tornar o ref\u00fagio perfeito para o seu gato descansar e se sentir protegido, acompanhando ele desde filhote at\u00e9 a vida adulta. Lembre-se de que arranhar \u00e9 um comportamento natural dos gatos e contribui para o bem-estar deles. Al\u00e9m de promover brincadeiras interativas, proporcionando uma melhor qualidade de vida aos nossos gatos, o arranhador tamb\u00e9m te ajuda a proteger os seus m\u00f3veis.<\/p>\n<p>MEDIDAS<br \/>&#8211; Produto montado<br \/>A 84cm x L 34cm x C 61cm<\/p>\n<p>&#8211; Porta<br \/>Aproximadamente 19cm de di\u00e2metro<\/p>\n<p>NESTE PACOTE VOC\u00ca RECEBE<br \/>&#8211; 3 tubos de sisal 40cm<br \/>&#8211; 1 tubo de pel\u00facia com mola &#8211; 10cm<br \/>&#8211; 1 tubo de sisal com bolinha \u2013 40cm<br \/>&#8211; 4 parafusos tipo PHS &#8211; 1\/4 x 2 1\/4<br \/>&#8211; Casinha \u2013 A 33cm x L 31cm x C 34cm<br \/>&#8211; 2 Bases \u2013 L 31cm x C 61cm<br \/>&#8211; Rede de pel\u00facia estruturada \u2013 42cm x 34cm<\/p>\n<p>ATEN\u00c7\u00c3O<br \/>Devido ao transporte, o produto n\u00e3o ser\u00e1 entregue montado. No entanto, a montagem \u00e9 muito simples: voc\u00ea s\u00f3 precisa encaixar os tubos nos parafusos e prender a rede. Fornecemos um tutorial detalhado e um folheto com instru\u00e7\u00f5es de montagem juntamente ao produto. Se ainda tiver d\u00favidas sobre como montar a casinha, entre em contato conosco atrav\u00e9s do campo de mensagens em sua compra.<\/p>\n<p>MATERIAL UTILIZADO<br \/>&#8211; Forros e acabamentos &#8211; Tecido de pel\u00facia de alta qualidade, brilhante e macia (pelo 12mm)<br \/>&#8211; Estrutura de Madeira MDF<br \/>&#8211; Canos de Polipropileno At\u00f3xico &#8211; 5cm de di\u00e2metro<br \/>&#8211; Arranhadores feitos com corda de sisal natural<\/p>\n<p>PERGUNTAS FREQUENTES<br \/>&#8211; A casinha serve para gatos filhotes e adultos?<br \/>Sim! Realizamos testes com gatos que pesavam entre 5 a 6 kg e notamos que eles utilizam o espa\u00e7o com tranquilidade. No entanto, \u00e9 importante ressaltar que o comportamento e os h\u00e1bitos individuais do seu gato podem influenciar nesse aspecto. Para garantir que o tamanho da casinha seja adequado para o seu gato, verifique as medidas fornecidas no an\u00fancio.<\/p>\n<p>&#8211; Qual o material dos arranhadores? Sisal ou Juta?<br \/>Os arranhadores s\u00e3o todos feitos com corda de sisal natural, bem mais resistente aos arranh\u00f5es do que a juta.<\/p>\n<p>&#8211; Como funcionam as entregas?<br \/>Utilizamos apenas as transportadoras do Mercado Livre. O prazo \u00e9 estipulado pela pr\u00f3pria plataforma, de acordo com o seu CEP, e voc\u00ea pode simular o prazo de entrega diretamente no an\u00fancio. Para compras realizadas at\u00e9 \u00e0s 13h, o envio do produto \u00e9 feito no mesmo dia.<\/p>\n<p>&#8211; Como acostumar os gatos com o arranhador?<br \/>Se o seu gato for filhote, \u00e9 essencial acostum\u00e1-lo desde o in\u00edcio a utilizar o arranhador. J\u00e1 para os gatos adultos podem se acostumar gradualmente com o arranhador, especialmente se voc\u00ea coloc\u00e1-lo perto de onde eles j\u00e1 est\u00e3o acostumados a arranhar.<\/p>\n<p>Garantia do vendedor: 2 meses<\/p>","protected":false},"excerpt":{"rendered":"<p>Seu gatinho vai se apaixonar por este produto e voc\u00ea tamb\u00e9m! A casinha \u00e9 muito acolhedora pode se tornar o ref\u00fagio perfeito para o seu gato descansar e se sentir protegido, acompanhando ele desde filhote at\u00e9 a vida adulta. Lembre-se de que arranhar \u00e9 um comportamento natural dos gatos e contribui para o bem-estar deles. [&hellip;]<\/p>\n","protected":false},"featured_media":1410786243,"comment_status":"open","ping_status":"closed","template":"","meta":{"googlesitekit_rrm_CAow0N7NCw:productID":"","content-type":"","pmpro_default_level":"","_themeisle_gutenberg_block_has_review":false},"product_brand":[],"product_cat":[362],"product_tag":[],"class_list":{"0":"post-1410786245","1":"product","2":"type-product","3":"status-publish","4":"has-post-thumbnail","6":"product_cat-arranhador-gato","7":"aux-has-gallery","8":"pmpro-has-access","10":"first","11":"instock","12":"taxable","13":"shipping-taxable","14":"purchasable","15":"product-type-simple"},"_links":{"self":[{"href":"https:\/\/dinhosreef.com\/en\/wp-json\/wp\/v2\/product\/1410786245","targetHints":{"allow":["GET"]}}],"collection":[{"href":"https:\/\/dinhosreef.com\/en\/wp-json\/wp\/v2\/product"}],"about":[{"href":"https:\/\/dinhosreef.com\/en\/wp-json\/wp\/v2\/types\/product"}],"replies":[{"embeddable":true,"href":"https:\/\/dinhosreef.com\/en\/wp-json\/wp\/v2\/comments?post=1410786245"}],"wp:featuredmedia":[{"embeddable":true,"href":"https:\/\/dinhosreef.com\/en\/wp-json\/wp\/v2\/media\/1410786243"}],"wp:attachment":[{"href":"https:\/\/dinhosreef.com\/en\/wp-json\/wp\/v2\/media?parent=1410786245"}],"wp:term":[{"taxonomy":"product_brand","embeddable":true,"href":"https:\/\/dinhosreef.com\/en\/wp-json\/wp\/v2\/product_brand?post=1410786245"},{"taxonomy":"product_cat","embeddable":true,"href":"https:\/\/dinhosreef.com\/en\/wp-json\/wp\/v2\/product_cat?post=1410786245"},{"taxonomy":"product_tag","embeddable":true,"href":"https:\/\/dinhosreef.com\/en\/wp-json\/wp\/v2\/product_tag?post=1410786245"}],"curies":[{"name":"wp","href":"https:\/\/api.w.org\/{rel}","templated":true}]}}