{"id":1410786251,"date":"2025-10-17T13:11:50","date_gmt":"2025-10-17T16:11:50","guid":{"rendered":"https:\/\/dinhosreef.com\/produto\/nanno-paste-30g-aqua-smart-alimento-congelado-para-corais\/"},"modified":"2026-03-22T21:28:23","modified_gmt":"2026-03-23T00:28:23","slug":"nanno-paste-30g-aqua-smart-alimento-congelado-para-corais","status":"publish","type":"product","link":"https:\/\/dinhosreef.com\/en\/product\/nanno-paste-30g-aqua-smart-alimento-congelado-para-corais\/","title":{"rendered":"Nanno Paste 30g Aqua Smart Alimento Congelado Para Corais"},"content":{"rendered":"<p>O PRODUTO AGUENTA 12 DIAS LONGE DE REFRIGERAMENTO<\/p>\n<p><strong><strong data-start=\"3\" data-end=\"15\">Aten\u00e7\u00e3o:<\/strong> verifique o prazo de entrega antes de finalizar sua compra.<\/strong><\/p>\n<p>NannoPaste<\/p>\n<p>NannoPaste \u00e9 um concentrado de microalgas natural em pasta. Extremamente rica nutricionalmente, cont\u00e9m mais de 15 tipos de \u00e1cidos graxos diferentes, incluindo Omega 3 e 6, D.H.A e U.F.A. \u00c9 o alimento principal de milhares de invertebrados marinhos, tais como corais duros e moles, an\u00eamonas, gorg\u00f4nias, tridacnas, camar\u00f5es, ostras e at\u00e9 poliquetas se alimentam da NannoPaste. Fonte de alimento essencial para o cultivo de muitas esp\u00e9cies de pl\u00e2ncton, como rot\u00edferos, cop\u00e9podos, art\u00eamias, daphnias, branchonetas e muitos outros. Basta diluir uma medida de NannoPaste em um copo de 200ml para obter uma alta concentra\u00e7\u00e3o de microalgas para adicionar em seu aqu\u00e1rio ou tanque de cria\u00e7\u00e3o.<\/p>\n<p>O que \u00e9: Microalga in natura, sem conservantes.<\/p>\n<p>Quem come: Todos os tipos de corais, an\u00eamonas, gorg\u00f4nias, tridacnas, poliquetas, rot\u00edferos, cop\u00e9podos, art\u00eamias, daphnias, branchonetas, camar\u00f5es entre outros.<\/p>\n<p>Como utilizar: Retirar do freezer, aguardar de 2-5 minutos para descongelar. Pegar com um utens\u00edlio dentro do pote e diluir em um copo na \u00e1gua do pr\u00f3prio aqu\u00e1rio, misturar at\u00e9 ficar um tom de verde homog\u00eaneo e adicionar ao aqu\u00e1rio ou ao tanque de cultivo. (1g para 200 litros de \u00e1gua)<\/p>\n<p>Porque oferecer como alimento: Porque \u00e9 muito nutritivo, fresco, n\u00e3o possui conservantes.<\/p>\n<p>Como deve ser armazenado: No Freezer, manter congelado -4 graus<\/p>\n<p>Validade: 12 meses ap\u00f3s a abertura.<\/p>","protected":false},"excerpt":{"rendered":"<p>O PRODUTO AGUENTA 12 DIAS LONGE DE REFRIGERAMENTO Aten\u00e7\u00e3o: verifique o prazo de entrega antes de finalizar sua compra. NannoPaste NannoPaste \u00e9 um concentrado de microalgas natural em pasta. Extremamente rica nutricionalmente, cont\u00e9m mais de 15 tipos de \u00e1cidos graxos diferentes, incluindo Omega 3 e 6, D.H.A e U.F.A. \u00c9 o alimento principal de milhares [&hellip;]<\/p>\n","protected":false},"featured_media":1410787712,"comment_status":"open","ping_status":"closed","template":"","meta":{"googlesitekit_rrm_CAow0N7NCw:productID":"","content-type":"","pmpro_default_level":"","_themeisle_gutenberg_block_has_review":false},"product_brand":[393],"product_cat":[359],"product_tag":[],"class_list":{"0":"post-1410786251","1":"product","2":"type-product","3":"status-publish","4":"has-post-thumbnail","6":"product_brand-aquasmart","7":"product_cat-racao-racao","8":"product_shipping_class-alimentos-congelados","9":"pmpro-has-access","11":"first","12":"outofstock","13":"taxable","14":"shipping-taxable","15":"purchasable","16":"product-type-simple"},"_links":{"self":[{"href":"https:\/\/dinhosreef.com\/en\/wp-json\/wp\/v2\/product\/1410786251","targetHints":{"allow":["GET"]}}],"collection":[{"href":"https:\/\/dinhosreef.com\/en\/wp-json\/wp\/v2\/product"}],"about":[{"href":"https:\/\/dinhosreef.com\/en\/wp-json\/wp\/v2\/types\/product"}],"replies":[{"embeddable":true,"href":"https:\/\/dinhosreef.com\/en\/wp-json\/wp\/v2\/comments?post=1410786251"}],"wp:featuredmedia":[{"embeddable":true,"href":"https:\/\/dinhosreef.com\/en\/wp-json\/wp\/v2\/media\/1410787712"}],"wp:attachment":[{"href":"https:\/\/dinhosreef.com\/en\/wp-json\/wp\/v2\/media?parent=1410786251"}],"wp:term":[{"taxonomy":"product_brand","embeddable":true,"href":"https:\/\/dinhosreef.com\/en\/wp-json\/wp\/v2\/product_brand?post=1410786251"},{"taxonomy":"product_cat","embeddable":true,"href":"https:\/\/dinhosreef.com\/en\/wp-json\/wp\/v2\/product_cat?post=1410786251"},{"taxonomy":"product_tag","embeddable":true,"href":"https:\/\/dinhosreef.com\/en\/wp-json\/wp\/v2\/product_tag?post=1410786251"}],"curies":[{"name":"wp","href":"https:\/\/api.w.org\/{rel}","templated":true}]}}