{"id":1410786253,"date":"2025-10-18T08:50:04","date_gmt":"2025-10-18T11:50:04","guid":{"rendered":"https:\/\/dinhosreef.com\/produto\/racao-bionatural-gatos-cast-salmao-75kg\/"},"modified":"2026-04-18T11:37:16","modified_gmt":"2026-04-18T14:37:16","slug":"racao-bionatural-gatos-cast-salmao-75kg","status":"publish","type":"product","link":"https:\/\/dinhosreef.com\/en\/product\/racao-bionatural-gatos-cast-salmao-75kg\/","title":{"rendered":"RA\u00c7\u00c3O BIONATURAL GATOS CAST SALMAO 7,5KG"},"content":{"rendered":"<ul class=\"a-unordered-list a-vertical a-spacing-mini\">\n<li class=\"a-spacing-mini\"><span class=\"a-list-item\">Com baixo teor cal\u00f3rico e alto valor nutritivo, a ra\u00e7\u00e3o auxilia na manuten\u00e7\u00e3o de um peso saud\u00e1vel, algo crucial ap\u00f3s a castra\u00e7\u00e3o, quando o metabolismo tende a desacelerar e o risco de obesidade aumenta.<\/span><\/li>\n<li class=\"a-spacing-mini\"><span class=\"a-list-item\">O salm\u00e3o \u00e9 uma excelente fonte de prote\u00edna de f\u00e1cil digest\u00e3o, contribuindo para a manuten\u00e7\u00e3o da massa muscular magra, essencial para o gato castrado.<\/span><\/li>\n<li class=\"a-spacing-mini\"><span class=\"a-list-item\">Os \u00f4megas presentes na ra\u00e7\u00e3o s\u00e3o fundamentais para a sa\u00fade da pele e pelagem, promovendo uma pelagem mais brilhante e saud\u00e1vel.<\/span><\/li>\n<li class=\"a-spacing-mini\"><span class=\"a-list-item\">F\u00f3rmula balanceada com controle de minerais para promover a sa\u00fade do trato urin\u00e1rio e prevenir a forma\u00e7\u00e3o de cristais e pedras nos rins e bexiga.<\/span><\/li>\n<li class=\"a-spacing-mini\"><span class=\"a-list-item\">Cont\u00e9m fibras naturais e prebi\u00f3ticos que ajudam na digest\u00e3o, favorecendo uma flora intestinal saud\u00e1vel e ajudando na forma\u00e7\u00e3o de fezes consistentes.<\/span><\/li>\n<\/ul>","protected":false},"excerpt":{"rendered":"<p>Com baixo teor cal\u00f3rico e alto valor nutritivo, a ra\u00e7\u00e3o auxilia na manuten\u00e7\u00e3o de um peso saud\u00e1vel, algo crucial ap\u00f3s a castra\u00e7\u00e3o, quando o metabolismo tende a desacelerar e o risco de obesidade aumenta. O salm\u00e3o \u00e9 uma excelente fonte de prote\u00edna de f\u00e1cil digest\u00e3o, contribuindo para a manuten\u00e7\u00e3o da massa muscular magra, essencial para [&hellip;]<\/p>\n","protected":false},"featured_media":1410786252,"comment_status":"open","ping_status":"closed","template":"","meta":{"googlesitekit_rrm_CAow0N7NCw:productID":"","content-type":"","pmpro_default_level":"","_themeisle_gutenberg_block_has_review":false},"product_brand":[],"product_cat":[256],"product_tag":[],"class_list":{"0":"post-1410786253","1":"product","2":"type-product","3":"status-publish","4":"has-post-thumbnail","6":"product_cat-racoes","7":"pmpro-has-access","9":"first","10":"outofstock","11":"taxable","12":"shipping-taxable","13":"purchasable","14":"product-type-simple"},"_links":{"self":[{"href":"https:\/\/dinhosreef.com\/en\/wp-json\/wp\/v2\/product\/1410786253","targetHints":{"allow":["GET"]}}],"collection":[{"href":"https:\/\/dinhosreef.com\/en\/wp-json\/wp\/v2\/product"}],"about":[{"href":"https:\/\/dinhosreef.com\/en\/wp-json\/wp\/v2\/types\/product"}],"replies":[{"embeddable":true,"href":"https:\/\/dinhosreef.com\/en\/wp-json\/wp\/v2\/comments?post=1410786253"}],"wp:featuredmedia":[{"embeddable":true,"href":"https:\/\/dinhosreef.com\/en\/wp-json\/wp\/v2\/media\/1410786252"}],"wp:attachment":[{"href":"https:\/\/dinhosreef.com\/en\/wp-json\/wp\/v2\/media?parent=1410786253"}],"wp:term":[{"taxonomy":"product_brand","embeddable":true,"href":"https:\/\/dinhosreef.com\/en\/wp-json\/wp\/v2\/product_brand?post=1410786253"},{"taxonomy":"product_cat","embeddable":true,"href":"https:\/\/dinhosreef.com\/en\/wp-json\/wp\/v2\/product_cat?post=1410786253"},{"taxonomy":"product_tag","embeddable":true,"href":"https:\/\/dinhosreef.com\/en\/wp-json\/wp\/v2\/product_tag?post=1410786253"}],"curies":[{"name":"wp","href":"https:\/\/api.w.org\/{rel}","templated":true}]}}