{"id":1410786255,"date":"2025-10-18T08:50:11","date_gmt":"2025-10-18T11:50:11","guid":{"rendered":"https:\/\/dinhosreef.com\/produto\/racao-bionatural-gatos-cast-frango-75kg\/"},"modified":"2025-12-15T18:06:25","modified_gmt":"2025-12-15T21:06:25","slug":"racao-bionatural-gatos-cast-frango-75kg","status":"publish","type":"product","link":"https:\/\/dinhosreef.com\/en\/product\/racao-bionatural-gatos-cast-frango-75kg\/","title":{"rendered":"RA\u00c7A\u00d5 BIONATURAL GATOS CAST FRANGO 7,5KG"},"content":{"rendered":"<h3 data-start=\"149\" data-end=\"209\"><strong data-start=\"153\" data-end=\"209\">Ra\u00e7\u00e3o Bionatural para Gatos Castrados Frango \u2013 7,5kg<\/strong><\/h3>\n<p data-start=\"211\" data-end=\"515\">D\u00ea ao seu gato castrado uma alimenta\u00e7\u00e3o equilibrada, saud\u00e1vel e irresist\u00edvel com a <strong data-start=\"294\" data-end=\"337\">Ra\u00e7\u00e3o Bionatural Gatos Castrados Frango<\/strong>! Desenvolvida especialmente para atender \u00e0s necessidades dos felinos ap\u00f3s a castra\u00e7\u00e3o, essa ra\u00e7\u00e3o oferece uma combina\u00e7\u00e3o perfeita de <strong data-start=\"471\" data-end=\"514\">nutrientes, sabor e cuidado com a sa\u00fade<\/strong>.<\/p>\n<h4 data-start=\"517\" data-end=\"550\"><strong data-start=\"524\" data-end=\"550\">Benef\u00edcios principais:<\/strong><\/h4>\n<ul data-start=\"551\" data-end=\"1026\">\n<li data-start=\"551\" data-end=\"663\">\n<p data-start=\"553\" data-end=\"663\"><strong data-start=\"553\" data-end=\"590\">Frango como ingrediente principal<\/strong>: prote\u00edna de alta qualidade que auxilia na manuten\u00e7\u00e3o da massa muscular.<\/p>\n<\/li>\n<li data-start=\"664\" data-end=\"771\">\n<p data-start=\"666\" data-end=\"771\"><strong data-start=\"666\" data-end=\"686\">Controle de peso<\/strong>: f\u00f3rmula com calorias reduzidas e rica em fibras para ajudar no controle do apetite.<\/p>\n<\/li>\n<li data-start=\"772\" data-end=\"867\">\n<p data-start=\"774\" data-end=\"867\"><strong data-start=\"774\" data-end=\"792\">Sa\u00fade urin\u00e1ria<\/strong>: com minerais balanceados que auxiliam na preven\u00e7\u00e3o de c\u00e1lculos urin\u00e1rios.<\/p>\n<\/li>\n<li data-start=\"868\" data-end=\"935\">\n<p data-start=\"870\" data-end=\"935\"><strong data-start=\"870\" data-end=\"894\">Rica em \u00f4megas 3 e 6<\/strong>: promove pelagem sedosa e pele saud\u00e1vel.<\/p>\n<\/li>\n<li data-start=\"936\" data-end=\"1026\">\n<p data-start=\"938\" data-end=\"1026\"><strong data-start=\"938\" data-end=\"982\">Sem corantes ou conservantes artificiais<\/strong>: mais natural para o dia a dia do seu gato.<\/p>\n<\/li>\n<\/ul>\n<h4 data-start=\"1028\" data-end=\"1050\"><strong data-start=\"1036\" data-end=\"1050\">Indica\u00e7\u00e3o:<\/strong><\/h4>\n<p data-start=\"1051\" data-end=\"1133\">Alimento completo e balanceado para <strong data-start=\"1087\" data-end=\"1114\">gatos adultos castrados<\/strong> de todas as ra\u00e7as.<\/p>","protected":false},"excerpt":{"rendered":"<p>Ra\u00e7\u00e3o Bionatural para Gatos Castrados Frango \u2013 7,5kg D\u00ea ao seu gato castrado uma alimenta\u00e7\u00e3o equilibrada, saud\u00e1vel e irresist\u00edvel com a Ra\u00e7\u00e3o Bionatural Gatos Castrados Frango! Desenvolvida especialmente para atender \u00e0s necessidades dos felinos ap\u00f3s a castra\u00e7\u00e3o, essa ra\u00e7\u00e3o oferece uma combina\u00e7\u00e3o perfeita de nutrientes, sabor e cuidado com a sa\u00fade. Benef\u00edcios principais: Frango como [&hellip;]<\/p>\n","protected":false},"featured_media":1410786254,"comment_status":"open","ping_status":"closed","template":"","meta":{"googlesitekit_rrm_CAow0N7NCw:productID":"","content-type":"","pmpro_default_level":"","_themeisle_gutenberg_block_has_review":false},"product_brand":[],"product_cat":[256],"product_tag":[],"class_list":{"0":"post-1410786255","1":"product","2":"type-product","3":"status-publish","4":"has-post-thumbnail","6":"product_cat-racoes","7":"pmpro-has-access","9":"first","10":"outofstock","11":"taxable","12":"shipping-taxable","13":"purchasable","14":"product-type-simple"},"_links":{"self":[{"href":"https:\/\/dinhosreef.com\/en\/wp-json\/wp\/v2\/product\/1410786255","targetHints":{"allow":["GET"]}}],"collection":[{"href":"https:\/\/dinhosreef.com\/en\/wp-json\/wp\/v2\/product"}],"about":[{"href":"https:\/\/dinhosreef.com\/en\/wp-json\/wp\/v2\/types\/product"}],"replies":[{"embeddable":true,"href":"https:\/\/dinhosreef.com\/en\/wp-json\/wp\/v2\/comments?post=1410786255"}],"wp:featuredmedia":[{"embeddable":true,"href":"https:\/\/dinhosreef.com\/en\/wp-json\/wp\/v2\/media\/1410786254"}],"wp:attachment":[{"href":"https:\/\/dinhosreef.com\/en\/wp-json\/wp\/v2\/media?parent=1410786255"}],"wp:term":[{"taxonomy":"product_brand","embeddable":true,"href":"https:\/\/dinhosreef.com\/en\/wp-json\/wp\/v2\/product_brand?post=1410786255"},{"taxonomy":"product_cat","embeddable":true,"href":"https:\/\/dinhosreef.com\/en\/wp-json\/wp\/v2\/product_cat?post=1410786255"},{"taxonomy":"product_tag","embeddable":true,"href":"https:\/\/dinhosreef.com\/en\/wp-json\/wp\/v2\/product_tag?post=1410786255"}],"curies":[{"name":"wp","href":"https:\/\/api.w.org\/{rel}","templated":true}]}}