{"id":1410786259,"date":"2025-10-18T08:50:20","date_gmt":"2025-10-18T11:50:20","guid":{"rendered":"https:\/\/dinhosreef.com\/produto\/racao-bionatural-sensitive-caes-rp-adultos-101-kg\/"},"modified":"2025-11-10T23:16:12","modified_gmt":"2025-11-11T02:16:12","slug":"racao-bionatural-sensitive-caes-rp-adultos-101-kg","status":"publish","type":"product","link":"https:\/\/dinhosreef.com\/en\/product\/racao-bionatural-sensitive-caes-rp-adultos-101-kg\/","title":{"rendered":"RA\u00c7\u00c3O BIONATURAL SENSITIVE CAES RP ADULTOS 10,1 KG"},"content":{"rendered":"<h3 data-start=\"229\" data-end=\"306\"><strong data-start=\"233\" data-end=\"306\">Ra\u00e7\u00e3o Bionatural Sensitive para C\u00e3es Adultos Ra\u00e7as Pequenas \u2013 10,1 kg<\/strong><\/h3>\n<p data-start=\"308\" data-end=\"665\">A <strong data-start=\"310\" data-end=\"362\">Bionatural Sensitive C\u00e3es Adultos Ra\u00e7as Pequenas<\/strong> \u00e9 uma ra\u00e7\u00e3o <strong data-start=\"375\" data-end=\"395\">premium especial<\/strong>, desenvolvida para c\u00e3es adultos com <strong data-start=\"432\" data-end=\"459\">sensibilidade alimentar<\/strong> ou digestiva. Com ingredientes <strong data-start=\"491\" data-end=\"503\">naturais<\/strong>, sem corantes artificiais e com <strong data-start=\"536\" data-end=\"572\">prote\u00edna de alta digestibilidade<\/strong>, ela garante uma nutri\u00e7\u00e3o equilibrada, sabor irresist\u00edvel e o bem-estar do seu melhor amigo.<\/p>\n<h4 data-start=\"667\" data-end=\"698\"><strong data-start=\"672\" data-end=\"698\">Principais Benef\u00edcios:<\/strong><\/h4>\n<ul data-start=\"699\" data-end=\"1108\">\n<li data-start=\"699\" data-end=\"764\">\n<p data-start=\"701\" data-end=\"764\"><strong data-start=\"704\" data-end=\"764\">Ideal para c\u00e3es com sensibilidade digestiva ou alimentar<\/strong><\/p>\n<\/li>\n<li data-start=\"765\" data-end=\"837\">\n<p data-start=\"767\" data-end=\"837\"><strong data-start=\"770\" data-end=\"795\">Ingredientes naturais<\/strong>: sem corantes ou conservantes artificiais<\/p>\n<\/li>\n<li data-start=\"838\" data-end=\"894\">\n<p data-start=\"840\" data-end=\"894\"><strong data-start=\"843\" data-end=\"863\">Prote\u00ednas nobres<\/strong>: f\u00e1cil digest\u00e3o e mais energia<\/p>\n<\/li>\n<li data-start=\"895\" data-end=\"962\">\n<p data-start=\"897\" data-end=\"962\"><strong data-start=\"900\" data-end=\"923\">Pelagem mais bonita<\/strong> e pele saud\u00e1vel, gra\u00e7as ao \u00f4mega 3 e 6<\/p>\n<\/li>\n<li data-start=\"963\" data-end=\"1028\">\n<p data-start=\"965\" data-end=\"1028\"><strong data-start=\"968\" data-end=\"983\">Sa\u00fade bucal<\/strong>: gr\u00e3os adaptados para c\u00e3es de ra\u00e7as pequenas<\/p>\n<\/li>\n<li data-start=\"1029\" data-end=\"1108\">\n<p data-start=\"1031\" data-end=\"1108\"><strong data-start=\"1034\" data-end=\"1069\">Sistema imunol\u00f3gico fortalecido<\/strong> com vitaminas e antioxidantes naturais<\/p>\n<\/li>\n<\/ul>\n<h4 data-start=\"1110\" data-end=\"1129\"><strong data-start=\"1115\" data-end=\"1129\">Indica\u00e7\u00e3o:<\/strong><\/h4>\n<p data-start=\"1130\" data-end=\"1251\">Para c\u00e3es adultos de <strong data-start=\"1151\" data-end=\"1169\">ra\u00e7as pequenas<\/strong>, com necessidades alimentares espec\u00edficas ou sensibilidade a certos ingredientes.<\/p>\n<h4 data-start=\"1253\" data-end=\"1280\"><strong data-start=\"1258\" data-end=\"1280\">Peso da Embalagem:<\/strong><\/h4>\n<p data-start=\"1281\" data-end=\"1291\">\u00a010,1 kg<\/p>","protected":false},"excerpt":{"rendered":"<p>Ra\u00e7\u00e3o Bionatural Sensitive para C\u00e3es Adultos Ra\u00e7as Pequenas \u2013 10,1 kg A Bionatural Sensitive C\u00e3es Adultos Ra\u00e7as Pequenas \u00e9 uma ra\u00e7\u00e3o premium especial, desenvolvida para c\u00e3es adultos com sensibilidade alimentar ou digestiva. Com ingredientes naturais, sem corantes artificiais e com prote\u00edna de alta digestibilidade, ela garante uma nutri\u00e7\u00e3o equilibrada, sabor irresist\u00edvel e o bem-estar do [&hellip;]<\/p>\n","protected":false},"featured_media":1410786258,"comment_status":"open","ping_status":"closed","template":"","meta":{"googlesitekit_rrm_CAow0N7NCw:productID":"","content-type":"","pmpro_default_level":"","_themeisle_gutenberg_block_has_review":false},"product_brand":[],"product_cat":[259],"product_tag":[],"class_list":{"0":"post-1410786259","1":"product","2":"type-product","3":"status-publish","4":"has-post-thumbnail","6":"product_cat-racoes-alimento-petisco-e-suplemento-caes","7":"pmpro-has-access","9":"first","10":"outofstock","11":"taxable","12":"shipping-taxable","13":"purchasable","14":"product-type-simple"},"_links":{"self":[{"href":"https:\/\/dinhosreef.com\/en\/wp-json\/wp\/v2\/product\/1410786259","targetHints":{"allow":["GET"]}}],"collection":[{"href":"https:\/\/dinhosreef.com\/en\/wp-json\/wp\/v2\/product"}],"about":[{"href":"https:\/\/dinhosreef.com\/en\/wp-json\/wp\/v2\/types\/product"}],"replies":[{"embeddable":true,"href":"https:\/\/dinhosreef.com\/en\/wp-json\/wp\/v2\/comments?post=1410786259"}],"wp:featuredmedia":[{"embeddable":true,"href":"https:\/\/dinhosreef.com\/en\/wp-json\/wp\/v2\/media\/1410786258"}],"wp:attachment":[{"href":"https:\/\/dinhosreef.com\/en\/wp-json\/wp\/v2\/media?parent=1410786259"}],"wp:term":[{"taxonomy":"product_brand","embeddable":true,"href":"https:\/\/dinhosreef.com\/en\/wp-json\/wp\/v2\/product_brand?post=1410786259"},{"taxonomy":"product_cat","embeddable":true,"href":"https:\/\/dinhosreef.com\/en\/wp-json\/wp\/v2\/product_cat?post=1410786259"},{"taxonomy":"product_tag","embeddable":true,"href":"https:\/\/dinhosreef.com\/en\/wp-json\/wp\/v2\/product_tag?post=1410786259"}],"curies":[{"name":"wp","href":"https:\/\/api.w.org\/{rel}","templated":true}]}}