{"id":1410786261,"date":"2025-10-18T08:50:23","date_gmt":"2025-10-18T11:50:23","guid":{"rendered":"https:\/\/dinhosreef.com\/produto\/racao-bionatural-caes-rp-sen-7-frango-101kg\/"},"modified":"2026-01-08T11:06:42","modified_gmt":"2026-01-08T14:06:42","slug":"racao-bionatural-caes-rp-sen-7-frango-101kg","status":"publish","type":"product","link":"https:\/\/dinhosreef.com\/en\/product\/racao-bionatural-caes-rp-sen-7-frango-101kg\/","title":{"rendered":"RA\u00c7\u00c2O BIONATURAL CAES RP SEN 7+ FRANGO 10,1KG"},"content":{"rendered":"<h3 data-start=\"150\" data-end=\"210\"><strong data-start=\"154\" data-end=\"210\">Ra\u00e7\u00e3o Bionatural para C\u00e3es S\u00eanior 7+ Frango \u2013 10,1kg<\/strong><\/h3>\n<p data-start=\"212\" data-end=\"541\">Cuide da sa\u00fade e longevidade do seu melhor amigo com a <strong data-start=\"267\" data-end=\"309\">Ra\u00e7\u00e3o Bionatural C\u00e3es S\u00eanior 7+ Frango<\/strong>! Especialmente formulada para c\u00e3es com mais de 7 anos, essa ra\u00e7\u00e3o oferece uma alimenta\u00e7\u00e3o <strong data-start=\"400\" data-end=\"435\">natural, equilibrada e saborosa<\/strong>, com ingredientes selecionados para atender as necessidades nutricionais dos pets na fase s\u00eanior da vida.<\/p>\n<h4 data-start=\"543\" data-end=\"576\"><strong data-start=\"550\" data-end=\"576\">Principais Benef\u00edcios:<\/strong><\/h4>\n<ul data-start=\"577\" data-end=\"928\">\n<li data-start=\"577\" data-end=\"675\">\n<p data-start=\"579\" data-end=\"675\"><strong data-start=\"579\" data-end=\"615\">Frango como primeiro ingrediente<\/strong>: prote\u00edna de alta qualidade que promove m\u00fasculos saud\u00e1veis.<\/p>\n<\/li>\n<li data-start=\"676\" data-end=\"757\">\n<p data-start=\"678\" data-end=\"757\"><strong data-start=\"678\" data-end=\"705\">Rica em fibras naturais<\/strong>: auxilia na digest\u00e3o e no funcionamento intestinal.<\/p>\n<\/li>\n<li data-start=\"758\" data-end=\"826\">\n<p data-start=\"760\" data-end=\"826\"><strong data-start=\"760\" data-end=\"793\">Com condroitina e glicosamina<\/strong>: apoio \u00e0 sa\u00fade das articula\u00e7\u00f5es.<\/p>\n<\/li>\n<li data-start=\"827\" data-end=\"880\">\n<p data-start=\"829\" data-end=\"880\"><strong data-start=\"829\" data-end=\"845\">\u00d4megas 3 e 6<\/strong>: pele saud\u00e1vel e pelos brilhantes.<\/p>\n<\/li>\n<li data-start=\"881\" data-end=\"928\">\n<p data-start=\"883\" data-end=\"928\"><strong data-start=\"883\" data-end=\"927\">Sem corantes ou conservantes artificiais<\/strong>.<\/p>\n<\/li>\n<\/ul>\n<h4 data-start=\"930\" data-end=\"952\"><strong data-start=\"938\" data-end=\"952\">Indica\u00e7\u00e3o:<\/strong><\/h4>\n<p data-start=\"953\" data-end=\"1048\">Alimento completo indicado para <strong data-start=\"985\" data-end=\"1020\">c\u00e3es adultos a partir de 7 anos<\/strong>, de ra\u00e7as m\u00e9dias e grandes.<\/p>\n<h4 data-start=\"1050\" data-end=\"1069\"><strong data-start=\"1058\" data-end=\"1067\">Peso:<\/strong><\/h4>\n<p data-start=\"1070\" data-end=\"1077\">10,1 kg<\/p>","protected":false},"excerpt":{"rendered":"<p>Ra\u00e7\u00e3o Bionatural para C\u00e3es S\u00eanior 7+ Frango \u2013 10,1kg Cuide da sa\u00fade e longevidade do seu melhor amigo com a Ra\u00e7\u00e3o Bionatural C\u00e3es S\u00eanior 7+ Frango! Especialmente formulada para c\u00e3es com mais de 7 anos, essa ra\u00e7\u00e3o oferece uma alimenta\u00e7\u00e3o natural, equilibrada e saborosa, com ingredientes selecionados para atender as necessidades nutricionais dos pets na [&hellip;]<\/p>\n","protected":false},"featured_media":1410786260,"comment_status":"open","ping_status":"closed","template":"","meta":{"googlesitekit_rrm_CAow0N7NCw:productID":"","content-type":"","pmpro_default_level":"","_themeisle_gutenberg_block_has_review":false},"product_brand":[],"product_cat":[259],"product_tag":[],"class_list":{"0":"post-1410786261","1":"product","2":"type-product","3":"status-publish","4":"has-post-thumbnail","6":"product_cat-racoes-alimento-petisco-e-suplemento-caes","7":"pmpro-has-access","9":"first","10":"outofstock","11":"taxable","12":"shipping-taxable","13":"purchasable","14":"product-type-simple"},"_links":{"self":[{"href":"https:\/\/dinhosreef.com\/en\/wp-json\/wp\/v2\/product\/1410786261","targetHints":{"allow":["GET"]}}],"collection":[{"href":"https:\/\/dinhosreef.com\/en\/wp-json\/wp\/v2\/product"}],"about":[{"href":"https:\/\/dinhosreef.com\/en\/wp-json\/wp\/v2\/types\/product"}],"replies":[{"embeddable":true,"href":"https:\/\/dinhosreef.com\/en\/wp-json\/wp\/v2\/comments?post=1410786261"}],"wp:featuredmedia":[{"embeddable":true,"href":"https:\/\/dinhosreef.com\/en\/wp-json\/wp\/v2\/media\/1410786260"}],"wp:attachment":[{"href":"https:\/\/dinhosreef.com\/en\/wp-json\/wp\/v2\/media?parent=1410786261"}],"wp:term":[{"taxonomy":"product_brand","embeddable":true,"href":"https:\/\/dinhosreef.com\/en\/wp-json\/wp\/v2\/product_brand?post=1410786261"},{"taxonomy":"product_cat","embeddable":true,"href":"https:\/\/dinhosreef.com\/en\/wp-json\/wp\/v2\/product_cat?post=1410786261"},{"taxonomy":"product_tag","embeddable":true,"href":"https:\/\/dinhosreef.com\/en\/wp-json\/wp\/v2\/product_tag?post=1410786261"}],"curies":[{"name":"wp","href":"https:\/\/api.w.org\/{rel}","templated":true}]}}