{"id":1410786263,"date":"2025-10-18T08:50:29","date_gmt":"2025-10-18T11:50:29","guid":{"rendered":"https:\/\/dinhosreef.com\/produto\/racao-bionatural-caes-rp-ad-cordeiro-101kg\/"},"modified":"2025-11-21T19:25:15","modified_gmt":"2025-11-21T22:25:15","slug":"racao-bionatural-caes-rp-ad-cordeiro-101kg","status":"publish","type":"product","link":"https:\/\/dinhosreef.com\/en\/product\/racao-bionatural-caes-rp-ad-cordeiro-101kg\/","title":{"rendered":"RA\u00c7\u00c3O BIONATURAL CAES RP AD CORDEIRO 10,1KG"},"content":{"rendered":"<ul>\n<li>Indicado para c\u00e3es adultos de ra\u00e7as pequenas;<\/li>\n<li>Auxilia na redu\u00e7\u00e3o do t\u00e1rtaro;<\/li>\n<li>Refor\u00e7a e protege as articula\u00e7\u00f5es;<\/li>\n<li>Favorece para o equil\u00edbrio do intestino;<\/li>\n<li>Sem corantes e aromatizantes artificiais.<\/li>\n<\/ul>","protected":false},"excerpt":{"rendered":"<p>Indicado para c\u00e3es adultos de ra\u00e7as pequenas; Auxilia na redu\u00e7\u00e3o do t\u00e1rtaro; Refor\u00e7a e protege as articula\u00e7\u00f5es; Favorece para o equil\u00edbrio do intestino; Sem corantes e aromatizantes artificiais.<\/p>","protected":false},"featured_media":1410786262,"comment_status":"open","ping_status":"closed","template":"","meta":{"googlesitekit_rrm_CAow0N7NCw:productID":"","content-type":"","pmpro_default_level":"","_themeisle_gutenberg_block_has_review":false},"product_brand":[],"product_cat":[259],"product_tag":[],"class_list":{"0":"post-1410786263","1":"product","2":"type-product","3":"status-publish","4":"has-post-thumbnail","6":"product_cat-racoes-alimento-petisco-e-suplemento-caes","7":"pmpro-has-access","9":"first","10":"outofstock","11":"taxable","12":"shipping-taxable","13":"purchasable","14":"product-type-simple"},"_links":{"self":[{"href":"https:\/\/dinhosreef.com\/en\/wp-json\/wp\/v2\/product\/1410786263","targetHints":{"allow":["GET"]}}],"collection":[{"href":"https:\/\/dinhosreef.com\/en\/wp-json\/wp\/v2\/product"}],"about":[{"href":"https:\/\/dinhosreef.com\/en\/wp-json\/wp\/v2\/types\/product"}],"replies":[{"embeddable":true,"href":"https:\/\/dinhosreef.com\/en\/wp-json\/wp\/v2\/comments?post=1410786263"}],"wp:featuredmedia":[{"embeddable":true,"href":"https:\/\/dinhosreef.com\/en\/wp-json\/wp\/v2\/media\/1410786262"}],"wp:attachment":[{"href":"https:\/\/dinhosreef.com\/en\/wp-json\/wp\/v2\/media?parent=1410786263"}],"wp:term":[{"taxonomy":"product_brand","embeddable":true,"href":"https:\/\/dinhosreef.com\/en\/wp-json\/wp\/v2\/product_brand?post=1410786263"},{"taxonomy":"product_cat","embeddable":true,"href":"https:\/\/dinhosreef.com\/en\/wp-json\/wp\/v2\/product_cat?post=1410786263"},{"taxonomy":"product_tag","embeddable":true,"href":"https:\/\/dinhosreef.com\/en\/wp-json\/wp\/v2\/product_tag?post=1410786263"}],"curies":[{"name":"wp","href":"https:\/\/api.w.org\/{rel}","templated":true}]}}