{"id":1410786265,"date":"2025-10-18T08:50:32","date_gmt":"2025-10-18T11:50:32","guid":{"rendered":"https:\/\/dinhosreef.com\/produto\/racao-bionatural-caes-rp-ad-frango-101kg\/"},"modified":"2026-04-24T12:18:55","modified_gmt":"2026-04-24T15:18:55","slug":"racao-bionatural-caes-rp-ad-frango-101kg","status":"publish","type":"product","link":"https:\/\/dinhosreef.com\/en\/product\/racao-bionatural-caes-rp-ad-frango-101kg\/","title":{"rendered":"RA\u00c7\u00c2O BIONATURAL CAES RP AD FRANGO 10,1KG"},"content":{"rendered":"<p>A Ra\u00e7\u00e3o Seca Bionatural Prime Frango para C\u00e3es Adultos de Porte Pequeno foi formulada para proporcionar uma alimenta\u00e7\u00e3o completa e equilibrada, promovendo a sa\u00fade e o bem-estar do seu pet. Com ingredientes naturais e selecionados, este alimento oferece os nutrientes fundamentais para garantir uma vida longa e saud\u00e1vel ao seu c\u00e3o. A carne fresca de frango, utilizada na receita, \u00e9 uma excelente fonte de prote\u00ednas de alta qualidade, essenciais para manter os m\u00fasculos fortes e proporcionar a energia necess\u00e1ria para as atividades di\u00e1rias do seu amigo.<\/p>\n<p>BENEFICIOS:<\/p>\n<p>-REDU\u00c7\u00c3O DO T\u00c1RTARO<br \/>HEXAMETAFOSFATO DE S\u00d3DIO;<\/p>\n<p>-PROTE\u00c7\u00c3O E REFOR\u00c7O ARTICULAR<br \/>CONDROITINA + GLICOSAMINA;<\/p>\n<p>-INTESTINO EQUILIBRADO<br \/>PREBI\u00d3TICOS E PROBI\u00d3TICOS.<\/p>","protected":false},"excerpt":{"rendered":"<p>A Ra\u00e7\u00e3o Seca Bionatural Prime Frango para C\u00e3es Adultos de Porte Pequeno foi formulada para proporcionar uma alimenta\u00e7\u00e3o completa e equilibrada, promovendo a sa\u00fade e o bem-estar do seu pet. Com ingredientes naturais e selecionados, este alimento oferece os nutrientes fundamentais para garantir uma vida longa e saud\u00e1vel ao seu c\u00e3o. A carne fresca de [&hellip;]<\/p>\n","protected":false},"featured_media":1410786264,"comment_status":"open","ping_status":"closed","template":"","meta":{"googlesitekit_rrm_CAow0N7NCw:productID":"","content-type":"","pmpro_default_level":"","_themeisle_gutenberg_block_has_review":false},"product_brand":[],"product_cat":[259],"product_tag":[],"class_list":{"0":"post-1410786265","1":"product","2":"type-product","3":"status-publish","4":"has-post-thumbnail","6":"product_cat-racoes-alimento-petisco-e-suplemento-caes","7":"pmpro-has-access","9":"first","10":"instock","11":"taxable","12":"shipping-taxable","13":"purchasable","14":"product-type-simple"},"_links":{"self":[{"href":"https:\/\/dinhosreef.com\/en\/wp-json\/wp\/v2\/product\/1410786265","targetHints":{"allow":["GET"]}}],"collection":[{"href":"https:\/\/dinhosreef.com\/en\/wp-json\/wp\/v2\/product"}],"about":[{"href":"https:\/\/dinhosreef.com\/en\/wp-json\/wp\/v2\/types\/product"}],"replies":[{"embeddable":true,"href":"https:\/\/dinhosreef.com\/en\/wp-json\/wp\/v2\/comments?post=1410786265"}],"wp:featuredmedia":[{"embeddable":true,"href":"https:\/\/dinhosreef.com\/en\/wp-json\/wp\/v2\/media\/1410786264"}],"wp:attachment":[{"href":"https:\/\/dinhosreef.com\/en\/wp-json\/wp\/v2\/media?parent=1410786265"}],"wp:term":[{"taxonomy":"product_brand","embeddable":true,"href":"https:\/\/dinhosreef.com\/en\/wp-json\/wp\/v2\/product_brand?post=1410786265"},{"taxonomy":"product_cat","embeddable":true,"href":"https:\/\/dinhosreef.com\/en\/wp-json\/wp\/v2\/product_cat?post=1410786265"},{"taxonomy":"product_tag","embeddable":true,"href":"https:\/\/dinhosreef.com\/en\/wp-json\/wp\/v2\/product_tag?post=1410786265"}],"curies":[{"name":"wp","href":"https:\/\/api.w.org\/{rel}","templated":true}]}}