{"id":1410786267,"date":"2025-10-18T14:57:42","date_gmt":"2025-10-18T17:57:42","guid":{"rendered":"https:\/\/dinhosreef.com\/produto\/racao-hills-prescription-cao-biome-ped-peq-15kg\/"},"modified":"2026-03-20T10:13:07","modified_gmt":"2026-03-20T13:13:07","slug":"racao-hills-prescription-cao-biome-ped-peq-15kg","status":"publish","type":"product","link":"https:\/\/dinhosreef.com\/en\/product\/racao-hills-prescription-cao-biome-ped-peq-15kg\/","title":{"rendered":"Ra\u00e7\u00e3o Hills Prescription C\u00e3o Biome Ped.peq. 1,5kg"},"content":{"rendered":"<p>-Indicado para c\u00e3es adultos;<br \/>\n&#8211; Atua rapidamente para ativar o microbioma intestinal;<br \/>\n&#8211; Clinicamente comprovado por ajudar a firmar as fezes amolecidas em 24 horas e reduz o risco de recorr\u00eancia;<br \/>\n&#8211; Promove a atividade do microbioma intestinal, para manter a sa\u00fade digestiva;<br \/>\n&#8211; Clinicamente comprovado por ajudar a limitar a recorr\u00eancia de dist\u00farbios digestivos;<br \/>\n&#8211; Tecnologia ActivBiome +, que nutre o microbioma do seu c\u00e3o;<br \/>\n&#8211; Complexo \u00fanico de fibras prebi\u00f3ticas;<br \/>\n&#8211; Estimula o microbioma a produzir p\u00f3s-bi\u00f3ticos ben\u00e9ficos;<br \/>\n&#8211; Dispon\u00edvel em embalagem de 1,5 kg.<\/p>","protected":false},"excerpt":{"rendered":"<p>-Indicado para c\u00e3es adultos; &#8211; Atua rapidamente para ativar o microbioma intestinal; &#8211; Clinicamente comprovado por ajudar a firmar as fezes amolecidas em 24 horas e reduz o risco de recorr\u00eancia; &#8211; Promove a atividade do microbioma intestinal, para manter a sa\u00fade digestiva; &#8211; Clinicamente comprovado por ajudar a limitar a recorr\u00eancia de dist\u00farbios digestivos; [&hellip;]<\/p>\n","protected":false},"featured_media":1410786266,"comment_status":"open","ping_status":"closed","template":"","meta":{"googlesitekit_rrm_CAow0N7NCw:productID":"","content-type":"","pmpro_default_level":"","_themeisle_gutenberg_block_has_review":false},"product_brand":[378],"product_cat":[259],"product_tag":[],"class_list":{"0":"post-1410786267","1":"product","2":"type-product","3":"status-publish","4":"has-post-thumbnail","6":"product_brand-hills","7":"product_cat-racoes-alimento-petisco-e-suplemento-caes","8":"pmpro-has-access","10":"first","11":"instock","12":"taxable","13":"shipping-taxable","14":"purchasable","15":"product-type-simple"},"_links":{"self":[{"href":"https:\/\/dinhosreef.com\/en\/wp-json\/wp\/v2\/product\/1410786267","targetHints":{"allow":["GET"]}}],"collection":[{"href":"https:\/\/dinhosreef.com\/en\/wp-json\/wp\/v2\/product"}],"about":[{"href":"https:\/\/dinhosreef.com\/en\/wp-json\/wp\/v2\/types\/product"}],"replies":[{"embeddable":true,"href":"https:\/\/dinhosreef.com\/en\/wp-json\/wp\/v2\/comments?post=1410786267"}],"wp:featuredmedia":[{"embeddable":true,"href":"https:\/\/dinhosreef.com\/en\/wp-json\/wp\/v2\/media\/1410786266"}],"wp:attachment":[{"href":"https:\/\/dinhosreef.com\/en\/wp-json\/wp\/v2\/media?parent=1410786267"}],"wp:term":[{"taxonomy":"product_brand","embeddable":true,"href":"https:\/\/dinhosreef.com\/en\/wp-json\/wp\/v2\/product_brand?post=1410786267"},{"taxonomy":"product_cat","embeddable":true,"href":"https:\/\/dinhosreef.com\/en\/wp-json\/wp\/v2\/product_cat?post=1410786267"},{"taxonomy":"product_tag","embeddable":true,"href":"https:\/\/dinhosreef.com\/en\/wp-json\/wp\/v2\/product_tag?post=1410786267"}],"curies":[{"name":"wp","href":"https:\/\/api.w.org\/{rel}","templated":true}]}}