{"id":1410786269,"date":"2025-10-18T14:57:48","date_gmt":"2025-10-18T17:57:48","guid":{"rendered":"https:\/\/dinhosreef.com\/produto\/racao-sd-can-adulto-7-ped-peq-226kg\/"},"modified":"2025-11-29T16:32:13","modified_gmt":"2025-11-29T19:32:13","slug":"racao-sd-can-adulto-7-ped-peq-226kg","status":"publish","type":"product","link":"https:\/\/dinhosreef.com\/en\/product\/racao-sd-can-adulto-7-ped-peq-226kg\/","title":{"rendered":"RA\u00c7\u00c2O SD CAN ADULTO 7+ PED PEQ 2,26KG"},"content":{"rendered":"<ul>\n<li>Indicada para c\u00e3es adultos s\u00eanior com mais de sete anos;<\/li>\n<li>A Ra\u00e7\u00e3o Hill&#8217;s Science Diet para C\u00e3es Idosos com mais de sete anos \u00e9 um alimento formulado com Peda\u00e7os Pequenos especificamente para atender \u00e0s necessidades de envelhecimento dos c\u00e3es mais velhos;<\/li>\n<li>Com uma nutri\u00e7\u00e3o de f\u00e1cil digest\u00e3o e uma mistura sin\u00e9rgica de ingredientes, esta ra\u00e7\u00e3o ajuda a manter o n\u00edvel de energia e atividade dos c\u00e3es idosos;<\/li>\n<li>A ci\u00eancia fez isso, criando um alimento natural e saud\u00e1vel para c\u00e3o, que oferece uma nutri\u00e7\u00e3o baseada em biologia e apoiada por pesquisas cient\u00edficas inovadoras, garantindo que seu amigo de quatro patas receba o melhor em termos de cuidado e alimenta\u00e7\u00e3o;<\/li>\n<li>Sa\u00fade Card\u00edaca e Renal: Cont\u00e9m minerais equilibrados para apoiar a sa\u00fade do cora\u00e7\u00e3o e dos rins, essenciais na fase s\u00eanior;<\/li>\n<li>Pele e Pelagem: Enriquecido com \u00d4mega-6 e Vitamina E, promove a beleza e a sa\u00fade da pele e da pelagem;<\/li>\n<li>Manuten\u00e7\u00e3o Muscular: Prote\u00edna de alta qualidade para ajudar na manuten\u00e7\u00e3o da massa muscular magra, importante para a vitalidade dos c\u00e3es idosos;<\/li>\n<\/ul>","protected":false},"excerpt":{"rendered":"<p>Indicada para c\u00e3es adultos s\u00eanior com mais de sete anos; A Ra\u00e7\u00e3o Hill&#8217;s Science Diet para C\u00e3es Idosos com mais de sete anos \u00e9 um alimento formulado com Peda\u00e7os Pequenos especificamente para atender \u00e0s necessidades de envelhecimento dos c\u00e3es mais velhos; Com uma nutri\u00e7\u00e3o de f\u00e1cil digest\u00e3o e uma mistura sin\u00e9rgica de ingredientes, esta ra\u00e7\u00e3o [&hellip;]<\/p>\n","protected":false},"featured_media":1410786268,"comment_status":"open","ping_status":"closed","template":"","meta":{"googlesitekit_rrm_CAow0N7NCw:productID":"","content-type":"","pmpro_default_level":"","_themeisle_gutenberg_block_has_review":false},"product_brand":[378],"product_cat":[259],"product_tag":[],"class_list":{"0":"post-1410786269","1":"product","2":"type-product","3":"status-publish","4":"has-post-thumbnail","6":"product_brand-hills","7":"product_cat-racoes-alimento-petisco-e-suplemento-caes","8":"pmpro-has-access","10":"first","11":"instock","12":"taxable","13":"shipping-taxable","14":"purchasable","15":"product-type-simple"},"_links":{"self":[{"href":"https:\/\/dinhosreef.com\/en\/wp-json\/wp\/v2\/product\/1410786269","targetHints":{"allow":["GET"]}}],"collection":[{"href":"https:\/\/dinhosreef.com\/en\/wp-json\/wp\/v2\/product"}],"about":[{"href":"https:\/\/dinhosreef.com\/en\/wp-json\/wp\/v2\/types\/product"}],"replies":[{"embeddable":true,"href":"https:\/\/dinhosreef.com\/en\/wp-json\/wp\/v2\/comments?post=1410786269"}],"wp:featuredmedia":[{"embeddable":true,"href":"https:\/\/dinhosreef.com\/en\/wp-json\/wp\/v2\/media\/1410786268"}],"wp:attachment":[{"href":"https:\/\/dinhosreef.com\/en\/wp-json\/wp\/v2\/media?parent=1410786269"}],"wp:term":[{"taxonomy":"product_brand","embeddable":true,"href":"https:\/\/dinhosreef.com\/en\/wp-json\/wp\/v2\/product_brand?post=1410786269"},{"taxonomy":"product_cat","embeddable":true,"href":"https:\/\/dinhosreef.com\/en\/wp-json\/wp\/v2\/product_cat?post=1410786269"},{"taxonomy":"product_tag","embeddable":true,"href":"https:\/\/dinhosreef.com\/en\/wp-json\/wp\/v2\/product_tag?post=1410786269"}],"curies":[{"name":"wp","href":"https:\/\/api.w.org\/{rel}","templated":true}]}}