{"id":1410786277,"date":"2025-10-18T14:58:06","date_gmt":"2025-10-18T17:58:06","guid":{"rendered":"https:\/\/dinhosreef.com\/produto\/racao-pd-can-i-d-pedacos-pequeno-317kg\/"},"modified":"2026-04-07T11:57:54","modified_gmt":"2026-04-07T14:57:54","slug":"racao-pd-can-i-d-pedacos-pequeno-317kg","status":"publish","type":"product","link":"https:\/\/dinhosreef.com\/en\/product\/racao-pd-can-i-d-pedacos-pequeno-317kg\/","title":{"rendered":"RA\u00c7\u00c2O PD CAN I\/D PEDA\u00c7OS PEQUENO 3,17KG"},"content":{"rendered":"<ul>\n<li>Alimento coadjuvante para suporte \u00e0 digest\u00e3o;<\/li>\n<li>Indicada para c\u00e3es adultos de porte pequeno;<\/li>\n<li>Auxilia na qualidade das fezes;<\/li>\n<li>Facilita a absor\u00e7\u00e3o de nutrientes;<\/li>\n<li>Ajuda na reposi\u00e7\u00e3o de nutrientes perdidos;<\/li>\n<li>Alta digestibilidade.<\/li>\n<\/ul>","protected":false},"excerpt":{"rendered":"<p>Alimento coadjuvante para suporte \u00e0 digest\u00e3o; Indicada para c\u00e3es adultos de porte pequeno; Auxilia na qualidade das fezes; Facilita a absor\u00e7\u00e3o de nutrientes; Ajuda na reposi\u00e7\u00e3o de nutrientes perdidos; Alta digestibilidade.<\/p>","protected":false},"featured_media":1410786276,"comment_status":"open","ping_status":"closed","template":"","meta":{"googlesitekit_rrm_CAow0N7NCw:productID":"","content-type":"","pmpro_default_level":"","_themeisle_gutenberg_block_has_review":false},"product_brand":[],"product_cat":[259],"product_tag":[],"class_list":{"0":"post-1410786277","1":"product","2":"type-product","3":"status-publish","4":"has-post-thumbnail","6":"product_cat-racoes-alimento-petisco-e-suplemento-caes","7":"pmpro-has-access","9":"first","10":"outofstock","11":"taxable","12":"shipping-taxable","13":"purchasable","14":"product-type-simple"},"_links":{"self":[{"href":"https:\/\/dinhosreef.com\/en\/wp-json\/wp\/v2\/product\/1410786277","targetHints":{"allow":["GET"]}}],"collection":[{"href":"https:\/\/dinhosreef.com\/en\/wp-json\/wp\/v2\/product"}],"about":[{"href":"https:\/\/dinhosreef.com\/en\/wp-json\/wp\/v2\/types\/product"}],"replies":[{"embeddable":true,"href":"https:\/\/dinhosreef.com\/en\/wp-json\/wp\/v2\/comments?post=1410786277"}],"wp:featuredmedia":[{"embeddable":true,"href":"https:\/\/dinhosreef.com\/en\/wp-json\/wp\/v2\/media\/1410786276"}],"wp:attachment":[{"href":"https:\/\/dinhosreef.com\/en\/wp-json\/wp\/v2\/media?parent=1410786277"}],"wp:term":[{"taxonomy":"product_brand","embeddable":true,"href":"https:\/\/dinhosreef.com\/en\/wp-json\/wp\/v2\/product_brand?post=1410786277"},{"taxonomy":"product_cat","embeddable":true,"href":"https:\/\/dinhosreef.com\/en\/wp-json\/wp\/v2\/product_cat?post=1410786277"},{"taxonomy":"product_tag","embeddable":true,"href":"https:\/\/dinhosreef.com\/en\/wp-json\/wp\/v2\/product_tag?post=1410786277"}],"curies":[{"name":"wp","href":"https:\/\/api.w.org\/{rel}","templated":true}]}}