{"id":1410786281,"date":"2025-10-18T14:58:23","date_gmt":"2025-10-18T17:58:23","guid":{"rendered":"https:\/\/dinhosreef.com\/produto\/racao-hills-w-d-gato-controle-do-peso-e-glicemico-181kg\/"},"modified":"2026-03-03T15:33:01","modified_gmt":"2026-03-03T18:33:01","slug":"racao-hills-w-d-gato-controle-do-peso-e-glicemico-181kg","status":"publish","type":"product","link":"https:\/\/dinhosreef.com\/en\/product\/racao-hills-w-d-gato-controle-do-peso-e-glicemico-181kg\/","title":{"rendered":"Ra\u00e7\u00e3o Hill&#8217;s W\/d Gato Controle Do Peso E Glic\u00eamico 1,81kg"},"content":{"rendered":"<p>Ra\u00e7\u00e3o Hill&#8217;s Prescription Diet W\/D Gatos Adultos Controle do Peso e Glic\u00eamico<\/p>\n<p>A Ra\u00e7\u00e3o Hill&#8217;s Prescription Diet W\/D Controle do Peso e Glic\u00eamico foi desenvolvida por especialistas em nutri\u00e7\u00e3o sendo um alimento coadjuvante para gatos com quadros de preven\u00e7\u00e3o da obesidade, doen\u00e7a responsiva \u00e0 fibra, diabetes mellitus e urolit\u00edase por estruvita em pacientes com tend\u00eancia \u00e0 obesidade.<\/p>\n<p>Possuindo uma composi\u00e7\u00e3o nutricional precisa, a Ra\u00e7\u00e3o Hills Multi-Benef\u00edcios W\/D \u00e9 cuidadosamente equilibrada, ajudando a controlar os n\u00edveis de glicose no sangue, sendo uma excelente op\u00e7\u00e3o para gatos com diabetes ou com risco de desenvolv\u00ea-lo. Al\u00e9m disso, \u00e9 rica em fibras de alta qualidade e prote\u00ednas magras que auxiliam no controle do apetite e promovem uma perda de peso gradual e saud\u00e1vel.<\/p>\n<p>A Ra\u00e7\u00e3o Hill&#8217;s Prescription Diet W\/D tamb\u00e9m \u00e9 formulada para promover uma digest\u00e3o saud\u00e1vel, garantindo a absor\u00e7\u00e3o adequada de nutrientes. Oferece ainda suporte para a sa\u00fade urin\u00e1ria do seu gato, auxiliando na preven\u00e7\u00e3o de problemas relacionados ao trato urin\u00e1rio.<\/p>\n<p>Encontre a maior variedade de alimentos para seu pet como a Ra\u00e7\u00e3o Hill&#8217;s Prescription Diet W\/D Gatos Adultos Controle do Peso e Glic\u00eamico com pre\u00e7o especial aqui na Cobasi. Compre pelo site, app ou em uma de nossas lojas.<\/p>\n<p>Composi\u00e7\u00e3o B\u00e1sica<\/p>\n<p>Quirera de Arroz, Farelo de Gl\u00faten De Milho 60*, Farinha de Carne e Osso de Aves, Gl\u00faten de Trigo, Carne Mecanicamente Separada de Frango, Celulose em P\u00f3, Gr\u00e3o de Trigo, Gr\u00e3o de Milho*, Gordura de Frango, Hidrolisado de Mi\u00fados de Su\u00ednos, \u00c1cido L\u00e1tico, Gr\u00e3o de Linha\u00e7a, Polpa Desidratada de Beterraba, Hidrolisado de F\u00edgado de Aves, \u00d3leo de Soja Refinado**, Cloreto de Pot\u00e1ssio, Cloreto de Colina, L-Lisina, L-Treonina, DL-Metionina, Sulfato de C\u00e1lcio, Cloreto de S\u00f3dio, Vitaminas (Acetato de Dl-Alfa-Tocoferol (E), \u00c1cido Asc\u00f3rbico Polifosfato (C), Niacina (B3), Mononitrato de Tiamina (B1), Palmitato de Retinol (A), D-Pantotenato de C\u00e1lcio (B5), Biotina (B7), Cianocobalamina (B12), Riboflavina (B2), Cloridrato de Piridoxina (B6), \u00c1cido F\u00f3lico (B9), Colecalciferol (D3)), Taurina, Minerais (Sulfato Ferroso, \u00d3xido de Zinco, Sulfato de Cobre, \u00d3xido de Mangan\u00eas, Iodato de C\u00e1lcio, Selenito de S\u00f3dio), L-Carnitina, Concentrado de Tocofer\u00f3is, Extrato de Ch\u00e1 Verde, Extrato de Alecrim, Extrato de Menta, Hortel\u00e3 (Mentha spp.), Betacaroteno.<\/p>\n<p>Tamanho do gr\u00e3o<\/p>\n<p>A ra\u00e7\u00e3o Hill&#8217;s Prescriptions Diet W\/D Controle de Peso e Glic\u00eamico tem um gr\u00e3o em formato circular de tamanho aproximado de 9,1mm x 4mm.<\/p>\n<p>N\u00edveis de Garantia<\/p>\n<p>Umidade (m\u00e1x.) 110 g\/kg 11%<br \/>\nProte\u00edna Bruta (m\u00edn.) 340 g\/kg 34%<br \/>\nExtrato Et\u00e9reo (m\u00edn.) 75 g\/kg 7,5%<br \/>\nExtrato Et\u00e9reo (m\u00e1x.) 110 g\/kg 11%<br \/>\nMat\u00e9ria Fibrosa (m\u00edn.) 30 g\/kg 3%<br \/>\nMat\u00e9ria Fibrosa (m\u00e1x.) 90 g\/kg 9%<br \/>\nMat\u00e9ria Mineral (m\u00e1x.) 85 g\/kg 8,5%<br \/>\nC\u00e1lcio (m\u00edn.) 6500 mg\/kg 0,65%<br \/>\nC\u00e1lcio (m\u00e1x.) 12 g\/kg 1,2%<br \/>\nF\u00f3sforo (m\u00edn.) 5500 mg\/kg 0,55%<br \/>\nPot\u00e1ssio (m\u00edn.) 5300 mg\/kg 0,53%<br \/>\nS\u00f3dio (m\u00e1x.) 5500 mg\/kg 0,55%<br \/>\nMagn\u00e9sio (m\u00e1x.) 800 mg\/kg 0,08%<br \/>\nLisina (m\u00edn.) 11 g\/kg 1,1%<br \/>\nMetionina (m\u00edn.) 9000 mg\/kg 0,9%<br \/>\nTreonina (m\u00edn.) 13 g\/kg 1,3%<br \/>\nTaurina (m\u00edn.) 1000 mg\/kg 0,1%<br \/>\nCarnitina (m\u00edn.) 300 mg\/kg 0,03%<br \/>\nEnergia Metaboliz\u00e1vel 3225 kcal\/kg<\/p>\n<p>Enriquecimento M\u00ednimo por Kg<\/p>\n<p>Vitamina A: 7200 UI; Vitamina B3: 200mg; Vitamina B12: 75mcg; Vitamina C: 100mg; Vitamina D3: 600 UI; Vitamina E: 550 UI; Vitamina B1: 25mg; Vitamina B2: 8mg; Vitamina B5: 10mg; Vitamina B6: 5mg; Vitamina B7: 0,2mg; Vitamina B9: 2mg; Colina: 2600mg; Betacaroteno: 2mg. Ferro: 5mg; Zinco: 180mg; Cobre: 12mg; Iodo: 2mg; Mangan\u00eas: 17,5mg; Sel\u00eanio: 0,5mg.<\/p>\n<p>Quantidade Recomendada<\/p>\n<p>Peso do gato (kg) Gramas \/ X\u00edcaras<br \/>\n2,7 kg 45 g \/ 1\/2 x\u00edcara<br \/>\n3,6 kg 60 g \/ 2\/3 x\u00edcara<br \/>\n4,5 kg 65 g \/ 3\/4 x\u00edcara<br \/>\n5,4 kg 75 g \/ 7\/8 x\u00edcara<br \/>\n6,4 kg 90 g \/ 1 x\u00edcara<br \/>\n7,3 kg 100 g \/ 1 1\/8 x\u00edcaras<br \/>\n8,2 kg 100 g \/ 1 1\/4 x\u00edcaras<\/p>\n<p>As quantidades aqui sugeridas s\u00e3o apenas um ponto de partida. Seu gato pode precisar de mais ou menos alimento para manter o peso adequado.<br \/>\nAjuste conforme necess\u00e1rio, em caso de d\u00favida, consulte seu veterin\u00e1rio.<\/p>\n<p>Guia para troca de ra\u00e7\u00e3o<\/p>\n<p>Caso haja necessidade em inserir uma nova ra\u00e7\u00e3o para seu pet, \u00e9 importante que a troca seja gradual e crescente. Para garantir uma perfeita adapta\u00e7\u00e3o e aceita\u00e7\u00e3o, voc\u00ea pode seguir a sugest\u00e3o abaixo ou conforme orienta\u00e7\u00e3o do m\u00e9dico-veterin\u00e1rio:<\/p>","protected":false},"excerpt":{"rendered":"<p>Ra\u00e7\u00e3o Hill&#8217;s Prescription Diet W\/D Gatos Adultos Controle do Peso e Glic\u00eamico A Ra\u00e7\u00e3o Hill&#8217;s Prescription Diet W\/D Controle do Peso e Glic\u00eamico foi desenvolvida por especialistas em nutri\u00e7\u00e3o sendo um alimento coadjuvante para gatos com quadros de preven\u00e7\u00e3o da obesidade, doen\u00e7a responsiva \u00e0 fibra, diabetes mellitus e urolit\u00edase por estruvita em pacientes com tend\u00eancia [&hellip;]<\/p>\n","protected":false},"featured_media":1410786280,"comment_status":"open","ping_status":"closed","template":"","meta":{"googlesitekit_rrm_CAow0N7NCw:productID":"","content-type":"","pmpro_default_level":"","_themeisle_gutenberg_block_has_review":false},"product_brand":[378],"product_cat":[256],"product_tag":[],"class_list":{"0":"post-1410786281","1":"product","2":"type-product","3":"status-publish","4":"has-post-thumbnail","6":"product_brand-hills","7":"product_cat-racoes","8":"pmpro-has-access","10":"first","11":"instock","12":"taxable","13":"shipping-taxable","14":"purchasable","15":"product-type-simple"},"_links":{"self":[{"href":"https:\/\/dinhosreef.com\/en\/wp-json\/wp\/v2\/product\/1410786281","targetHints":{"allow":["GET"]}}],"collection":[{"href":"https:\/\/dinhosreef.com\/en\/wp-json\/wp\/v2\/product"}],"about":[{"href":"https:\/\/dinhosreef.com\/en\/wp-json\/wp\/v2\/types\/product"}],"replies":[{"embeddable":true,"href":"https:\/\/dinhosreef.com\/en\/wp-json\/wp\/v2\/comments?post=1410786281"}],"wp:featuredmedia":[{"embeddable":true,"href":"https:\/\/dinhosreef.com\/en\/wp-json\/wp\/v2\/media\/1410786280"}],"wp:attachment":[{"href":"https:\/\/dinhosreef.com\/en\/wp-json\/wp\/v2\/media?parent=1410786281"}],"wp:term":[{"taxonomy":"product_brand","embeddable":true,"href":"https:\/\/dinhosreef.com\/en\/wp-json\/wp\/v2\/product_brand?post=1410786281"},{"taxonomy":"product_cat","embeddable":true,"href":"https:\/\/dinhosreef.com\/en\/wp-json\/wp\/v2\/product_cat?post=1410786281"},{"taxonomy":"product_tag","embeddable":true,"href":"https:\/\/dinhosreef.com\/en\/wp-json\/wp\/v2\/product_tag?post=1410786281"}],"curies":[{"name":"wp","href":"https:\/\/api.w.org\/{rel}","templated":true}]}}