{"id":1410786283,"date":"2025-10-18T14:58:31","date_gmt":"2025-10-18T17:58:31","guid":{"rendered":"https:\/\/dinhosreef.com\/produto\/racao-umida-pd-can-w-d-controle-de-peso-lata-370g\/"},"modified":"2026-03-30T15:39:40","modified_gmt":"2026-03-30T18:39:40","slug":"racao-umida-pd-can-w-d-controle-de-peso-lata-370g","status":"publish","type":"product","link":"https:\/\/dinhosreef.com\/en\/product\/racao-umida-pd-can-w-d-controle-de-peso-lata-370g\/","title":{"rendered":"RA\u00c7\u00c2O \u00daMIDA PD CAN W\/D CONTROLE DE PESO LATA 370G"},"content":{"rendered":"<h3 data-start=\"193\" data-end=\"258\">Ra\u00e7\u00e3o \u00damida Hill\u2019s Prescription Diet w\/d Canine \u2013 Lata 370g<\/h3>\n<p data-start=\"259\" data-end=\"324\"><strong data-start=\"259\" data-end=\"324\">Controle de peso e suporte digestivo em uma nutri\u00e7\u00e3o completa<\/strong><\/p>\n<p data-start=\"326\" data-end=\"676\">A <strong data-start=\"328\" data-end=\"367\">Hill\u2019s Prescription Diet w\/d Canine<\/strong> foi desenvolvida por veterin\u00e1rios para oferecer uma alimenta\u00e7\u00e3o terap\u00eautica de alta qualidade, indicada para c\u00e3es que precisam de <strong data-start=\"498\" data-end=\"518\">controle de peso<\/strong>, <strong data-start=\"520\" data-end=\"544\">regula\u00e7\u00e3o da glicose<\/strong> ou <strong data-start=\"548\" data-end=\"569\">suporte digestivo<\/strong>. Com <strong data-start=\"575\" data-end=\"583\">370g<\/strong>, essa ra\u00e7\u00e3o \u00famida \u00e9 ideal para manter seu c\u00e3o saud\u00e1vel, saciado e com a energia equilibrada.<\/p>\n<h4 data-start=\"678\" data-end=\"707\">Principais benef\u00edcios:<\/h4>\n<p data-start=\"708\" data-end=\"1156\"><strong data-start=\"711\" data-end=\"755\">Auxilia no controle e manuten\u00e7\u00e3o do peso<\/strong>: baixo teor de gordura e calorias controladas.<br data-start=\"802\" data-end=\"805\" \/><strong data-start=\"808\" data-end=\"827\">Sa\u00fade digestiva<\/strong>: fibras sol\u00faveis e insol\u00faveis que promovem o bom funcionamento intestinal.<br data-start=\"902\" data-end=\"905\" \/><strong data-start=\"908\" data-end=\"940\">Ajuda no controle da glicose<\/strong>: ideal para c\u00e3es com diabetes mellitus.<br data-start=\"980\" data-end=\"983\" \/><strong data-start=\"986\" data-end=\"1008\">Sabor irresist\u00edvel<\/strong>: f\u00f3rmula \u00famida que agrada at\u00e9 os paladares mais exigentes.<br data-start=\"1067\" data-end=\"1070\" \/><strong data-start=\"1073\" data-end=\"1097\">Nutri\u00e7\u00e3o equilibrada<\/strong>: contribui para a sa\u00fade geral e o bem-estar a longo prazo.<\/p>\n<p data-start=\"1158\" data-end=\"1174\"><strong data-start=\"1158\" data-end=\"1172\">Indica\u00e7\u00e3o:<\/strong><\/p>\n<ul data-start=\"1175\" data-end=\"1306\">\n<li data-start=\"1175\" data-end=\"1210\">\n<p data-start=\"1177\" data-end=\"1210\">C\u00e3es com sobrepeso ou obesidade<\/p>\n<\/li>\n<li data-start=\"1211\" data-end=\"1254\">\n<p data-start=\"1213\" data-end=\"1254\">Dist\u00farbios digestivos sens\u00edveis \u00e0 fibra<\/p>\n<\/li>\n<li data-start=\"1255\" data-end=\"1276\">\n<p data-start=\"1257\" data-end=\"1276\">Diabetes mellitus<\/p>\n<\/li>\n<li data-start=\"1277\" data-end=\"1306\">\n<p data-start=\"1279\" data-end=\"1306\">Colite responsiva \u00e0 fibra<\/p>\n<\/li>\n<\/ul>\n<p data-start=\"1308\" data-end=\"1360\"><strong data-start=\"1308\" data-end=\"1360\">Uso sob prescri\u00e7\u00e3o e acompanhamento veterin\u00e1rio.<\/strong><\/p>","protected":false},"excerpt":{"rendered":"<p>Ra\u00e7\u00e3o \u00damida Hill\u2019s Prescription Diet w\/d Canine \u2013 Lata 370g Controle de peso e suporte digestivo em uma nutri\u00e7\u00e3o completa A Hill\u2019s Prescription Diet w\/d Canine foi desenvolvida por veterin\u00e1rios para oferecer uma alimenta\u00e7\u00e3o terap\u00eautica de alta qualidade, indicada para c\u00e3es que precisam de controle de peso, regula\u00e7\u00e3o da glicose ou suporte digestivo. Com 370g, [&hellip;]<\/p>\n","protected":false},"featured_media":1410786282,"comment_status":"open","ping_status":"closed","template":"","meta":{"googlesitekit_rrm_CAow0N7NCw:productID":"","content-type":"","pmpro_default_level":"","_themeisle_gutenberg_block_has_review":false},"product_brand":[378],"product_cat":[259],"product_tag":[],"class_list":{"0":"post-1410786283","1":"product","2":"type-product","3":"status-publish","4":"has-post-thumbnail","6":"product_brand-hills","7":"product_cat-racoes-alimento-petisco-e-suplemento-caes","8":"pmpro-has-access","10":"first","11":"outofstock","12":"taxable","13":"shipping-taxable","14":"purchasable","15":"product-type-simple"},"_links":{"self":[{"href":"https:\/\/dinhosreef.com\/en\/wp-json\/wp\/v2\/product\/1410786283","targetHints":{"allow":["GET"]}}],"collection":[{"href":"https:\/\/dinhosreef.com\/en\/wp-json\/wp\/v2\/product"}],"about":[{"href":"https:\/\/dinhosreef.com\/en\/wp-json\/wp\/v2\/types\/product"}],"replies":[{"embeddable":true,"href":"https:\/\/dinhosreef.com\/en\/wp-json\/wp\/v2\/comments?post=1410786283"}],"wp:featuredmedia":[{"embeddable":true,"href":"https:\/\/dinhosreef.com\/en\/wp-json\/wp\/v2\/media\/1410786282"}],"wp:attachment":[{"href":"https:\/\/dinhosreef.com\/en\/wp-json\/wp\/v2\/media?parent=1410786283"}],"wp:term":[{"taxonomy":"product_brand","embeddable":true,"href":"https:\/\/dinhosreef.com\/en\/wp-json\/wp\/v2\/product_brand?post=1410786283"},{"taxonomy":"product_cat","embeddable":true,"href":"https:\/\/dinhosreef.com\/en\/wp-json\/wp\/v2\/product_cat?post=1410786283"},{"taxonomy":"product_tag","embeddable":true,"href":"https:\/\/dinhosreef.com\/en\/wp-json\/wp\/v2\/product_tag?post=1410786283"}],"curies":[{"name":"wp","href":"https:\/\/api.w.org\/{rel}","templated":true}]}}