{"id":1410786287,"date":"2025-10-18T14:58:42","date_gmt":"2025-10-18T17:58:42","guid":{"rendered":"https:\/\/dinhosreef.com\/produto\/racao-hills-r-d-obesidade-para-caes-original-385kg\/"},"modified":"2026-04-01T10:15:59","modified_gmt":"2026-04-01T13:15:59","slug":"racao-hills-r-d-obesidade-para-caes-original-385kg","status":"publish","type":"product","link":"https:\/\/dinhosreef.com\/en\/product\/racao-hills-r-d-obesidade-para-caes-original-385kg\/","title":{"rendered":"Ra\u00e7\u00e3o Hills R\/d Obesidade Para C\u00e3es ORIGINAL 3,85KG"},"content":{"rendered":"<div class=\"ui-pdp-container__col col-3 ui-pdp-container--column-center pb-40\">\n<div class=\"ui-pdp-container__row\">\n<div class=\"ui-pdp-container__col col-1 pl-24 pr-24\">\n<div class=\"ui-pdp-collapsable mt-24 ui-pdp-description-collapse\">\n<div class=\"ui-pdp-collapsable__container\">\n<div id=\"description\" class=\"ui-pdp-description\">\n<p class=\"ui-pdp-description__content\" data-testid=\"content\">Assim como a epidemia de obesidade humana, mais de 50% da popula\u00e7\u00e3o de animais de estima\u00e7\u00e3o est\u00e1 acima do peso. Mesmo um pouco de peso extra pode afetar a qualidade de vida dos animais de estima\u00e7\u00e3o e o relacionamento com a fam\u00edlia, porque esse peso extra pode reduzir o tempo de brincadeira, afetar a mobilidade a sa\u00fade geral de seu c\u00e3o ao longo da vida. Os nutricionistas e veterin\u00e1rios da Hill&#8217;s desenvolveram o alimento Prescription Diet r\/d especialmente formulada para apoiar o controle do peso dos c\u00e3es. Na verdade, r\/d \u00e9 uma nutri\u00e7\u00e3o clinicamente comprovada para perda de peso saud\u00e1vel em apenas 8 semanas.<\/p>\n<p>Como Funciona:<br \/>\nN\u00edveis adaptados de L-Carnitina;<br \/>\nN\u00edveis adequados de fibras sol\u00faveis e insol\u00faveis;<br \/>\nAntioxidantes clinicamente comprovados.<br \/>\nComo Ajuda:<br \/>\nAux\u00edlio ao metabolismo da gordura e manuten\u00e7\u00e3o da massa muscular.<br \/>\nAux\u00edlio \u00e0 sensa\u00e7\u00e3o de saciedade.<br \/>\nAjuda a manter um sistema imunol\u00f3gico saud\u00e1vel.<br \/>\nInforma\u00e7\u00e3o adicional:<br \/>\nHill&#8217;s Prescription Diet r\/d \u00e9 um alimento seco para c\u00e3es e destinado apenas para alimenta\u00e7\u00e3o intermitente, n\u00e3o \u00e9 recomendada para alimenta\u00e7\u00e3o de longo prazo (mais de 6 meses). Consulte seu veterin\u00e1rio para obter mais informa\u00e7\u00f5es sobre como nossos alimentos Prescription Diet podem ajudar seu c\u00e3o a continuar a ter uma vida feliz e ativa.<\/p>\n<p>INGREDIENTES: Gr\u00e3o de Milho*, Farelo de Gl\u00faten De Milho &#8211; 60*, Farinha de V\u00edsceras de Aves, Celulose em P\u00f3, Farelo de Soja**, Casca de Soja**, Hidrolisado de Mi\u00fados de Aves, Polpa Desidratada de Beterraba, Hidrolisado de F\u00edgado de Su\u00ednos, \u00d3leo de Soja Refinado**, \u00c1cido L\u00e1tico, Caramelo IV &#8211; Processo Sulfito-Am\u00f4nia, Gr\u00e3o de Linha\u00e7a, Gordura de Frango, L-Lisina, Carbonato de C\u00e1lcio, Cloreto de Pot\u00e1ssio, Cloreto de Colina, Citrato de Pot\u00e1ssio, Cloreto de S\u00f3dio, Vitaminas (Acetato de DL-Alfa-Tocoferol (E), \u00c1cido Asc\u00f3rbico Polifosfato (C), Niacina (B3), Mononitrato de Tiamina (B1), Retinol (A), D-Pantotenato de C\u00e1lcio (B5), Riboflavina (B2), Biotina (B7), Cianocobalamina (B12), Cloridrato de Piridoxina (B6), \u00c1cido F\u00f3lico (B9), Colecalciferol (D3)), DL-Metionina, Minerais (Sulfato de Mangan\u00eas, Sulfato Ferroso, \u00d3xido de Zinco, Sulfato de Cobre, Iodato de C\u00e1lcio, Selenito de S\u00f3dio), Taurina, Concentrado de Tocofer\u00f3is, Extrato de Ch\u00e1 Verde, Extrato de Alecrim, Extrato de Menta, Hortel\u00e3 (Mentha spp.), L-Carnitina, Betacaroteno. Energia Metaboliz\u00e1vel (EM): 2943 kcal\/kg<\/p>\n<\/div>\n<\/div>\n<\/div>\n<\/div>\n<\/div>\n<div class=\"ui-pdp-container__row\"><\/div>\n<div class=\"ui-pdp-container__row ui-pdp-recommendations-row\">\n<div class=\"ui-pdp-container__col col-1\"><\/div>\n<\/div>\n<\/div>","protected":false},"excerpt":{"rendered":"<p>Assim como a epidemia de obesidade humana, mais de 50% da popula\u00e7\u00e3o de animais de estima\u00e7\u00e3o est\u00e1 acima do peso. Mesmo um pouco de peso extra pode afetar a qualidade de vida dos animais de estima\u00e7\u00e3o e o relacionamento com a fam\u00edlia, porque esse peso extra pode reduzir o tempo de brincadeira, afetar a mobilidade [&hellip;]<\/p>\n","protected":false},"featured_media":1410786286,"comment_status":"open","ping_status":"closed","template":"","meta":{"googlesitekit_rrm_CAow0N7NCw:productID":"","content-type":"","pmpro_default_level":"","_themeisle_gutenberg_block_has_review":false},"product_brand":[378],"product_cat":[259],"product_tag":[],"class_list":{"0":"post-1410786287","1":"product","2":"type-product","3":"status-publish","4":"has-post-thumbnail","6":"product_brand-hills","7":"product_cat-racoes-alimento-petisco-e-suplemento-caes","8":"pmpro-has-access","10":"first","11":"outofstock","12":"taxable","13":"shipping-taxable","14":"purchasable","15":"product-type-simple"},"_links":{"self":[{"href":"https:\/\/dinhosreef.com\/en\/wp-json\/wp\/v2\/product\/1410786287","targetHints":{"allow":["GET"]}}],"collection":[{"href":"https:\/\/dinhosreef.com\/en\/wp-json\/wp\/v2\/product"}],"about":[{"href":"https:\/\/dinhosreef.com\/en\/wp-json\/wp\/v2\/types\/product"}],"replies":[{"embeddable":true,"href":"https:\/\/dinhosreef.com\/en\/wp-json\/wp\/v2\/comments?post=1410786287"}],"wp:featuredmedia":[{"embeddable":true,"href":"https:\/\/dinhosreef.com\/en\/wp-json\/wp\/v2\/media\/1410786286"}],"wp:attachment":[{"href":"https:\/\/dinhosreef.com\/en\/wp-json\/wp\/v2\/media?parent=1410786287"}],"wp:term":[{"taxonomy":"product_brand","embeddable":true,"href":"https:\/\/dinhosreef.com\/en\/wp-json\/wp\/v2\/product_brand?post=1410786287"},{"taxonomy":"product_cat","embeddable":true,"href":"https:\/\/dinhosreef.com\/en\/wp-json\/wp\/v2\/product_cat?post=1410786287"},{"taxonomy":"product_tag","embeddable":true,"href":"https:\/\/dinhosreef.com\/en\/wp-json\/wp\/v2\/product_tag?post=1410786287"}],"curies":[{"name":"wp","href":"https:\/\/api.w.org\/{rel}","templated":true}]}}