{"id":1410786289,"date":"2025-10-18T14:58:46","date_gmt":"2025-10-18T17:58:46","guid":{"rendered":"https:\/\/dinhosreef.com\/produto\/racao-umida-pd-fel-i-d-lata-82g\/"},"modified":"2026-02-27T12:26:50","modified_gmt":"2026-02-27T15:26:50","slug":"racao-umida-pd-fel-i-d-lata-82g","status":"publish","type":"product","link":"https:\/\/dinhosreef.com\/en\/product\/racao-umida-pd-fel-i-d-lata-82g\/","title":{"rendered":"RA\u00c7\u00c2O \u00daMIDA PD FEL I\/D LATA 82G"},"content":{"rendered":"<h3 data-start=\"196\" data-end=\"255\">Ra\u00e7\u00e3o \u00damida Hill\u2019s Prescription Diet i\/d Felino \u2013 82g<\/h3>\n<p data-start=\"256\" data-end=\"301\"><strong data-start=\"256\" data-end=\"301\">Suporte digestivo com alta palatabilidade<\/strong><\/p>\n<p data-start=\"303\" data-end=\"620\">A <strong data-start=\"305\" data-end=\"344\">Hill\u2019s Prescription Diet i\/d Felino<\/strong> \u00e9 uma <strong data-start=\"351\" data-end=\"378\">ra\u00e7\u00e3o \u00famida terap\u00eautica<\/strong> desenvolvida especialmente para gatos com <strong data-start=\"421\" data-end=\"453\">dist\u00farbios gastrointestinais<\/strong>. Com textura macia e sabor irresist\u00edvel, a lata de <strong data-start=\"505\" data-end=\"512\">82g<\/strong> fornece uma nutri\u00e7\u00e3o completa e balanceada que auxilia na recupera\u00e7\u00e3o e no bem-estar digestivo do seu gato.<\/p>\n<h4 data-start=\"622\" data-end=\"651\">Benef\u00edcios principais:<\/h4>\n<p data-start=\"652\" data-end=\"1157\"><strong data-start=\"655\" data-end=\"673\">F\u00e1cil digest\u00e3o<\/strong>: ingredientes altamente digest\u00edveis que promovem a absor\u00e7\u00e3o eficiente dos nutrientes.<br data-start=\"759\" data-end=\"762\" \/><strong data-start=\"765\" data-end=\"797\">Reposi\u00e7\u00e3o nutricional r\u00e1pida<\/strong>: ideal para gatos em recupera\u00e7\u00e3o de v\u00f4mitos, diarreia ou cirurgia gastrointestinal.<br data-start=\"881\" data-end=\"884\" \/><strong data-start=\"887\" data-end=\"910\">Alta palatabilidade<\/strong>: sabor que estimula o apetite, mesmo em gatos debilitados.<br data-start=\"969\" data-end=\"972\" \/><strong data-start=\"975\" data-end=\"1006\">Melhora da sa\u00fade intestinal<\/strong>: fibras sol\u00faveis e prebi\u00f3ticos ajudam a equilibrar a microbiota.<br data-start=\"1071\" data-end=\"1074\" \/><strong data-start=\"1077\" data-end=\"1112\">F\u00f3rmula clinicamente comprovada<\/strong>: suporte eficaz em tratamentos veterin\u00e1rios.<\/p>\n<p data-start=\"1159\" data-end=\"1339\"><strong data-start=\"1159\" data-end=\"1173\">Indica\u00e7\u00e3o:<\/strong> Gatos com problemas gastrointestinais agudos ou cr\u00f4nicos, incluindo gastrite, colite, m\u00e1 digest\u00e3o e recupera\u00e7\u00e3o p\u00f3s-operat\u00f3ria.<br data-start=\"1301\" data-end=\"1304\" \/><strong data-start=\"1304\" data-end=\"1339\">Uso sob prescri\u00e7\u00e3o veterin\u00e1ria.<\/strong><\/p>","protected":false},"excerpt":{"rendered":"<p>Ra\u00e7\u00e3o \u00damida Hill\u2019s Prescription Diet i\/d Felino \u2013 82g Suporte digestivo com alta palatabilidade A Hill\u2019s Prescription Diet i\/d Felino \u00e9 uma ra\u00e7\u00e3o \u00famida terap\u00eautica desenvolvida especialmente para gatos com dist\u00farbios gastrointestinais. Com textura macia e sabor irresist\u00edvel, a lata de 82g fornece uma nutri\u00e7\u00e3o completa e balanceada que auxilia na recupera\u00e7\u00e3o e no bem-estar [&hellip;]<\/p>\n","protected":false},"featured_media":1410786288,"comment_status":"open","ping_status":"closed","template":"","meta":{"googlesitekit_rrm_CAow0N7NCw:productID":"","content-type":"","pmpro_default_level":"","_themeisle_gutenberg_block_has_review":false},"product_brand":[378],"product_cat":[256],"product_tag":[],"class_list":{"0":"post-1410786289","1":"product","2":"type-product","3":"status-publish","4":"has-post-thumbnail","6":"product_brand-hills","7":"product_cat-racoes","8":"pmpro-has-access","10":"first","11":"outofstock","12":"taxable","13":"shipping-taxable","14":"purchasable","15":"product-type-simple"},"_links":{"self":[{"href":"https:\/\/dinhosreef.com\/en\/wp-json\/wp\/v2\/product\/1410786289","targetHints":{"allow":["GET"]}}],"collection":[{"href":"https:\/\/dinhosreef.com\/en\/wp-json\/wp\/v2\/product"}],"about":[{"href":"https:\/\/dinhosreef.com\/en\/wp-json\/wp\/v2\/types\/product"}],"replies":[{"embeddable":true,"href":"https:\/\/dinhosreef.com\/en\/wp-json\/wp\/v2\/comments?post=1410786289"}],"wp:featuredmedia":[{"embeddable":true,"href":"https:\/\/dinhosreef.com\/en\/wp-json\/wp\/v2\/media\/1410786288"}],"wp:attachment":[{"href":"https:\/\/dinhosreef.com\/en\/wp-json\/wp\/v2\/media?parent=1410786289"}],"wp:term":[{"taxonomy":"product_brand","embeddable":true,"href":"https:\/\/dinhosreef.com\/en\/wp-json\/wp\/v2\/product_brand?post=1410786289"},{"taxonomy":"product_cat","embeddable":true,"href":"https:\/\/dinhosreef.com\/en\/wp-json\/wp\/v2\/product_cat?post=1410786289"},{"taxonomy":"product_tag","embeddable":true,"href":"https:\/\/dinhosreef.com\/en\/wp-json\/wp\/v2\/product_tag?post=1410786289"}],"curies":[{"name":"wp","href":"https:\/\/api.w.org\/{rel}","templated":true}]}}