{"id":1410786295,"date":"2025-10-18T14:59:03","date_gmt":"2025-10-18T17:59:03","guid":{"rendered":"https:\/\/dinhosreef.com\/produto\/racao-hills-canine-prescription-diet-u-d-385kg\/"},"modified":"2026-03-12T11:47:38","modified_gmt":"2026-03-12T14:47:38","slug":"racao-hills-canine-prescription-diet-u-d-385kg","status":"publish","type":"product","link":"https:\/\/dinhosreef.com\/en\/product\/racao-hills-canine-prescription-diet-u-d-385kg\/","title":{"rendered":"Ra\u00e7\u00e3o Hills Canine Prescription Diet U\/d 3,85kg"},"content":{"rendered":"<ul>\n<li>Indicada para c\u00e3es;<\/li>\n<li>Alimento coadjuvante para pets adultos;<\/li>\n<li>Cont\u00e9m n\u00edveis controlados de s\u00f3dio e c\u00e1lcio;<\/li>\n<li>Promove n\u00edveis de pH urin\u00e1rio favor\u00e1veis;<\/li>\n<li>Suporte \u00e0s fun\u00e7\u00f5es vitais renais e card\u00edacas,<\/li>\n<li>A embalagem cont\u00e9m 3,8kg.<\/li>\n<\/ul>","protected":false},"excerpt":{"rendered":"<p>Indicada para c\u00e3es; Alimento coadjuvante para pets adultos; Cont\u00e9m n\u00edveis controlados de s\u00f3dio e c\u00e1lcio; Promove n\u00edveis de pH urin\u00e1rio favor\u00e1veis; Suporte \u00e0s fun\u00e7\u00f5es vitais renais e card\u00edacas, A embalagem cont\u00e9m 3,8kg.<\/p>","protected":false},"featured_media":1410786294,"comment_status":"open","ping_status":"closed","template":"","meta":{"googlesitekit_rrm_CAow0N7NCw:productID":"","content-type":"","pmpro_default_level":"","_themeisle_gutenberg_block_has_review":false},"product_brand":[378],"product_cat":[259],"product_tag":[],"class_list":{"0":"post-1410786295","1":"product","2":"type-product","3":"status-publish","4":"has-post-thumbnail","6":"product_brand-hills","7":"product_cat-racoes-alimento-petisco-e-suplemento-caes","8":"pmpro-has-access","10":"first","11":"outofstock","12":"taxable","13":"shipping-taxable","14":"purchasable","15":"product-type-simple"},"_links":{"self":[{"href":"https:\/\/dinhosreef.com\/en\/wp-json\/wp\/v2\/product\/1410786295","targetHints":{"allow":["GET"]}}],"collection":[{"href":"https:\/\/dinhosreef.com\/en\/wp-json\/wp\/v2\/product"}],"about":[{"href":"https:\/\/dinhosreef.com\/en\/wp-json\/wp\/v2\/types\/product"}],"replies":[{"embeddable":true,"href":"https:\/\/dinhosreef.com\/en\/wp-json\/wp\/v2\/comments?post=1410786295"}],"wp:featuredmedia":[{"embeddable":true,"href":"https:\/\/dinhosreef.com\/en\/wp-json\/wp\/v2\/media\/1410786294"}],"wp:attachment":[{"href":"https:\/\/dinhosreef.com\/en\/wp-json\/wp\/v2\/media?parent=1410786295"}],"wp:term":[{"taxonomy":"product_brand","embeddable":true,"href":"https:\/\/dinhosreef.com\/en\/wp-json\/wp\/v2\/product_brand?post=1410786295"},{"taxonomy":"product_cat","embeddable":true,"href":"https:\/\/dinhosreef.com\/en\/wp-json\/wp\/v2\/product_cat?post=1410786295"},{"taxonomy":"product_tag","embeddable":true,"href":"https:\/\/dinhosreef.com\/en\/wp-json\/wp\/v2\/product_tag?post=1410786295"}],"curies":[{"name":"wp","href":"https:\/\/api.w.org\/{rel}","templated":true}]}}