{"id":1410786299,"date":"2025-10-18T14:59:11","date_gmt":"2025-10-18T17:59:11","guid":{"rendered":"https:\/\/dinhosreef.com\/produto\/racao-p-caes-pd-can-i-d-low-fat-original-3-85kg\/"},"modified":"2026-03-17T09:44:21","modified_gmt":"2026-03-17T12:44:21","slug":"racao-p-caes-pd-can-i-d-low-fat-original-3-85kg","status":"publish","type":"product","link":"https:\/\/dinhosreef.com\/en\/product\/racao-p-caes-pd-can-i-d-low-fat-original-3-85kg\/","title":{"rendered":"RA\u00c7\u00c2O P\/C\u00c3ES PD CAN I\/D LOW FAT ORIGINAL 3.85KG"},"content":{"rendered":"<p>Hill\u2019s Prescription Diet i\/d Low Fat Original \u2013 C\u00e3es Adultos 3,85kg<\/p>\n<p>O Hill\u2019s Prescription Diet i\/d Low Fat \u00e9 um alimento super premium terap\u00eautico, especialmente formulado para c\u00e3es com dist\u00farbios digestivos ou que necessitam de uma dieta com baixo teor de gordura. Sua receita altamente digest\u00edvel ajuda a melhorar a sa\u00fade intestinal, restaurar o equil\u00edbrio natural do sistema digestivo e promover uma recupera\u00e7\u00e3o mais r\u00e1pida.<\/p>\n<p>Benef\u00edcios principais:<\/p>\n<p>Baixo teor de gordura, ideal para c\u00e3es com pancreatite, hiperlipidemia ou problemas gastrointestinais sens\u00edveis.<\/p>\n<p>Prebi\u00f3ticos e fibras sol\u00faveis que favorecem o equil\u00edbrio da microbiota intestinal.<\/p>\n<p>Prote\u00ednas de alta qualidade e ingredientes de f\u00e1cil digest\u00e3o para m\u00e1xima absor\u00e7\u00e3o de nutrientes.<\/p>\n<p>Suporte cl\u00ednico comprovado para a sa\u00fade digestiva e melhor consist\u00eancia das fezes.<\/p>\n<p>Enriquecido com antioxidantes e \u00e1cidos graxos \u00f4mega-3 e 6, que auxiliam na recupera\u00e7\u00e3o e imunidade.<\/p>\n<p>Apresenta\u00e7\u00e3o: Saco de 3,85kg<br \/>\nIndicado para: C\u00e3es adultos com sensibilidade digestiva ou necessidade de controle de gordura na dieta.<br \/>\nContraindicado para: Filhotes e cadelas gestantes ou lactantes.<\/p>","protected":false},"excerpt":{"rendered":"<p>Hill\u2019s Prescription Diet i\/d Low Fat Original \u2013 C\u00e3es Adultos 3,85kg O Hill\u2019s Prescription Diet i\/d Low Fat \u00e9 um alimento super premium terap\u00eautico, especialmente formulado para c\u00e3es com dist\u00farbios digestivos ou que necessitam de uma dieta com baixo teor de gordura. Sua receita altamente digest\u00edvel ajuda a melhorar a sa\u00fade intestinal, restaurar o equil\u00edbrio [&hellip;]<\/p>\n","protected":false},"featured_media":1410786298,"comment_status":"open","ping_status":"closed","template":"","meta":{"googlesitekit_rrm_CAow0N7NCw:productID":"","content-type":"","pmpro_default_level":"","_themeisle_gutenberg_block_has_review":false},"product_brand":[378],"product_cat":[259],"product_tag":[],"class_list":{"0":"post-1410786299","1":"product","2":"type-product","3":"status-publish","4":"has-post-thumbnail","6":"product_brand-hills","7":"product_cat-racoes-alimento-petisco-e-suplemento-caes","8":"pmpro-has-access","10":"first","11":"instock","12":"taxable","13":"shipping-taxable","14":"purchasable","15":"product-type-simple"},"_links":{"self":[{"href":"https:\/\/dinhosreef.com\/en\/wp-json\/wp\/v2\/product\/1410786299","targetHints":{"allow":["GET"]}}],"collection":[{"href":"https:\/\/dinhosreef.com\/en\/wp-json\/wp\/v2\/product"}],"about":[{"href":"https:\/\/dinhosreef.com\/en\/wp-json\/wp\/v2\/types\/product"}],"replies":[{"embeddable":true,"href":"https:\/\/dinhosreef.com\/en\/wp-json\/wp\/v2\/comments?post=1410786299"}],"wp:featuredmedia":[{"embeddable":true,"href":"https:\/\/dinhosreef.com\/en\/wp-json\/wp\/v2\/media\/1410786298"}],"wp:attachment":[{"href":"https:\/\/dinhosreef.com\/en\/wp-json\/wp\/v2\/media?parent=1410786299"}],"wp:term":[{"taxonomy":"product_brand","embeddable":true,"href":"https:\/\/dinhosreef.com\/en\/wp-json\/wp\/v2\/product_brand?post=1410786299"},{"taxonomy":"product_cat","embeddable":true,"href":"https:\/\/dinhosreef.com\/en\/wp-json\/wp\/v2\/product_cat?post=1410786299"},{"taxonomy":"product_tag","embeddable":true,"href":"https:\/\/dinhosreef.com\/en\/wp-json\/wp\/v2\/product_tag?post=1410786299"}],"curies":[{"name":"wp","href":"https:\/\/api.w.org\/{rel}","templated":true}]}}