{"id":1410786323,"date":"2025-10-20T10:49:29","date_gmt":"2025-10-20T13:49:29","guid":{"rendered":"https:\/\/dinhosreef.com\/produto\/a-vulso-nexgard-spectra-caes-de-36-a-75kg-1-un\/"},"modified":"2025-10-20T10:49:29","modified_gmt":"2025-10-20T13:49:29","slug":"a-vulso-nexgard-spectra-caes-de-36-a-75kg-1-un","status":"publish","type":"product","link":"https:\/\/dinhosreef.com\/en\/product\/a-vulso-nexgard-spectra-caes-de-36-a-75kg-1-un\/","title":{"rendered":"A VULSO NEXGARD SPECTRA C\u00e3es De 3,6 A 7,5kg  1 UN"},"content":{"rendered":"<h2 class=\"ui-pdp-description__title\" data-testid=\"title\">Descri\u00e7\u00e3o<\/h2>\n<p class=\"ui-pdp-description__content\" data-testid=\"content\">Nexgard Spectra \u00e9 uma solu\u00e7\u00e3o completa contra parasitas em um delicioso tablete mensal sabor carne.<\/p>\n<p>Facilite a prote\u00e7\u00e3o do seu c\u00e3o contra parasitas internos e externos com apenas um tablete mastig\u00e1vel mensal de NexGard Spectra, eficaz contra pulgas, carrapatos, sarnas e vermes intestinais.<\/p>\n<p>Parasitas internos s\u00e3o vermes que podem viver no intestino dos c\u00e3es, podendo ser transmitidos por fezes de animais infestados ou ambientes contaminados, causando desnutri\u00e7\u00e3o, anemia e riscos \u00e0 sa\u00fade humana.<\/p>\n<p>Parasitas externos incluem pulgas, carrapatos e \u00e1caros. Pulgas podem causar coceira intensa, dermatite al\u00e9rgica e anemia. Carrapatos s\u00e3o vetores de doen\u00e7as infecciosas graves, como erliquiose e babesiose, que resultam em plaquetas baixas e anemia. \u00c1caros, incluindo os do ouvido, alimentam-se de cera e \u00f3leos nos canais auditivos, podendo causar inflama\u00e7\u00e3o e infec\u00e7\u00f5es.<\/p>\n<p>Vermes intestinais se alimentam de sangue e nutrientes no intestino dos c\u00e3es, podendo levar a doen\u00e7as gastrointestinais e at\u00e9 a morte se n\u00e3o tratados.<\/p>\n<p>Nexgard Spectra oferece prote\u00e7\u00e3o completa contra vermes intestinais, sarna, pulgas e carrapatos, sendo indicado para filhotes a partir de 8 semanas de idade e com 2kg de peso.<\/p>","protected":false},"excerpt":{"rendered":"<p>Descri\u00e7\u00e3o Nexgard Spectra \u00e9 uma solu\u00e7\u00e3o completa contra parasitas em um delicioso tablete mensal sabor carne. Facilite a prote\u00e7\u00e3o do seu c\u00e3o contra parasitas internos e externos com apenas um tablete mastig\u00e1vel mensal de NexGard Spectra, eficaz contra pulgas, carrapatos, sarnas e vermes intestinais. Parasitas internos s\u00e3o vermes que podem viver no intestino dos c\u00e3es, [&hellip;]<\/p>\n","protected":false},"featured_media":1410786322,"comment_status":"open","ping_status":"closed","template":"","meta":{"googlesitekit_rrm_CAow0N7NCw:productID":"","content-type":"","pmpro_default_level":"","_themeisle_gutenberg_block_has_review":false},"product_brand":[],"product_cat":[269],"product_tag":[],"class_list":{"0":"post-1410786323","1":"product","2":"type-product","3":"status-publish","4":"has-post-thumbnail","6":"product_cat-nexgard","7":"pmpro-has-access","9":"first","10":"outofstock","11":"taxable","12":"shipping-taxable","13":"purchasable","14":"product-type-simple"},"_links":{"self":[{"href":"https:\/\/dinhosreef.com\/en\/wp-json\/wp\/v2\/product\/1410786323","targetHints":{"allow":["GET"]}}],"collection":[{"href":"https:\/\/dinhosreef.com\/en\/wp-json\/wp\/v2\/product"}],"about":[{"href":"https:\/\/dinhosreef.com\/en\/wp-json\/wp\/v2\/types\/product"}],"replies":[{"embeddable":true,"href":"https:\/\/dinhosreef.com\/en\/wp-json\/wp\/v2\/comments?post=1410786323"}],"wp:featuredmedia":[{"embeddable":true,"href":"https:\/\/dinhosreef.com\/en\/wp-json\/wp\/v2\/media\/1410786322"}],"wp:attachment":[{"href":"https:\/\/dinhosreef.com\/en\/wp-json\/wp\/v2\/media?parent=1410786323"}],"wp:term":[{"taxonomy":"product_brand","embeddable":true,"href":"https:\/\/dinhosreef.com\/en\/wp-json\/wp\/v2\/product_brand?post=1410786323"},{"taxonomy":"product_cat","embeddable":true,"href":"https:\/\/dinhosreef.com\/en\/wp-json\/wp\/v2\/product_cat?post=1410786323"},{"taxonomy":"product_tag","embeddable":true,"href":"https:\/\/dinhosreef.com\/en\/wp-json\/wp\/v2\/product_tag?post=1410786323"}],"curies":[{"name":"wp","href":"https:\/\/api.w.org\/{rel}","templated":true}]}}