{"id":1410786325,"date":"2025-10-20T10:49:33","date_gmt":"2025-10-20T13:49:33","guid":{"rendered":"https:\/\/dinhosreef.com\/produto\/a-vulso-antipulgas-e-carrapatos-nexgard-2-a-4kg-com-1-c\/"},"modified":"2026-04-16T10:18:30","modified_gmt":"2026-04-16T13:18:30","slug":"a-vulso-antipulgas-e-carrapatos-nexgard-2-a-4kg-com-1-c","status":"publish","type":"product","link":"https:\/\/dinhosreef.com\/en\/product\/a-vulso-antipulgas-e-carrapatos-nexgard-2-a-4kg-com-1-c\/","title":{"rendered":"A VULSO Antipulgas E Carrapatos Nexgard  2 A 4kg Com 1 Comp."},"content":{"rendered":"<p>Nexgard Antipulgas e Carrapatos para C\u00e3es de 2 a 4kg &#8211; 1 Comprimido<\/p>\n<p>Garanta o conforto e a sa\u00fade do seu c\u00e3o com o Nexgard Antipulgas e Carrapatos, especialmente formulado para c\u00e3es com peso 2 a 4kg. Este produto \u00e9 a escolha ideal para proteger seu amigo de pulgas e carrapatos, oferecendo uma solu\u00e7\u00e3o pr\u00e1tica e eficiente.<\/p>\n<p>Caracter\u00edsticas principais:<\/p>\n<p>&#8211; Peso adequado: Indicado para c\u00e3es com peso entre 2 a 4kg<br \/>&#8211; Idade m\u00ednima: Apropriado para c\u00e3es a partir de 8 semanas de idade.<br \/>&#8211; Prote\u00e7\u00e3o cont\u00ednua: Oferece prote\u00e7\u00e3o mensal contra pulgas e carrapatos.<br \/>&#8211; F\u00e1cil administra\u00e7\u00e3o: Pode ser administrado com ou sem alimentos, em formato de comprimido mastig\u00e1vel.<br \/>&#8211; Seguran\u00e7a e efic\u00e1cia: Desenvolvido para proporcionar a m\u00e1xima seguran\u00e7a e efic\u00e1cia para o seu c\u00e3o.<\/p>\n<p>Por que escolher Nexgard?<\/p>\n<p>Se voc\u00ea notou que seu c\u00e3ozinho est\u00e1 sofrendo com pulgas ou carrapatos, o Nexgard \u00e9 a solu\u00e7\u00e3o perfeita para cuidar do seu bichinho de estima\u00e7\u00e3o. Eliminar parasitas \u00e9 essencial para o bem-estar e a sa\u00fade do seu c\u00e3o, e com Nexgard isso \u00e9 feito de forma r\u00e1pida e eficaz.<\/p>\n<p>O Nexgard \u00e9 uma refer\u00eancia no tratamento contra pulgas e carrapatos, atingindo 100% de efic\u00e1cia contra pulgas apenas 8 horas ap\u00f3s a administra\u00e7\u00e3o. Com Nexgard, voc\u00ea pode ter a tranquilidade de saber que est\u00e1 proporcionando o melhor cuidado para o seu companheiro.<\/p>\n<p>N\u00e3o perca tempo, adquira agora o Nexgard Antipulgas e Carrapatos para C\u00e3es e assegure uma vida livre de parasitas para o seu c\u00e3o.<\/p>\n<p>____________________________________________________________<\/p>\n<p>ESPECIFICA\u00c7\u00c3O:<\/p>\n<p>&#8211; Cont\u00e9m: 1 tablete;<br \/>&#8211; Comprimido palat\u00e1vel: Sabor carne;<br \/>&#8211; Combate Pulgas e Carrapatos;<br \/>&#8211; Dura\u00e7\u00e3o de at\u00e9: 30dias;<br \/>_____________________________________________________________<\/p>","protected":false},"excerpt":{"rendered":"<p>Nexgard Antipulgas e Carrapatos para C\u00e3es de 2 a 4kg &#8211; 1 Comprimido Garanta o conforto e a sa\u00fade do seu c\u00e3o com o Nexgard Antipulgas e Carrapatos, especialmente formulado para c\u00e3es com peso 2 a 4kg. Este produto \u00e9 a escolha ideal para proteger seu amigo de pulgas e carrapatos, oferecendo uma solu\u00e7\u00e3o pr\u00e1tica [&hellip;]<\/p>\n","protected":false},"featured_media":1410786345,"comment_status":"open","ping_status":"closed","template":"","meta":{"googlesitekit_rrm_CAow0N7NCw:productID":"","content-type":"","pmpro_default_level":"","_themeisle_gutenberg_block_has_review":false},"product_brand":[],"product_cat":[269],"product_tag":[],"class_list":{"0":"post-1410786325","1":"product","2":"type-product","3":"status-publish","4":"has-post-thumbnail","6":"product_cat-nexgard","7":"pmpro-has-access","9":"first","10":"outofstock","11":"taxable","12":"shipping-taxable","13":"purchasable","14":"product-type-simple"},"_links":{"self":[{"href":"https:\/\/dinhosreef.com\/en\/wp-json\/wp\/v2\/product\/1410786325","targetHints":{"allow":["GET"]}}],"collection":[{"href":"https:\/\/dinhosreef.com\/en\/wp-json\/wp\/v2\/product"}],"about":[{"href":"https:\/\/dinhosreef.com\/en\/wp-json\/wp\/v2\/types\/product"}],"replies":[{"embeddable":true,"href":"https:\/\/dinhosreef.com\/en\/wp-json\/wp\/v2\/comments?post=1410786325"}],"wp:featuredmedia":[{"embeddable":true,"href":"https:\/\/dinhosreef.com\/en\/wp-json\/wp\/v2\/media\/1410786345"}],"wp:attachment":[{"href":"https:\/\/dinhosreef.com\/en\/wp-json\/wp\/v2\/media?parent=1410786325"}],"wp:term":[{"taxonomy":"product_brand","embeddable":true,"href":"https:\/\/dinhosreef.com\/en\/wp-json\/wp\/v2\/product_brand?post=1410786325"},{"taxonomy":"product_cat","embeddable":true,"href":"https:\/\/dinhosreef.com\/en\/wp-json\/wp\/v2\/product_cat?post=1410786325"},{"taxonomy":"product_tag","embeddable":true,"href":"https:\/\/dinhosreef.com\/en\/wp-json\/wp\/v2\/product_tag?post=1410786325"}],"curies":[{"name":"wp","href":"https:\/\/api.w.org\/{rel}","templated":true}]}}