{"id":1410786337,"date":"2025-10-20T11:01:20","date_gmt":"2025-10-20T14:01:20","guid":{"rendered":"https:\/\/dinhosreef.com\/produto\/a-vulso-simparic-5-a-10-kg-20mg-1-comprimido-mastigaveis-palataveis-zoetis\/"},"modified":"2026-03-05T19:17:31","modified_gmt":"2026-03-05T22:17:31","slug":"a-vulso-simparic-5-a-10-kg-20mg-1-comprimido-mastigaveis-palataveis-zoetis","status":"publish","type":"product","link":"https:\/\/dinhosreef.com\/en\/product\/a-vulso-simparic-5-a-10-kg-20mg-1-comprimido-mastigaveis-palataveis-zoetis\/","title":{"rendered":"A VULSO Simparic 5 a 10 Kg 20mg  1 COMPRIMIDO  Mastig\u00e1veis Palat\u00e1veis Zoetis"},"content":{"rendered":"<h2 class=\"ui-pdp-description__title\" data-testid=\"title\">Descri\u00e7\u00e3o<\/h2>\n<p class=\"ui-pdp-description__content\" data-testid=\"content\">&#8211; Controle de dermatite al\u00e9rgica por picada de pulga (DAPP) ;<br \/>&#8211; Possui a\u00e7\u00e3o r\u00e1pida: fazendo efeito em 3 horas, mantendo-se por at\u00e9 35 dias;<br \/>&#8211; Combate tamb\u00e9m tr\u00eas tipos de sarnas: Sarc\u00f3pticas, Demod\u00e9cica e Otod\u00e9cica;<br \/>&#8211; Indicada para c\u00e3es a partir de 8 semanas de idade e com acima de 1,3 Kg;<br \/>&#8211; Pode ser utilizado em cachorros de portes e ra\u00e7as diferentes;<br \/>&#8211; Sim, Simparic extermina carrapatos e pulgas instantaneamente e age al\u00e9m do per\u00edodo de tratamento mensal.<\/p>\n<p>Simparic \u00e9 um comprimido saboroso que combate carrapatos, pulgas e sarnas. \u00c9 eficaz, seguro e possui a\u00e7\u00e3o r\u00e1pida e sustentada por at\u00e9 35 dias.<\/p>","protected":false},"excerpt":{"rendered":"<p>Descri\u00e7\u00e3o &#8211; Controle de dermatite al\u00e9rgica por picada de pulga (DAPP) ;&#8211; Possui a\u00e7\u00e3o r\u00e1pida: fazendo efeito em 3 horas, mantendo-se por at\u00e9 35 dias;&#8211; Combate tamb\u00e9m tr\u00eas tipos de sarnas: Sarc\u00f3pticas, Demod\u00e9cica e Otod\u00e9cica;&#8211; Indicada para c\u00e3es a partir de 8 semanas de idade e com acima de 1,3 Kg;&#8211; Pode ser utilizado em [&hellip;]<\/p>\n","protected":false},"featured_media":1410786336,"comment_status":"open","ping_status":"closed","template":"","meta":{"googlesitekit_rrm_CAow0N7NCw:productID":"","content-type":"","pmpro_default_level":"","_themeisle_gutenberg_block_has_review":false},"product_brand":[],"product_cat":[268],"product_tag":[],"class_list":{"0":"post-1410786337","1":"product","2":"type-product","3":"status-publish","4":"has-post-thumbnail","6":"product_cat-tratamentos-anti-pulgas","7":"pmpro-has-access","9":"first","10":"outofstock","11":"taxable","12":"shipping-taxable","13":"purchasable","14":"product-type-simple"},"_links":{"self":[{"href":"https:\/\/dinhosreef.com\/en\/wp-json\/wp\/v2\/product\/1410786337","targetHints":{"allow":["GET"]}}],"collection":[{"href":"https:\/\/dinhosreef.com\/en\/wp-json\/wp\/v2\/product"}],"about":[{"href":"https:\/\/dinhosreef.com\/en\/wp-json\/wp\/v2\/types\/product"}],"replies":[{"embeddable":true,"href":"https:\/\/dinhosreef.com\/en\/wp-json\/wp\/v2\/comments?post=1410786337"}],"wp:featuredmedia":[{"embeddable":true,"href":"https:\/\/dinhosreef.com\/en\/wp-json\/wp\/v2\/media\/1410786336"}],"wp:attachment":[{"href":"https:\/\/dinhosreef.com\/en\/wp-json\/wp\/v2\/media?parent=1410786337"}],"wp:term":[{"taxonomy":"product_brand","embeddable":true,"href":"https:\/\/dinhosreef.com\/en\/wp-json\/wp\/v2\/product_brand?post=1410786337"},{"taxonomy":"product_cat","embeddable":true,"href":"https:\/\/dinhosreef.com\/en\/wp-json\/wp\/v2\/product_cat?post=1410786337"},{"taxonomy":"product_tag","embeddable":true,"href":"https:\/\/dinhosreef.com\/en\/wp-json\/wp\/v2\/product_tag?post=1410786337"}],"curies":[{"name":"wp","href":"https:\/\/api.w.org\/{rel}","templated":true}]}}