{"id":1410786341,"date":"2025-10-20T11:01:30","date_gmt":"2025-10-20T14:01:30","guid":{"rendered":"https:\/\/dinhosreef.com\/produto\/a-vulso-antipulgas-simparic-zoetis-caes-2-6-kg-5-kg-1-comp\/"},"modified":"2026-04-01T11:32:18","modified_gmt":"2026-04-01T14:32:18","slug":"a-vulso-antipulgas-simparic-zoetis-caes-2-6-kg-5-kg-1-comp","status":"publish","type":"product","link":"https:\/\/dinhosreef.com\/en\/product\/a-vulso-antipulgas-simparic-zoetis-caes-2-6-kg-5-kg-1-comp\/","title":{"rendered":"A VULSO Antipulgas Simparic Zoetis C\u00e3es 2.6 kg 5 kg 1 COMP."},"content":{"rendered":"<h2 class=\"ui-pdp-description__title\" data-testid=\"title\">Descri\u00e7\u00e3o<\/h2>\n<p class=\"ui-pdp-description__content\" data-testid=\"content\">Zoetis Simparica Dog \u00e9 um comprimido mastig\u00e1vel para c\u00e3es que oferece a\u00e7\u00e3o r\u00e1pida e eficaz no tratamento e controle de pulgas e carrapatos.<\/p>\n<p>Princ\u00edpio ativo: Sarolaner<\/p>\n<p>Modo de administra\u00e7\u00e3o:<br \/>D\u00ea o comprimido diretamente ao seu c\u00e3o ou misture-o com a comida.<\/p>\n<p>Vantagens:<br \/>\u00c9 eficaz contra pulgas e carrapatos, inclusive cepas resistentes.<br \/>Tem uma a\u00e7\u00e3o r\u00e1pida e prolongada.<br \/>\u00c9 palat\u00e1vel, por isso \u00e9 f\u00e1cil de administrar.<\/p>\n<p>Desvantagens:<br \/>Pode causar efeitos colaterais, embora geralmente sejam leves e tempor\u00e1rios.<br \/>\u00c9 um medicamento de prescri\u00e7\u00e3o, portanto deve ser administrado por um veterin\u00e1rio.<\/p>\n<p>Recomenda\u00e7\u00f5es:<br \/>Consulte o seu veterin\u00e1rio antes de dar Simparica ao seu c\u00e3o.<br \/>Siga cuidadosamente as instru\u00e7\u00f5es de administra\u00e7\u00e3o do produto.<br \/>Se voc\u00ea notar algum efeito colateral, entre em contato com seu veterin\u00e1rio imediatamente.<\/p>","protected":false},"excerpt":{"rendered":"<p>Descri\u00e7\u00e3o Zoetis Simparica Dog \u00e9 um comprimido mastig\u00e1vel para c\u00e3es que oferece a\u00e7\u00e3o r\u00e1pida e eficaz no tratamento e controle de pulgas e carrapatos. Princ\u00edpio ativo: Sarolaner Modo de administra\u00e7\u00e3o:D\u00ea o comprimido diretamente ao seu c\u00e3o ou misture-o com a comida. Vantagens:\u00c9 eficaz contra pulgas e carrapatos, inclusive cepas resistentes.Tem uma a\u00e7\u00e3o r\u00e1pida e prolongada.\u00c9 [&hellip;]<\/p>\n","protected":false},"featured_media":1410786340,"comment_status":"open","ping_status":"closed","template":"","meta":{"googlesitekit_rrm_CAow0N7NCw:productID":"","content-type":"","pmpro_default_level":"","_themeisle_gutenberg_block_has_review":false},"product_brand":[],"product_cat":[268],"product_tag":[],"class_list":{"0":"post-1410786341","1":"product","2":"type-product","3":"status-publish","4":"has-post-thumbnail","6":"product_cat-tratamentos-anti-pulgas","7":"pmpro-has-access","9":"first","10":"outofstock","11":"taxable","12":"shipping-taxable","13":"purchasable","14":"product-type-simple"},"_links":{"self":[{"href":"https:\/\/dinhosreef.com\/en\/wp-json\/wp\/v2\/product\/1410786341","targetHints":{"allow":["GET"]}}],"collection":[{"href":"https:\/\/dinhosreef.com\/en\/wp-json\/wp\/v2\/product"}],"about":[{"href":"https:\/\/dinhosreef.com\/en\/wp-json\/wp\/v2\/types\/product"}],"replies":[{"embeddable":true,"href":"https:\/\/dinhosreef.com\/en\/wp-json\/wp\/v2\/comments?post=1410786341"}],"wp:featuredmedia":[{"embeddable":true,"href":"https:\/\/dinhosreef.com\/en\/wp-json\/wp\/v2\/media\/1410786340"}],"wp:attachment":[{"href":"https:\/\/dinhosreef.com\/en\/wp-json\/wp\/v2\/media?parent=1410786341"}],"wp:term":[{"taxonomy":"product_brand","embeddable":true,"href":"https:\/\/dinhosreef.com\/en\/wp-json\/wp\/v2\/product_brand?post=1410786341"},{"taxonomy":"product_cat","embeddable":true,"href":"https:\/\/dinhosreef.com\/en\/wp-json\/wp\/v2\/product_cat?post=1410786341"},{"taxonomy":"product_tag","embeddable":true,"href":"https:\/\/dinhosreef.com\/en\/wp-json\/wp\/v2\/product_tag?post=1410786341"}],"curies":[{"name":"wp","href":"https:\/\/api.w.org\/{rel}","templated":true}]}}