{"id":1410786351,"date":"2025-10-21T17:06:09","date_gmt":"2025-10-21T20:06:09","guid":{"rendered":"https:\/\/dinhosreef.com\/produto\/racao-umida-hills-pd-can-onc-care-cuidado-oncologico-lata-354g\/"},"modified":"2026-02-24T11:12:31","modified_gmt":"2026-02-24T14:12:31","slug":"racao-umida-hills-pd-can-onc-care-cuidado-oncologico-lata-354g","status":"publish","type":"product","link":"https:\/\/dinhosreef.com\/en\/product\/racao-umida-hills-pd-can-onc-care-cuidado-oncologico-lata-354g\/","title":{"rendered":"RA\u00c7\u00c2O \u00daMIDA HILL&#8217;S PD CAN ONC CARE CUIDADO ONCOL\u00d3GICO LATA 354G"},"content":{"rendered":"<h3 data-start=\"201\" data-end=\"271\">Ra\u00e7\u00e3o \u00damida Hill\u2019s Prescription Diet Onc Care Canine \u2013 Lata 354g<\/h3>\n<p data-start=\"272\" data-end=\"319\"><strong data-start=\"272\" data-end=\"319\">Nutri\u00e7\u00e3o especializada para c\u00e3es com c\u00e2ncer<\/strong><\/p>\n<p data-start=\"321\" data-end=\"686\">A <strong data-start=\"323\" data-end=\"367\">Hill\u2019s Prescription Diet Onc Care Canine<\/strong> foi desenvolvida para fornecer <strong data-start=\"399\" data-end=\"445\">suporte nutricional completo e equilibrado<\/strong> para c\u00e3es diagnosticados com <strong data-start=\"475\" data-end=\"498\">neoplasias (c\u00e2ncer)<\/strong>. Com alta palatabilidade e textura \u00famida, esta lata de <strong data-start=\"554\" data-end=\"562\">354g<\/strong> ajuda a manter a <strong data-start=\"580\" data-end=\"601\">for\u00e7a e a energia<\/strong> do seu c\u00e3o durante o tratamento, promovendo qualidade de vida e suporte imunol\u00f3gico.<\/p>\n<h4 data-start=\"688\" data-end=\"717\">Benef\u00edcios principais:<\/h4>\n<p data-start=\"718\" data-end=\"1300\"><strong data-start=\"721\" data-end=\"753\">Manuten\u00e7\u00e3o da massa muscular<\/strong>: prote\u00ednas de alta qualidade para ajudar na preserva\u00e7\u00e3o do tecido magro<br \/>\n<strong data-start=\"832\" data-end=\"855\">Alta palatabilidade<\/strong>: sabor irresist\u00edvel para estimular o apetite, mesmo em c\u00e3es com pouco interesse por comida.<br data-start=\"947\" data-end=\"950\" \/><strong data-start=\"953\" data-end=\"987\">Suporte ao sistema imunol\u00f3gico<\/strong>: enriquecida com antioxidantes e nutrientes essenciais.<br data-start=\"1043\" data-end=\"1046\" \/><strong data-start=\"1049\" data-end=\"1072\">Energia concentrada<\/strong>: calorias provenientes de fontes saud\u00e1veis de gordura, ideal para c\u00e3es com aumento das necessidades energ\u00e9ticas.<br data-start=\"1185\" data-end=\"1188\" \/><strong data-start=\"1191\" data-end=\"1228\">F\u00f3rmula clinicamente desenvolvida<\/strong>: pensada para auxiliar durante todas as fases do tratamento oncol\u00f3gico.<\/p>\n<p data-start=\"1302\" data-end=\"1407\"><strong data-start=\"1302\" data-end=\"1316\">Indica\u00e7\u00e3o:<\/strong> C\u00e3es adultos em tratamento ou recupera\u00e7\u00e3o de c\u00e2ncer.<br data-start=\"1369\" data-end=\"1372\" \/><strong data-start=\"1372\" data-end=\"1407\">Uso sob orienta\u00e7\u00e3o veterin\u00e1ria.<\/strong><\/p>","protected":false},"excerpt":{"rendered":"<p>Ra\u00e7\u00e3o \u00damida Hill\u2019s Prescription Diet Onc Care Canine \u2013 Lata 354g Nutri\u00e7\u00e3o especializada para c\u00e3es com c\u00e2ncer A Hill\u2019s Prescription Diet Onc Care Canine foi desenvolvida para fornecer suporte nutricional completo e equilibrado para c\u00e3es diagnosticados com neoplasias (c\u00e2ncer). Com alta palatabilidade e textura \u00famida, esta lata de 354g ajuda a manter a for\u00e7a e [&hellip;]<\/p>\n","protected":false},"featured_media":1410786350,"comment_status":"open","ping_status":"closed","template":"","meta":{"googlesitekit_rrm_CAow0N7NCw:productID":"","content-type":"","pmpro_default_level":"","_themeisle_gutenberg_block_has_review":false},"product_brand":[378],"product_cat":[259],"product_tag":[],"class_list":{"0":"post-1410786351","1":"product","2":"type-product","3":"status-publish","4":"has-post-thumbnail","6":"product_brand-hills","7":"product_cat-racoes-alimento-petisco-e-suplemento-caes","8":"pmpro-has-access","10":"first","11":"outofstock","12":"taxable","13":"shipping-taxable","14":"purchasable","15":"product-type-simple"},"_links":{"self":[{"href":"https:\/\/dinhosreef.com\/en\/wp-json\/wp\/v2\/product\/1410786351","targetHints":{"allow":["GET"]}}],"collection":[{"href":"https:\/\/dinhosreef.com\/en\/wp-json\/wp\/v2\/product"}],"about":[{"href":"https:\/\/dinhosreef.com\/en\/wp-json\/wp\/v2\/types\/product"}],"replies":[{"embeddable":true,"href":"https:\/\/dinhosreef.com\/en\/wp-json\/wp\/v2\/comments?post=1410786351"}],"wp:featuredmedia":[{"embeddable":true,"href":"https:\/\/dinhosreef.com\/en\/wp-json\/wp\/v2\/media\/1410786350"}],"wp:attachment":[{"href":"https:\/\/dinhosreef.com\/en\/wp-json\/wp\/v2\/media?parent=1410786351"}],"wp:term":[{"taxonomy":"product_brand","embeddable":true,"href":"https:\/\/dinhosreef.com\/en\/wp-json\/wp\/v2\/product_brand?post=1410786351"},{"taxonomy":"product_cat","embeddable":true,"href":"https:\/\/dinhosreef.com\/en\/wp-json\/wp\/v2\/product_cat?post=1410786351"},{"taxonomy":"product_tag","embeddable":true,"href":"https:\/\/dinhosreef.com\/en\/wp-json\/wp\/v2\/product_tag?post=1410786351"}],"curies":[{"name":"wp","href":"https:\/\/api.w.org\/{rel}","templated":true}]}}