{"id":1410786359,"date":"2025-10-21T17:06:26","date_gmt":"2025-10-21T20:06:26","guid":{"rendered":"https:\/\/dinhosreef.com\/produto\/racao-p-caes-pd-can-z-d-original-363kg\/"},"modified":"2026-04-02T10:48:09","modified_gmt":"2026-04-02T13:48:09","slug":"racao-p-caes-pd-can-z-d-original-363kg","status":"publish","type":"product","link":"https:\/\/dinhosreef.com\/en\/product\/racao-p-caes-pd-can-z-d-original-363kg\/","title":{"rendered":"RA\u00c7\u00c2O P\/C\u00c2ES PD CAN Z\/D ORIGINAL 3,63KG"},"content":{"rendered":"<p>A sele\u00e7\u00e3o de um alimento adequado para o seu animal de estima\u00e7\u00e3o \u00e9 muito importante para garantir o seu crescimento, o desenvolvimento e a sa\u00fade. Com esta op\u00e7\u00e3o da Hill&#8217;s voc\u00ea poder\u00e1 cobrir as necessidades nutricionais e energ\u00e9ticas do seu c\u00e3o.<\/p>\n<p>Benef\u00edcios do alimento seco<br \/>\nA maior vantagem do alimento seco para animais de estima\u00e7\u00e3o \u00e9 que ele pode ser armazenado por muito mais tempo sem se deteriorar e evita o aparecimento de fungos ou bact\u00e9rias. Al\u00e9m disso, este tipo de alimento ajuda a remover o t\u00e1rtaro e atrasar a forma\u00e7\u00e3o da placa dent\u00e1ria com o processo de mastiga\u00e7\u00e3o e tritura\u00e7\u00e3o.<\/p>","protected":false},"excerpt":{"rendered":"<p>A sele\u00e7\u00e3o de um alimento adequado para o seu animal de estima\u00e7\u00e3o \u00e9 muito importante para garantir o seu crescimento, o desenvolvimento e a sa\u00fade. Com esta op\u00e7\u00e3o da Hill&#8217;s voc\u00ea poder\u00e1 cobrir as necessidades nutricionais e energ\u00e9ticas do seu c\u00e3o. Benef\u00edcios do alimento seco A maior vantagem do alimento seco para animais de estima\u00e7\u00e3o [&hellip;]<\/p>\n","protected":false},"featured_media":1410786358,"comment_status":"open","ping_status":"closed","template":"","meta":{"googlesitekit_rrm_CAow0N7NCw:productID":"","content-type":"","pmpro_default_level":"","_themeisle_gutenberg_block_has_review":false},"product_brand":[378],"product_cat":[259],"product_tag":[],"class_list":{"0":"post-1410786359","1":"product","2":"type-product","3":"status-publish","4":"has-post-thumbnail","6":"product_brand-hills","7":"product_cat-racoes-alimento-petisco-e-suplemento-caes","8":"pmpro-has-access","10":"first","11":"outofstock","12":"taxable","13":"shipping-taxable","14":"purchasable","15":"product-type-simple"},"_links":{"self":[{"href":"https:\/\/dinhosreef.com\/en\/wp-json\/wp\/v2\/product\/1410786359","targetHints":{"allow":["GET"]}}],"collection":[{"href":"https:\/\/dinhosreef.com\/en\/wp-json\/wp\/v2\/product"}],"about":[{"href":"https:\/\/dinhosreef.com\/en\/wp-json\/wp\/v2\/types\/product"}],"replies":[{"embeddable":true,"href":"https:\/\/dinhosreef.com\/en\/wp-json\/wp\/v2\/comments?post=1410786359"}],"wp:featuredmedia":[{"embeddable":true,"href":"https:\/\/dinhosreef.com\/en\/wp-json\/wp\/v2\/media\/1410786358"}],"wp:attachment":[{"href":"https:\/\/dinhosreef.com\/en\/wp-json\/wp\/v2\/media?parent=1410786359"}],"wp:term":[{"taxonomy":"product_brand","embeddable":true,"href":"https:\/\/dinhosreef.com\/en\/wp-json\/wp\/v2\/product_brand?post=1410786359"},{"taxonomy":"product_cat","embeddable":true,"href":"https:\/\/dinhosreef.com\/en\/wp-json\/wp\/v2\/product_cat?post=1410786359"},{"taxonomy":"product_tag","embeddable":true,"href":"https:\/\/dinhosreef.com\/en\/wp-json\/wp\/v2\/product_tag?post=1410786359"}],"curies":[{"name":"wp","href":"https:\/\/api.w.org\/{rel}","templated":true}]}}