{"id":1410786361,"date":"2025-10-21T17:06:35","date_gmt":"2025-10-21T20:06:35","guid":{"rendered":"https:\/\/dinhosreef.com\/produto\/racao-hills-i-d-caes-digestive-care-pedacos-peq-15kg\/"},"modified":"2026-01-10T12:32:33","modified_gmt":"2026-01-10T15:32:33","slug":"racao-hills-i-d-caes-digestive-care-pedacos-peq-15kg","status":"publish","type":"product","link":"https:\/\/dinhosreef.com\/en\/product\/racao-hills-i-d-caes-digestive-care-pedacos-peq-15kg\/","title":{"rendered":"Ra\u00e7\u00e3o Hills I\/d C\u00e3es Digestive Care Peda\u00e7os Peq 1,5kg"},"content":{"rendered":"<p>Ra\u00e7\u00e3o Hill&#8217;s Prescription Diet I\/D Gastrointestinal \u2013 C\u00e3es Adultos de Pequeno Porte \u2013 1,5kg<\/p>\n<p>A Hill&#8217;s Prescription Diet I\/D Small Bites \u00e9 uma ra\u00e7\u00e3o desenvolvida especialmente para c\u00e3es de pequeno porte com dist\u00farbios gastrointestinais. Sua f\u00f3rmula \u00e9 altamente digest\u00edvel, ajudando a melhorar a absor\u00e7\u00e3o de nutrientes e a aliviar sintomas como diarreia, v\u00f4mito e desconfortos digestivos.<\/p>\n<p>Benef\u00edcios do produto:<\/p>\n<p>Indicado por veterin\u00e1rios para suporte \u00e0 sa\u00fade gastrointestinal<\/p>\n<p>Alta digestibilidade com ingredientes selecionados<\/p>\n<p>Rico em eletr\u00f3litos para repor perdas causadas por dist\u00farbios digestivos<\/p>\n<p>Cont\u00e9m fibras prebi\u00f3ticas (FOS) que equilibram a flora intestinal<\/p>\n<p>Enriquecido com \u00e1cidos graxos \u00f4mega-3, que auxiliam na redu\u00e7\u00e3o da inflama\u00e7\u00e3o<\/p>\n<p>Antioxidantes clinicamente comprovados para fortalecer o sistema imunol\u00f3gico<\/p>\n<p>Gr\u00e3os pequenos, ideais para ra\u00e7as de pequeno porte<\/p>\n<p>Informa\u00e7\u00f5es do produto:<\/p>\n<p>Peso: 1,5kg<\/p>\n<p>Indica\u00e7\u00e3o: C\u00e3es adultos de pequeno porte com sensibilidade ou problemas gastrointestinais<\/p>\n<p>Uso sob prescri\u00e7\u00e3o e orienta\u00e7\u00e3o veterin\u00e1ria<\/p>\n<p>Indica\u00e7\u00f5es comuns: Gastrite, colite, m\u00e1 digest\u00e3o, dist\u00farbios intestinais, recupera\u00e7\u00e3o de cirurgias gastrointestinais e suporte em casos leves de pancreatite.<\/p>","protected":false},"excerpt":{"rendered":"<p>Ra\u00e7\u00e3o Hill&#8217;s Prescription Diet I\/D Gastrointestinal \u2013 C\u00e3es Adultos de Pequeno Porte \u2013 1,5kg A Hill&#8217;s Prescription Diet I\/D Small Bites \u00e9 uma ra\u00e7\u00e3o desenvolvida especialmente para c\u00e3es de pequeno porte com dist\u00farbios gastrointestinais. Sua f\u00f3rmula \u00e9 altamente digest\u00edvel, ajudando a melhorar a absor\u00e7\u00e3o de nutrientes e a aliviar sintomas como diarreia, v\u00f4mito e desconfortos [&hellip;]<\/p>\n","protected":false},"featured_media":1410786360,"comment_status":"open","ping_status":"closed","template":"","meta":{"googlesitekit_rrm_CAow0N7NCw:productID":"","content-type":"","pmpro_default_level":"","_themeisle_gutenberg_block_has_review":false},"product_brand":[378],"product_cat":[259],"product_tag":[],"class_list":{"0":"post-1410786361","1":"product","2":"type-product","3":"status-publish","4":"has-post-thumbnail","6":"product_brand-hills","7":"product_cat-racoes-alimento-petisco-e-suplemento-caes","8":"pmpro-has-access","10":"first","11":"outofstock","12":"taxable","13":"shipping-taxable","14":"purchasable","15":"product-type-simple"},"_links":{"self":[{"href":"https:\/\/dinhosreef.com\/en\/wp-json\/wp\/v2\/product\/1410786361","targetHints":{"allow":["GET"]}}],"collection":[{"href":"https:\/\/dinhosreef.com\/en\/wp-json\/wp\/v2\/product"}],"about":[{"href":"https:\/\/dinhosreef.com\/en\/wp-json\/wp\/v2\/types\/product"}],"replies":[{"embeddable":true,"href":"https:\/\/dinhosreef.com\/en\/wp-json\/wp\/v2\/comments?post=1410786361"}],"wp:featuredmedia":[{"embeddable":true,"href":"https:\/\/dinhosreef.com\/en\/wp-json\/wp\/v2\/media\/1410786360"}],"wp:attachment":[{"href":"https:\/\/dinhosreef.com\/en\/wp-json\/wp\/v2\/media?parent=1410786361"}],"wp:term":[{"taxonomy":"product_brand","embeddable":true,"href":"https:\/\/dinhosreef.com\/en\/wp-json\/wp\/v2\/product_brand?post=1410786361"},{"taxonomy":"product_cat","embeddable":true,"href":"https:\/\/dinhosreef.com\/en\/wp-json\/wp\/v2\/product_cat?post=1410786361"},{"taxonomy":"product_tag","embeddable":true,"href":"https:\/\/dinhosreef.com\/en\/wp-json\/wp\/v2\/product_tag?post=1410786361"}],"curies":[{"name":"wp","href":"https:\/\/api.w.org\/{rel}","templated":true}]}}