{"id":1410786371,"date":"2025-10-21T17:07:08","date_gmt":"2025-10-21T20:07:08","guid":{"rendered":"https:\/\/dinhosreef.com\/produto\/vermifugo-zenprox-gato-4x100-mg\/"},"modified":"2025-12-05T16:40:40","modified_gmt":"2025-12-05T19:40:40","slug":"vermifugo-zenprox-gato-4x100-mg","status":"publish","type":"product","link":"https:\/\/dinhosreef.com\/en\/product\/vermifugo-zenprox-gato-4x100-mg\/","title":{"rendered":"VERMIFUGO ZENPROX GATO 4X100 MG"},"content":{"rendered":"<p>O Verm\u00edfugo Zenprox Kelldrin garante prote\u00e7\u00e3o completa contra os principais vermes intestinais. Com f\u00f3rmula segura e eficiente, oferece sa\u00fade e bem-estar para gatos de todas as idades. Cuidado de alta qualidade para o seu felino! Kelldrin<\/p>","protected":false},"excerpt":{"rendered":"<p>O Verm\u00edfugo Zenprox Kelldrin garante prote\u00e7\u00e3o completa contra os principais vermes intestinais. Com f\u00f3rmula segura e eficiente, oferece sa\u00fade e bem-estar para gatos de todas as idades. Cuidado de alta qualidade para o seu felino! Kelldrin<\/p>","protected":false},"featured_media":1410786370,"comment_status":"open","ping_status":"closed","template":"","meta":{"googlesitekit_rrm_CAow0N7NCw:productID":"","content-type":"","pmpro_default_level":"","_themeisle_gutenberg_block_has_review":false},"product_brand":[],"product_cat":[16],"product_tag":[],"class_list":{"0":"post-1410786371","1":"product","2":"type-product","3":"status-publish","4":"has-post-thumbnail","6":"product_cat-diversos","7":"pmpro-has-access","9":"first","10":"outofstock","11":"taxable","12":"shipping-taxable","13":"purchasable","14":"product-type-simple"},"_links":{"self":[{"href":"https:\/\/dinhosreef.com\/en\/wp-json\/wp\/v2\/product\/1410786371","targetHints":{"allow":["GET"]}}],"collection":[{"href":"https:\/\/dinhosreef.com\/en\/wp-json\/wp\/v2\/product"}],"about":[{"href":"https:\/\/dinhosreef.com\/en\/wp-json\/wp\/v2\/types\/product"}],"replies":[{"embeddable":true,"href":"https:\/\/dinhosreef.com\/en\/wp-json\/wp\/v2\/comments?post=1410786371"}],"wp:featuredmedia":[{"embeddable":true,"href":"https:\/\/dinhosreef.com\/en\/wp-json\/wp\/v2\/media\/1410786370"}],"wp:attachment":[{"href":"https:\/\/dinhosreef.com\/en\/wp-json\/wp\/v2\/media?parent=1410786371"}],"wp:term":[{"taxonomy":"product_brand","embeddable":true,"href":"https:\/\/dinhosreef.com\/en\/wp-json\/wp\/v2\/product_brand?post=1410786371"},{"taxonomy":"product_cat","embeddable":true,"href":"https:\/\/dinhosreef.com\/en\/wp-json\/wp\/v2\/product_cat?post=1410786371"},{"taxonomy":"product_tag","embeddable":true,"href":"https:\/\/dinhosreef.com\/en\/wp-json\/wp\/v2\/product_tag?post=1410786371"}],"curies":[{"name":"wp","href":"https:\/\/api.w.org\/{rel}","templated":true}]}}