{"id":1410786377,"date":"2025-10-21T17:07:26","date_gmt":"2025-10-21T20:07:26","guid":{"rendered":"https:\/\/dinhosreef.com\/produto\/kell-shampoo-cond-clorexidina-500-ml\/"},"modified":"2025-10-25T11:48:21","modified_gmt":"2025-10-25T14:48:21","slug":"kell-shampoo-cond-clorexidina-500-ml","status":"publish","type":"product","link":"https:\/\/dinhosreef.com\/en\/product\/kell-shampoo-cond-clorexidina-500-ml\/","title":{"rendered":"KELL SHAMPOO COND CLOREXIDINA 500 ML"},"content":{"rendered":"<p><strong>Princ\u00edpio ativo:<\/strong><br \/>Digluconato de Clorexidina 0,2%<\/p>\n<p><strong>Indica\u00e7\u00e3o:<\/strong><br \/>A\u00e7\u00e3o antiss\u00e9ptica em conjunto com a Clorexidina promove aux\u00edlio terap\u00eautico nas afec\u00e7\u00f5es da pele, provocadas por picadas de pulgas ou outros agentes em c\u00e3es e gatos.<\/p>\n<p><strong>Modo de usar:<\/strong><br \/>No banho, aplique o produto sobre todo o corpo come\u00e7ando pela cabe\u00e7a em dire\u00e7\u00e3o da cauda, evitando a \u00e1rea dos olhos. Massageie em seguida, sentido contr\u00e1rio aos pelos, deixar o animal coberto pelo produto por tr\u00eas minutos. Logo ap\u00f3s enxaguar o animal reaplicar o produto. Repetindo a opera\u00e7\u00e3o inicial. Recomendado uso a partir de 60 dias de vidas de c\u00e3es e gatos.<\/p>\n<p><strong>Apresenta\u00e7\u00e3o:<\/strong><br \/>12x500mL<\/p>","protected":false},"excerpt":{"rendered":"<p>Princ\u00edpio ativo:Digluconato de Clorexidina 0,2% Indica\u00e7\u00e3o:A\u00e7\u00e3o antiss\u00e9ptica em conjunto com a Clorexidina promove aux\u00edlio terap\u00eautico nas afec\u00e7\u00f5es da pele, provocadas por picadas de pulgas ou outros agentes em c\u00e3es e gatos. Modo de usar:No banho, aplique o produto sobre todo o corpo come\u00e7ando pela cabe\u00e7a em dire\u00e7\u00e3o da cauda, evitando a \u00e1rea dos olhos. Massageie [&hellip;]<\/p>\n","protected":false},"featured_media":1410786376,"comment_status":"open","ping_status":"closed","template":"","meta":{"googlesitekit_rrm_CAow0N7NCw:productID":"","content-type":"","pmpro_default_level":"","_themeisle_gutenberg_block_has_review":false},"product_brand":[],"product_cat":[363],"product_tag":[],"class_list":{"0":"post-1410786377","1":"product","2":"type-product","3":"status-publish","4":"has-post-thumbnail","6":"product_cat-shampoo-e-condicionadores","7":"pmpro-has-access","9":"first","10":"outofstock","11":"taxable","12":"shipping-taxable","13":"purchasable","14":"product-type-simple"},"_links":{"self":[{"href":"https:\/\/dinhosreef.com\/en\/wp-json\/wp\/v2\/product\/1410786377","targetHints":{"allow":["GET"]}}],"collection":[{"href":"https:\/\/dinhosreef.com\/en\/wp-json\/wp\/v2\/product"}],"about":[{"href":"https:\/\/dinhosreef.com\/en\/wp-json\/wp\/v2\/types\/product"}],"replies":[{"embeddable":true,"href":"https:\/\/dinhosreef.com\/en\/wp-json\/wp\/v2\/comments?post=1410786377"}],"wp:featuredmedia":[{"embeddable":true,"href":"https:\/\/dinhosreef.com\/en\/wp-json\/wp\/v2\/media\/1410786376"}],"wp:attachment":[{"href":"https:\/\/dinhosreef.com\/en\/wp-json\/wp\/v2\/media?parent=1410786377"}],"wp:term":[{"taxonomy":"product_brand","embeddable":true,"href":"https:\/\/dinhosreef.com\/en\/wp-json\/wp\/v2\/product_brand?post=1410786377"},{"taxonomy":"product_cat","embeddable":true,"href":"https:\/\/dinhosreef.com\/en\/wp-json\/wp\/v2\/product_cat?post=1410786377"},{"taxonomy":"product_tag","embeddable":true,"href":"https:\/\/dinhosreef.com\/en\/wp-json\/wp\/v2\/product_tag?post=1410786377"}],"curies":[{"name":"wp","href":"https:\/\/api.w.org\/{rel}","templated":true}]}}