{"id":1410786379,"date":"2025-10-21T17:07:29","date_gmt":"2025-10-21T20:07:29","guid":{"rendered":"https:\/\/dinhosreef.com\/produto\/comedouro-automatico-3-litros-para-caes-e-gatos\/"},"modified":"2025-10-21T17:07:29","modified_gmt":"2025-10-21T20:07:29","slug":"comedouro-automatico-3-litros-para-caes-e-gatos","status":"publish","type":"product","link":"https:\/\/dinhosreef.com\/en\/product\/comedouro-automatico-3-litros-para-caes-e-gatos\/","title":{"rendered":"Comedouro Autom\u00e1tico 3 Litros para C\u00e3es E Gatos"},"content":{"rendered":"<h2 class=\"WjNdTR\">Descri\u00e7\u00e3o do produto<\/h2>\n<div class=\"Gf4Ro0\">\n<div class=\"e8lZp3\">\n<p class=\"QN2lPu\">Comedouro Autom\u00e1tico para C\u00e3es e Gatos 3 Litros \u2013 Pr\u00e1tico, Resistente e F\u00e1cil de Limpar &#8211; Tenha mais tranquilidade na hora de alimentar seu pet!<\/p>\n<p class=\"QN2lPu\">\u00a0<\/p>\n<p class=\"QN2lPu\">O Comedouro Autom\u00e1tico 3L \u00e9 a escolha perfeita para quem busca praticidade, seguran\u00e7a e bem-estar para c\u00e3es e gatos. Ele libera a ra\u00e7\u00e3o automaticamente conforme o pet se alimenta, mantendo a comida sempre dispon\u00edvel, mesmo quando voc\u00ea estiver fora de casa.<\/p>\n<p class=\"QN2lPu\">\u00a0<\/p>\n<\/p><\/div>\n<\/p><\/div>","protected":false},"excerpt":{"rendered":"<p>Descri\u00e7\u00e3o do produto Comedouro Autom\u00e1tico para C\u00e3es e Gatos 3 Litros \u2013 Pr\u00e1tico, Resistente e F\u00e1cil de Limpar &#8211; Tenha mais tranquilidade na hora de alimentar seu pet! \u00a0 O Comedouro Autom\u00e1tico 3L \u00e9 a escolha perfeita para quem busca praticidade, seguran\u00e7a e bem-estar para c\u00e3es e gatos. Ele libera a ra\u00e7\u00e3o automaticamente conforme o [&hellip;]<\/p>\n","protected":false},"featured_media":1410786378,"comment_status":"open","ping_status":"closed","template":"","meta":{"googlesitekit_rrm_CAow0N7NCw:productID":"","content-type":"","pmpro_default_level":"","_themeisle_gutenberg_block_has_review":false},"product_brand":[],"product_cat":[16],"product_tag":[],"class_list":{"0":"post-1410786379","1":"product","2":"type-product","3":"status-publish","4":"has-post-thumbnail","6":"product_cat-diversos","7":"pmpro-has-access","9":"first","10":"instock","11":"taxable","12":"shipping-taxable","13":"purchasable","14":"product-type-simple"},"_links":{"self":[{"href":"https:\/\/dinhosreef.com\/en\/wp-json\/wp\/v2\/product\/1410786379","targetHints":{"allow":["GET"]}}],"collection":[{"href":"https:\/\/dinhosreef.com\/en\/wp-json\/wp\/v2\/product"}],"about":[{"href":"https:\/\/dinhosreef.com\/en\/wp-json\/wp\/v2\/types\/product"}],"replies":[{"embeddable":true,"href":"https:\/\/dinhosreef.com\/en\/wp-json\/wp\/v2\/comments?post=1410786379"}],"wp:featuredmedia":[{"embeddable":true,"href":"https:\/\/dinhosreef.com\/en\/wp-json\/wp\/v2\/media\/1410786378"}],"wp:attachment":[{"href":"https:\/\/dinhosreef.com\/en\/wp-json\/wp\/v2\/media?parent=1410786379"}],"wp:term":[{"taxonomy":"product_brand","embeddable":true,"href":"https:\/\/dinhosreef.com\/en\/wp-json\/wp\/v2\/product_brand?post=1410786379"},{"taxonomy":"product_cat","embeddable":true,"href":"https:\/\/dinhosreef.com\/en\/wp-json\/wp\/v2\/product_cat?post=1410786379"},{"taxonomy":"product_tag","embeddable":true,"href":"https:\/\/dinhosreef.com\/en\/wp-json\/wp\/v2\/product_tag?post=1410786379"}],"curies":[{"name":"wp","href":"https:\/\/api.w.org\/{rel}","templated":true}]}}