{"id":1410786412,"date":"2025-10-23T13:25:40","date_gmt":"2025-10-23T16:25:40","guid":{"rendered":"https:\/\/dinhosreef.com\/produto\/maxxi-plantas-ap-4-10cm-planta-artificial-6\/"},"modified":"2025-10-25T10:26:02","modified_gmt":"2025-10-25T13:26:02","slug":"maxxi-plantas-ap-4-10cm-planta-artificial-6","status":"publish","type":"product","link":"https:\/\/dinhosreef.com\/en\/product\/maxxi-plantas-ap-4-10cm-planta-artificial-6\/","title":{"rendered":"MAXXI PLANTAS AP-4&#8243; 10CM Planta Artificial"},"content":{"rendered":"<div class=\"ui-pdp-container__col col-3 ui-pdp-container--column-center pb-16\">\n<div class=\"ui-pdp--sticky-wrapper ui-pdp--sticky-wrapper-center\">\n<div class=\"ui-pdp-container__row\">\n<div class=\"ui-pdp-container__col col-1\">\n<div class=\"ui-pdp-collapsable ui-pdp-description-collapse\">\n<div class=\"ui-pdp-collapsable__container\">\n<div class=\"ui-pdp-description pl-45 pr-45 ui-pdp-collapsable--is-collapsed\">\n<div class=\"container-header\">\n<div class=\"container-img-produto\">\n<div>\n<h4>MAXXI PLANTAS AP-4&#8243; 10CM<\/h4>\n<\/p><\/div>\n<\/p><\/div>\n<\/p><\/div>\n<div class=\"mensagens-header-edicao\">\n<div id=\"mensagem\" class=\"nomessage\"><\/div>\n<\/p><\/div>\n<div class=\"panel-body\">\n<form action=\"\">\n<div id=\"tab-geral\" class=\"tab-container\">\n<p>\u00a0<\/p>\n<\/p><\/div>\n<\/p><input type=\"hidden\" name=\"trp-form-language\" value=\"en\"\/><\/form>\n<\/div>\n<p class=\"ui-pdp-description__content\">\u00a0<\/p>\n<p class=\"ui-pdp-description__content\">A Maxxi Planta Artificial AP-04 10cM \u00e9 perfeita para decorar o seu aqu\u00e1rio. Com 10cm de altura, ela traz um toque de beleza e naturalidade ao ambiente aqu\u00e1tico. Feita pela renomada marca Maxxi, essa planta \u00e9 nova e possui um modelo exclusivo. Sua qualidade e detalhes impressionantes v\u00e3o encantar tanto voc\u00ea quanto seus peixes. Adquira j\u00e1 a Maxxi Planta Artificial AP-049J2 e transforme o seu aqu\u00e1rio em um verdadeiro para\u00edso subaqu\u00e1tico.<\/p>\n<\/p><\/div>\n<\/p><\/div>\n<\/p><\/div>\n<\/p><\/div>\n<\/p><\/div>\n<\/p><\/div>\n<\/p><\/div>","protected":false},"excerpt":{"rendered":"<p>MAXXI PLANTAS AP-4&#8243; 10CM \u00a0 \u00a0 A Maxxi Planta Artificial AP-04 10cM \u00e9 perfeita para decorar o seu aqu\u00e1rio. Com 10cm de altura, ela traz um toque de beleza e naturalidade ao ambiente aqu\u00e1tico. Feita pela renomada marca Maxxi, essa planta \u00e9 nova e possui um modelo exclusivo. Sua qualidade e detalhes impressionantes v\u00e3o encantar [&hellip;]<\/p>\n","protected":false},"featured_media":1410786411,"comment_status":"open","ping_status":"closed","template":"","meta":{"googlesitekit_rrm_CAow0N7NCw:productID":"","content-type":"","pmpro_default_level":"","_themeisle_gutenberg_block_has_review":false},"product_brand":[],"product_cat":[366],"product_tag":[],"class_list":{"0":"post-1410786412","1":"product","2":"type-product","3":"status-publish","4":"has-post-thumbnail","6":"product_cat-plantas-aquaticas-decoracao-para-acuarios","7":"pmpro-has-access","9":"first","10":"instock","11":"taxable","12":"shipping-taxable","13":"purchasable","14":"product-type-simple"},"_links":{"self":[{"href":"https:\/\/dinhosreef.com\/en\/wp-json\/wp\/v2\/product\/1410786412","targetHints":{"allow":["GET"]}}],"collection":[{"href":"https:\/\/dinhosreef.com\/en\/wp-json\/wp\/v2\/product"}],"about":[{"href":"https:\/\/dinhosreef.com\/en\/wp-json\/wp\/v2\/types\/product"}],"replies":[{"embeddable":true,"href":"https:\/\/dinhosreef.com\/en\/wp-json\/wp\/v2\/comments?post=1410786412"}],"wp:featuredmedia":[{"embeddable":true,"href":"https:\/\/dinhosreef.com\/en\/wp-json\/wp\/v2\/media\/1410786411"}],"wp:attachment":[{"href":"https:\/\/dinhosreef.com\/en\/wp-json\/wp\/v2\/media?parent=1410786412"}],"wp:term":[{"taxonomy":"product_brand","embeddable":true,"href":"https:\/\/dinhosreef.com\/en\/wp-json\/wp\/v2\/product_brand?post=1410786412"},{"taxonomy":"product_cat","embeddable":true,"href":"https:\/\/dinhosreef.com\/en\/wp-json\/wp\/v2\/product_cat?post=1410786412"},{"taxonomy":"product_tag","embeddable":true,"href":"https:\/\/dinhosreef.com\/en\/wp-json\/wp\/v2\/product_tag?post=1410786412"}],"curies":[{"name":"wp","href":"https:\/\/api.w.org\/{rel}","templated":true}]}}