{"id":1410786446,"date":"2025-10-25T15:37:08","date_gmt":"2025-10-25T18:37:08","guid":{"rendered":"https:\/\/dinhosreef.com\/produto\/suplemento-alimentar-omegatop-3-1-000mg-caixa-c-40-caps\/"},"modified":"2026-04-09T19:44:32","modified_gmt":"2026-04-09T22:44:32","slug":"suplemento-alimentar-omegatop-3-1-000mg-caixa-c-40-caps","status":"publish","type":"product","link":"https:\/\/dinhosreef.com\/en\/product\/suplemento-alimentar-omegatop-3-1-000mg-caixa-c-40-caps\/","title":{"rendered":"SUPLEMENTO ALIMENTAR OMEGATOP 3 1.000MG CAIXA C\/ 40 CAPS"},"content":{"rendered":"<h3 data-start=\"202\" data-end=\"259\"><strong data-start=\"209\" data-end=\"254\">Omegatop 3 1000mg \u2013 Caixa com 40 C\u00e1psulas<\/strong>\u00a0<\/h3>\n<p data-start=\"261\" data-end=\"486\">O <strong data-start=\"263\" data-end=\"277\">Omegatop 3<\/strong> \u00e9 um <strong data-start=\"283\" data-end=\"339\">suplemento alimentar \u00e0 base de \u00e1cidos graxos \u00f4mega 3<\/strong> (EPA e DHA), especialmente desenvolvido para promover a <strong data-start=\"396\" data-end=\"467\">sa\u00fade da pele, pelagem, articula\u00e7\u00f5es, cora\u00e7\u00e3o e sistema imunol\u00f3gico<\/strong> de c\u00e3es e gatos.<\/p>\n<p data-start=\"488\" data-end=\"638\">Com c\u00e1psulas de <strong data-start=\"504\" data-end=\"514\">1000mg<\/strong>, o Omegatop 3 oferece uma dose equilibrada de nutrientes essenciais que auxiliam no bem-estar e na vitalidade do seu pet.<\/p>\n<p data-start=\"640\" data-end=\"662\"><strong data-start=\"645\" data-end=\"660\">Indica\u00e7\u00f5es:<\/strong><\/p>\n<ul data-start=\"663\" data-end=\"904\">\n<li data-start=\"663\" data-end=\"720\">\n<p data-start=\"665\" data-end=\"720\">Melhora da <strong data-start=\"676\" data-end=\"717\">qualidade da pele e brilho da pelagem<\/strong>;<\/p>\n<\/li>\n<li data-start=\"721\" data-end=\"777\">\n<p data-start=\"723\" data-end=\"777\">Suporte ao <strong data-start=\"734\" data-end=\"774\">sistema cardiovascular e imunol\u00f3gico<\/strong>;<\/p>\n<\/li>\n<li data-start=\"778\" data-end=\"835\">\n<p data-start=\"780\" data-end=\"835\">Auxilia em <strong data-start=\"791\" data-end=\"832\">processos inflamat\u00f3rios e articulares<\/strong>;<\/p>\n<\/li>\n<li data-start=\"836\" data-end=\"904\">\n<p data-start=\"838\" data-end=\"904\">Indicado como <strong data-start=\"852\" data-end=\"879\">complemento nutricional<\/strong> em dietas balanceadas.<\/p>\n<\/li>\n<\/ul>\n<p data-start=\"906\" data-end=\"926\"><strong data-start=\"909\" data-end=\"924\">Benef\u00edcios:<\/strong><\/p>\n<ul data-start=\"927\" data-end=\"1125\">\n<li data-start=\"927\" data-end=\"972\">\n<p data-start=\"929\" data-end=\"972\">Fonte natural de <strong data-start=\"946\" data-end=\"969\">EPA e DHA (\u00f4mega 3)<\/strong>;<\/p>\n<\/li>\n<li data-start=\"973\" data-end=\"1008\">\n<p data-start=\"975\" data-end=\"1008\">C\u00e1psulas f\u00e1ceis de administrar;<\/p>\n<\/li>\n<li data-start=\"1009\" data-end=\"1070\">\n<p data-start=\"1011\" data-end=\"1070\">Contribui para a <strong data-start=\"1028\" data-end=\"1057\">sa\u00fade geral e longevidade<\/strong> do animal;<\/p>\n<\/li>\n<li data-start=\"1071\" data-end=\"1125\">\n<p data-start=\"1073\" data-end=\"1125\">Pode ser usado em c\u00e3es e gatos de todas as idades.<\/p>\n<\/li>\n<\/ul>\n<p data-start=\"1127\" data-end=\"1149\"><strong data-start=\"1130\" data-end=\"1147\">Apresenta\u00e7\u00e3o:<\/strong><\/p>\n<ul data-start=\"1150\" data-end=\"1190\">\n<li data-start=\"1150\" data-end=\"1190\">\n<p data-start=\"1152\" data-end=\"1190\">Caixa com <strong data-start=\"1162\" data-end=\"1187\">40 c\u00e1psulas de 1000mg<\/strong>.<\/p>\n<\/li>\n<\/ul>\n<p data-start=\"1192\" data-end=\"1288\"><strong data-start=\"1195\" data-end=\"1211\">Modo de uso:<\/strong><br data-start=\"1211\" data-end=\"1214\">Administrar por via oral, conforme <strong data-start=\"1249\" data-end=\"1285\">orienta\u00e7\u00e3o do m\u00e9dico-veterin\u00e1rio<\/strong>.<\/p>\n<p data-start=\"1290\" data-end=\"1387\"><strong data-start=\"1293\" data-end=\"1305\">Aten\u00e7\u00e3o:<\/strong><br data-start=\"1305\" data-end=\"1308\">Produto de uso veterin\u00e1rio. O uso deve ser feito sob supervis\u00e3o profissional.<\/p>","protected":false},"excerpt":{"rendered":"<p>Omegatop 3 1000mg \u2013 Caixa com 40 C\u00e1psulas\u00a0 O Omegatop 3 \u00e9 um suplemento alimentar \u00e0 base de \u00e1cidos graxos \u00f4mega 3 (EPA e DHA), especialmente desenvolvido para promover a sa\u00fade da pele, pelagem, articula\u00e7\u00f5es, cora\u00e7\u00e3o e sistema imunol\u00f3gico de c\u00e3es e gatos. Com c\u00e1psulas de 1000mg, o Omegatop 3 oferece uma dose equilibrada de [&hellip;]<\/p>\n","protected":false},"featured_media":1410786445,"comment_status":"open","ping_status":"closed","template":"","meta":{"googlesitekit_rrm_CAow0N7NCw:productID":"","content-type":"","pmpro_default_level":"","_themeisle_gutenberg_block_has_review":false},"product_brand":[],"product_cat":[367],"product_tag":[],"class_list":{"0":"post-1410786446","1":"product","2":"type-product","3":"status-publish","4":"has-post-thumbnail","6":"product_cat-suplementos-e-vitaminas","7":"pmpro-has-access","9":"first","10":"instock","11":"taxable","12":"shipping-taxable","13":"purchasable","14":"product-type-simple"},"_links":{"self":[{"href":"https:\/\/dinhosreef.com\/en\/wp-json\/wp\/v2\/product\/1410786446","targetHints":{"allow":["GET"]}}],"collection":[{"href":"https:\/\/dinhosreef.com\/en\/wp-json\/wp\/v2\/product"}],"about":[{"href":"https:\/\/dinhosreef.com\/en\/wp-json\/wp\/v2\/types\/product"}],"replies":[{"embeddable":true,"href":"https:\/\/dinhosreef.com\/en\/wp-json\/wp\/v2\/comments?post=1410786446"}],"wp:featuredmedia":[{"embeddable":true,"href":"https:\/\/dinhosreef.com\/en\/wp-json\/wp\/v2\/media\/1410786445"}],"wp:attachment":[{"href":"https:\/\/dinhosreef.com\/en\/wp-json\/wp\/v2\/media?parent=1410786446"}],"wp:term":[{"taxonomy":"product_brand","embeddable":true,"href":"https:\/\/dinhosreef.com\/en\/wp-json\/wp\/v2\/product_brand?post=1410786446"},{"taxonomy":"product_cat","embeddable":true,"href":"https:\/\/dinhosreef.com\/en\/wp-json\/wp\/v2\/product_cat?post=1410786446"},{"taxonomy":"product_tag","embeddable":true,"href":"https:\/\/dinhosreef.com\/en\/wp-json\/wp\/v2\/product_tag?post=1410786446"}],"curies":[{"name":"wp","href":"https:\/\/api.w.org\/{rel}","templated":true}]}}