{"id":1410786450,"date":"2025-10-25T15:37:18","date_gmt":"2025-10-25T18:37:18","guid":{"rendered":"https:\/\/dinhosreef.com\/produto\/hidrapet-omega-caixa-com-60-capsulas\/"},"modified":"2026-03-25T11:47:18","modified_gmt":"2026-03-25T14:47:18","slug":"hidrapet-omega-caixa-com-60-capsulas","status":"publish","type":"product","link":"https:\/\/dinhosreef.com\/en\/product\/hidrapet-omega-caixa-com-60-capsulas\/","title":{"rendered":"HIDRAPET OMEGA CAIXA COM 60 C\u00c1PSULAS"},"content":{"rendered":"<ul>\n<li>Indicado para c\u00e3es e gatos;<br \/>&#8211; Suplemento mineral e vitam\u00ednico;<br \/>&#8211; Zero a\u00e7\u00facar;<br \/>&#8211; Com biotina, \u00f4mega 3 e 6;<br \/>&#8211; Auxilia na redu\u00e7\u00e3o de queda de pelos;<br \/>&#8211; Melhora o brilho e sa\u00fade da pele e pelagem;<br \/>&#8211; C\u00e1psulas moles saborosas;<br \/>&#8211; Dispon\u00edvel em embalagem com 60 capsulas.<\/li>\n<\/ul>","protected":false},"excerpt":{"rendered":"<p>Indicado para c\u00e3es e gatos;&#8211; Suplemento mineral e vitam\u00ednico;&#8211; Zero a\u00e7\u00facar;&#8211; Com biotina, \u00f4mega 3 e 6;&#8211; Auxilia na redu\u00e7\u00e3o de queda de pelos;&#8211; Melhora o brilho e sa\u00fade da pele e pelagem;&#8211; C\u00e1psulas moles saborosas;&#8211; Dispon\u00edvel em embalagem com 60 capsulas.<\/p>","protected":false},"featured_media":1410786449,"comment_status":"open","ping_status":"closed","template":"","meta":{"googlesitekit_rrm_CAow0N7NCw:productID":"","content-type":"","pmpro_default_level":"","_themeisle_gutenberg_block_has_review":false},"product_brand":[],"product_cat":[367],"product_tag":[],"class_list":{"0":"post-1410786450","1":"product","2":"type-product","3":"status-publish","4":"has-post-thumbnail","6":"product_cat-suplementos-e-vitaminas","7":"pmpro-has-access","9":"first","10":"outofstock","11":"taxable","12":"shipping-taxable","13":"purchasable","14":"product-type-simple"},"_links":{"self":[{"href":"https:\/\/dinhosreef.com\/en\/wp-json\/wp\/v2\/product\/1410786450","targetHints":{"allow":["GET"]}}],"collection":[{"href":"https:\/\/dinhosreef.com\/en\/wp-json\/wp\/v2\/product"}],"about":[{"href":"https:\/\/dinhosreef.com\/en\/wp-json\/wp\/v2\/types\/product"}],"replies":[{"embeddable":true,"href":"https:\/\/dinhosreef.com\/en\/wp-json\/wp\/v2\/comments?post=1410786450"}],"wp:featuredmedia":[{"embeddable":true,"href":"https:\/\/dinhosreef.com\/en\/wp-json\/wp\/v2\/media\/1410786449"}],"wp:attachment":[{"href":"https:\/\/dinhosreef.com\/en\/wp-json\/wp\/v2\/media?parent=1410786450"}],"wp:term":[{"taxonomy":"product_brand","embeddable":true,"href":"https:\/\/dinhosreef.com\/en\/wp-json\/wp\/v2\/product_brand?post=1410786450"},{"taxonomy":"product_cat","embeddable":true,"href":"https:\/\/dinhosreef.com\/en\/wp-json\/wp\/v2\/product_cat?post=1410786450"},{"taxonomy":"product_tag","embeddable":true,"href":"https:\/\/dinhosreef.com\/en\/wp-json\/wp\/v2\/product_tag?post=1410786450"}],"curies":[{"name":"wp","href":"https:\/\/api.w.org\/{rel}","templated":true}]}}