{"id":1410786454,"date":"2025-10-25T15:37:24","date_gmt":"2025-10-25T18:37:24","guid":{"rendered":"https:\/\/dinhosreef.com\/produto\/flamavet-gato-0-2mg-cartela-c-10-comprimidos\/"},"modified":"2026-02-12T11:21:58","modified_gmt":"2026-02-12T14:21:58","slug":"flamavet-gato-0-2mg-cartela-c-10-comprimidos","status":"publish","type":"product","link":"https:\/\/dinhosreef.com\/en\/product\/flamavet-gato-0-2mg-cartela-c-10-comprimidos\/","title":{"rendered":"FLAMAVET GATO 0.2MG CARTELA C\/ 10 COMPRIMIDOS"},"content":{"rendered":"<h3 data-start=\"163\" data-end=\"227\"><strong data-start=\"170\" data-end=\"222\">Flamavet Gato 0,2mg \u2013 Cartela com 10 Comprimidos<\/strong>\u00a0<\/h3>\n<p data-start=\"229\" data-end=\"558\">O <strong data-start=\"231\" data-end=\"254\">Flamavet Gato 0,2mg<\/strong> \u00e9 um <strong data-start=\"260\" data-end=\"303\">anti-inflamat\u00f3rio n\u00e3o esteroidal (AINE)<\/strong> de uso veterin\u00e1rio, indicado para o <strong data-start=\"340\" data-end=\"384\">tratamento da dor e inflama\u00e7\u00f5es em gatos<\/strong>. Sua f\u00f3rmula \u00e0 base de <strong data-start=\"408\" data-end=\"421\">meloxicam<\/strong> proporciona al\u00edvio r\u00e1pido e seguro em casos de doen\u00e7as musculoesquel\u00e9ticas, p\u00f3s-operat\u00f3rios e outras condi\u00e7\u00f5es que causam desconforto.<\/p>\n<p data-start=\"560\" data-end=\"580\"><strong data-start=\"563\" data-end=\"578\">Indica\u00e7\u00f5es:<\/strong><\/p>\n<ul data-start=\"581\" data-end=\"756\">\n<li data-start=\"581\" data-end=\"627\">\n<p data-start=\"583\" data-end=\"627\">Controle da <strong data-start=\"595\" data-end=\"615\">dor e inflama\u00e7\u00e3o<\/strong> em gatos;<\/p>\n<\/li>\n<li data-start=\"628\" data-end=\"690\">\n<p data-start=\"630\" data-end=\"690\"><strong data-start=\"630\" data-end=\"687\">Tratamentos ortop\u00e9dicos, articulares e p\u00f3s-cir\u00fargicos<\/strong>;<\/p>\n<\/li>\n<li data-start=\"691\" data-end=\"756\">\n<p data-start=\"693\" data-end=\"756\">Al\u00edvio de <strong data-start=\"703\" data-end=\"753\">doen\u00e7as musculoesquel\u00e9ticas agudas ou cr\u00f4nicas<\/strong>.<\/p>\n<\/li>\n<\/ul>\n<p data-start=\"758\" data-end=\"778\"><strong data-start=\"761\" data-end=\"776\">Benef\u00edcios:<\/strong><\/p>\n<ul data-start=\"779\" data-end=\"999\">\n<li data-start=\"779\" data-end=\"830\">\n<p data-start=\"781\" data-end=\"830\">A\u00e7\u00e3o <strong data-start=\"786\" data-end=\"827\">analg\u00e9sica e anti-inflamat\u00f3ria eficaz<\/strong>;<\/p>\n<\/li>\n<li data-start=\"831\" data-end=\"891\">\n<p data-start=\"833\" data-end=\"891\"><strong data-start=\"833\" data-end=\"858\">Espec\u00edfico para gatos<\/strong>, com dosagem segura e precisa;<\/p>\n<\/li>\n<li data-start=\"892\" data-end=\"944\">\n<p data-start=\"894\" data-end=\"944\">Melhora o <strong data-start=\"904\" data-end=\"931\">conforto e a mobilidade<\/strong> do animal;<\/p>\n<\/li>\n<li data-start=\"945\" data-end=\"999\">\n<p data-start=\"947\" data-end=\"999\">F\u00e1cil administra\u00e7\u00e3o em <strong data-start=\"970\" data-end=\"996\">comprimidos palat\u00e1veis<\/strong>.<\/p>\n<\/li>\n<\/ul>\n<p data-start=\"1001\" data-end=\"1023\"><strong data-start=\"1004\" data-end=\"1021\">Apresenta\u00e7\u00e3o:<\/strong><\/p>\n<ul data-start=\"1024\" data-end=\"1073\">\n<li data-start=\"1024\" data-end=\"1073\">\n<p data-start=\"1026\" data-end=\"1073\">Cartela com <strong data-start=\"1038\" data-end=\"1065\">10 comprimidos de 0,2mg<\/strong> cada.<\/p>\n<\/li>\n<\/ul>\n<p data-start=\"1075\" data-end=\"1171\"><strong data-start=\"1078\" data-end=\"1094\">Modo de uso:<\/strong><br data-start=\"1094\" data-end=\"1097\">Administrar por via oral, conforme <strong data-start=\"1132\" data-end=\"1168\">prescri\u00e7\u00e3o do m\u00e9dico-veterin\u00e1rio<\/strong>.<\/p>\n<p data-start=\"1173\" data-end=\"1190\"><strong data-start=\"1176\" data-end=\"1188\">Aten\u00e7\u00e3o:<\/strong><\/p>\n<ul data-start=\"1191\" data-end=\"1306\">\n<li data-start=\"1191\" data-end=\"1236\">\n<p data-start=\"1193\" data-end=\"1236\"><strong data-start=\"1193\" data-end=\"1233\">Uso veterin\u00e1rio exclusivo para gatos<\/strong>.<\/p>\n<\/li>\n<li data-start=\"1237\" data-end=\"1306\">\n<p data-start=\"1239\" data-end=\"1306\">Utilize somente sob <strong data-start=\"1259\" data-end=\"1303\">orienta\u00e7\u00e3o e acompanhamento profissional<\/strong>.<\/p>\n<\/li>\n<\/ul>","protected":false},"excerpt":{"rendered":"<p>Flamavet Gato 0,2mg \u2013 Cartela com 10 Comprimidos\u00a0 O Flamavet Gato 0,2mg \u00e9 um anti-inflamat\u00f3rio n\u00e3o esteroidal (AINE) de uso veterin\u00e1rio, indicado para o tratamento da dor e inflama\u00e7\u00f5es em gatos. Sua f\u00f3rmula \u00e0 base de meloxicam proporciona al\u00edvio r\u00e1pido e seguro em casos de doen\u00e7as musculoesquel\u00e9ticas, p\u00f3s-operat\u00f3rios e outras condi\u00e7\u00f5es que causam desconforto. Indica\u00e7\u00f5es: [&hellip;]<\/p>\n","protected":false},"featured_media":1410786453,"comment_status":"open","ping_status":"closed","template":"","meta":{"googlesitekit_rrm_CAow0N7NCw:productID":"","content-type":"","pmpro_default_level":"","_themeisle_gutenberg_block_has_review":false},"product_brand":[],"product_cat":[367],"product_tag":[],"class_list":{"0":"post-1410786454","1":"product","2":"type-product","3":"status-publish","4":"has-post-thumbnail","6":"product_cat-suplementos-e-vitaminas","7":"pmpro-has-access","9":"first","10":"outofstock","11":"taxable","12":"shipping-taxable","13":"purchasable","14":"product-type-simple"},"_links":{"self":[{"href":"https:\/\/dinhosreef.com\/en\/wp-json\/wp\/v2\/product\/1410786454","targetHints":{"allow":["GET"]}}],"collection":[{"href":"https:\/\/dinhosreef.com\/en\/wp-json\/wp\/v2\/product"}],"about":[{"href":"https:\/\/dinhosreef.com\/en\/wp-json\/wp\/v2\/types\/product"}],"replies":[{"embeddable":true,"href":"https:\/\/dinhosreef.com\/en\/wp-json\/wp\/v2\/comments?post=1410786454"}],"wp:featuredmedia":[{"embeddable":true,"href":"https:\/\/dinhosreef.com\/en\/wp-json\/wp\/v2\/media\/1410786453"}],"wp:attachment":[{"href":"https:\/\/dinhosreef.com\/en\/wp-json\/wp\/v2\/media?parent=1410786454"}],"wp:term":[{"taxonomy":"product_brand","embeddable":true,"href":"https:\/\/dinhosreef.com\/en\/wp-json\/wp\/v2\/product_brand?post=1410786454"},{"taxonomy":"product_cat","embeddable":true,"href":"https:\/\/dinhosreef.com\/en\/wp-json\/wp\/v2\/product_cat?post=1410786454"},{"taxonomy":"product_tag","embeddable":true,"href":"https:\/\/dinhosreef.com\/en\/wp-json\/wp\/v2\/product_tag?post=1410786454"}],"curies":[{"name":"wp","href":"https:\/\/api.w.org\/{rel}","templated":true}]}}