{"id":1410786456,"date":"2025-10-25T15:37:30","date_gmt":"2025-10-25T18:37:30","guid":{"rendered":"https:\/\/dinhosreef.com\/produto\/flamavet-cao-0-5mg-cartela-c-10-comprimidos\/"},"modified":"2026-03-05T19:17:34","modified_gmt":"2026-03-05T22:17:34","slug":"flamavet-cao-0-5mg-cartela-c-10-comprimidos","status":"publish","type":"product","link":"https:\/\/dinhosreef.com\/en\/product\/flamavet-cao-0-5mg-cartela-c-10-comprimidos\/","title":{"rendered":"FLAMAVET CAO 0.5MG CARTELA C\/ 10 COMPRIMIDOS"},"content":{"rendered":"<h3 data-start=\"163\" data-end=\"226\"><strong data-start=\"170\" data-end=\"221\">Flamavet C\u00e3o 0,5mg \u2013 Display com 50 Comprimidos<\/strong>\u00a0<\/h3>\n<p data-start=\"228\" data-end=\"521\">O <strong data-start=\"230\" data-end=\"252\">Flamavet C\u00e3o 0,5mg<\/strong> \u00e9 um <strong data-start=\"258\" data-end=\"301\">anti-inflamat\u00f3rio n\u00e3o esteroidal (AINE)<\/strong> de uso veterin\u00e1rio indicado para o <strong data-start=\"337\" data-end=\"380\">tratamento da dor e inflama\u00e7\u00f5es em c\u00e3es<\/strong>. Formulado \u00e0 base de <strong data-start=\"402\" data-end=\"415\">meloxicam<\/strong>, ele proporciona <strong data-start=\"433\" data-end=\"467\">al\u00edvio r\u00e1pido, eficaz e seguro<\/strong>, ajudando na recupera\u00e7\u00e3o e no bem-estar do seu pet.<\/p>\n<p data-start=\"523\" data-end=\"683\">Ideal para cl\u00ednicas veterin\u00e1rias, criadores e tutores que precisam de um tratamento cont\u00ednuo, o <strong data-start=\"619\" data-end=\"649\">display com 50 comprimidos<\/strong> oferece praticidade e economia.<\/p>\n<p data-start=\"685\" data-end=\"705\"><strong data-start=\"688\" data-end=\"703\">Indica\u00e7\u00f5es:<\/strong><\/p>\n<ul data-start=\"706\" data-end=\"871\">\n<li data-start=\"706\" data-end=\"751\">\n<p data-start=\"708\" data-end=\"751\">Controle da <strong data-start=\"720\" data-end=\"740\">dor e inflama\u00e7\u00e3o<\/strong> em c\u00e3es;<\/p>\n<\/li>\n<li data-start=\"752\" data-end=\"815\">\n<p data-start=\"754\" data-end=\"815\">Tratamentos <strong data-start=\"766\" data-end=\"812\">ortop\u00e9dicos, articulares e p\u00f3s-operat\u00f3rios<\/strong>;<\/p>\n<\/li>\n<li data-start=\"816\" data-end=\"871\">\n<p data-start=\"818\" data-end=\"871\">Doen\u00e7as <strong data-start=\"826\" data-end=\"868\">musculoesquel\u00e9ticas agudas ou cr\u00f4nicas<\/strong>.<\/p>\n<\/li>\n<\/ul>\n<p data-start=\"873\" data-end=\"893\"><strong data-start=\"876\" data-end=\"891\">Benef\u00edcios:<\/strong><\/p>\n<ul data-start=\"894\" data-end=\"1129\">\n<li data-start=\"894\" data-end=\"949\">\n<p data-start=\"896\" data-end=\"949\">A\u00e7\u00e3o <strong data-start=\"901\" data-end=\"946\">analg\u00e9sica e anti-inflamat\u00f3ria comprovada<\/strong>;<\/p>\n<\/li>\n<li data-start=\"950\" data-end=\"1013\">\n<p data-start=\"952\" data-end=\"1013\"><strong data-start=\"952\" data-end=\"979\">F\u00f3rmula segura e eficaz<\/strong> para c\u00e3es de diferentes portes;<\/p>\n<\/li>\n<li data-start=\"1014\" data-end=\"1070\">\n<p data-start=\"1016\" data-end=\"1070\"><strong data-start=\"1016\" data-end=\"1042\">Comprimidos palat\u00e1veis<\/strong> e de f\u00e1cil administra\u00e7\u00e3o;<\/p>\n<\/li>\n<li data-start=\"1071\" data-end=\"1129\">\n<p data-start=\"1073\" data-end=\"1129\">Proporciona <strong data-start=\"1085\" data-end=\"1126\">al\u00edvio r\u00e1pido e melhora da mobilidade<\/strong>.<\/p>\n<\/li>\n<\/ul>\n<p data-start=\"1131\" data-end=\"1153\"><strong data-start=\"1134\" data-end=\"1151\">Apresenta\u00e7\u00e3o:<\/strong><\/p>\n<ul data-start=\"1154\" data-end=\"1203\">\n<li data-start=\"1154\" data-end=\"1203\">\n<p data-start=\"1156\" data-end=\"1203\"><strong data-start=\"1156\" data-end=\"1195\">Display com 50 comprimidos de 0,5mg<\/strong> cada.<\/p>\n<\/li>\n<\/ul>\n<p data-start=\"1205\" data-end=\"1301\"><strong data-start=\"1208\" data-end=\"1224\">Modo de uso:<\/strong><br data-start=\"1224\" data-end=\"1227\">Administrar por via oral, conforme <strong data-start=\"1262\" data-end=\"1298\">prescri\u00e7\u00e3o do m\u00e9dico-veterin\u00e1rio<\/strong>.<\/p>\n<p data-start=\"1303\" data-end=\"1320\"><strong data-start=\"1306\" data-end=\"1318\">Aten\u00e7\u00e3o:<\/strong><\/p>\n<ul data-start=\"1321\" data-end=\"1419\">\n<li data-start=\"1321\" data-end=\"1365\">\n<p data-start=\"1323\" data-end=\"1365\"><strong data-start=\"1323\" data-end=\"1362\">Uso veterin\u00e1rio exclusivo para c\u00e3es<\/strong>;<\/p>\n<\/li>\n<li data-start=\"1366\" data-end=\"1419\">\n<p data-start=\"1368\" data-end=\"1419\">Utilizar somente sob <strong data-start=\"1389\" data-end=\"1416\">orienta\u00e7\u00e3o profissional<\/strong>.<\/p>\n<\/li>\n<\/ul>","protected":false},"excerpt":{"rendered":"<p>Flamavet C\u00e3o 0,5mg \u2013 Display com 50 Comprimidos\u00a0 O Flamavet C\u00e3o 0,5mg \u00e9 um anti-inflamat\u00f3rio n\u00e3o esteroidal (AINE) de uso veterin\u00e1rio indicado para o tratamento da dor e inflama\u00e7\u00f5es em c\u00e3es. Formulado \u00e0 base de meloxicam, ele proporciona al\u00edvio r\u00e1pido, eficaz e seguro, ajudando na recupera\u00e7\u00e3o e no bem-estar do seu pet. Ideal para cl\u00ednicas [&hellip;]<\/p>\n","protected":false},"featured_media":1410786455,"comment_status":"open","ping_status":"closed","template":"","meta":{"googlesitekit_rrm_CAow0N7NCw:productID":"","content-type":"","pmpro_default_level":"","_themeisle_gutenberg_block_has_review":false},"product_brand":[],"product_cat":[367],"product_tag":[],"class_list":{"0":"post-1410786456","1":"product","2":"type-product","3":"status-publish","4":"has-post-thumbnail","6":"product_cat-suplementos-e-vitaminas","7":"pmpro-has-access","9":"first","10":"instock","11":"taxable","12":"shipping-taxable","13":"purchasable","14":"product-type-simple"},"_links":{"self":[{"href":"https:\/\/dinhosreef.com\/en\/wp-json\/wp\/v2\/product\/1410786456","targetHints":{"allow":["GET"]}}],"collection":[{"href":"https:\/\/dinhosreef.com\/en\/wp-json\/wp\/v2\/product"}],"about":[{"href":"https:\/\/dinhosreef.com\/en\/wp-json\/wp\/v2\/types\/product"}],"replies":[{"embeddable":true,"href":"https:\/\/dinhosreef.com\/en\/wp-json\/wp\/v2\/comments?post=1410786456"}],"wp:featuredmedia":[{"embeddable":true,"href":"https:\/\/dinhosreef.com\/en\/wp-json\/wp\/v2\/media\/1410786455"}],"wp:attachment":[{"href":"https:\/\/dinhosreef.com\/en\/wp-json\/wp\/v2\/media?parent=1410786456"}],"wp:term":[{"taxonomy":"product_brand","embeddable":true,"href":"https:\/\/dinhosreef.com\/en\/wp-json\/wp\/v2\/product_brand?post=1410786456"},{"taxonomy":"product_cat","embeddable":true,"href":"https:\/\/dinhosreef.com\/en\/wp-json\/wp\/v2\/product_cat?post=1410786456"},{"taxonomy":"product_tag","embeddable":true,"href":"https:\/\/dinhosreef.com\/en\/wp-json\/wp\/v2\/product_tag?post=1410786456"}],"curies":[{"name":"wp","href":"https:\/\/api.w.org\/{rel}","templated":true}]}}