{"id":1410786470,"date":"2025-10-25T15:38:03","date_gmt":"2025-10-25T18:38:03","guid":{"rendered":"https:\/\/dinhosreef.com\/produto\/mirtazapina-2mg-caixa-com-12-comprimidos\/"},"modified":"2026-03-18T13:57:48","modified_gmt":"2026-03-18T16:57:48","slug":"mirtazapina-2mg-caixa-com-12-comprimidos","status":"publish","type":"product","link":"https:\/\/dinhosreef.com\/en\/product\/mirtazapina-2mg-caixa-com-12-comprimidos\/","title":{"rendered":"MIRTAZAPINA 2MG CAIXA COM 12 COMPRIMIDOS"},"content":{"rendered":"<h3 data-start=\"162\" data-end=\"220\"><strong data-start=\"169\" data-end=\"215\">Mirtazapina 2mg \u2013 Caixa com 12 Comprimidos<\/strong>\u00a0<\/h3>\n<p data-start=\"222\" data-end=\"538\">A <strong data-start=\"224\" data-end=\"243\">Mirtazapina 2mg<\/strong> \u00e9 um medicamento de uso veterin\u00e1rio indicado para <strong data-start=\"294\" data-end=\"393\">estimular o apetite e auxiliar no tratamento de n\u00e1useas, v\u00f4mitos e dist\u00farbios gastrointestinais<\/strong> em c\u00e3es e gatos. Sua f\u00f3rmula age diretamente no sistema nervoso central, ajudando o animal a recuperar o apetite e melhorar o bem-estar geral.<\/p>\n<p data-start=\"540\" data-end=\"562\"><strong data-start=\"545\" data-end=\"560\">Indica\u00e7\u00f5es:<\/strong><\/p>\n<ul data-start=\"563\" data-end=\"723\">\n<li data-start=\"563\" data-end=\"595\">\n<p data-start=\"565\" data-end=\"595\">Falta de apetite (anorexia);<\/p>\n<\/li>\n<li data-start=\"596\" data-end=\"618\">\n<p data-start=\"598\" data-end=\"618\">N\u00e1useas e v\u00f4mitos;<\/p>\n<\/li>\n<li data-start=\"619\" data-end=\"666\">\n<p data-start=\"621\" data-end=\"666\">Perda de peso associada a doen\u00e7as cr\u00f4nicas;<\/p>\n<\/li>\n<li data-start=\"667\" data-end=\"723\">\n<p data-start=\"669\" data-end=\"723\">Apoio em tratamentos oncol\u00f3gicos ou p\u00f3s-operat\u00f3rios.<\/p>\n<\/li>\n<\/ul>\n<p data-start=\"725\" data-end=\"745\"><strong data-start=\"728\" data-end=\"743\">Benef\u00edcios:<\/strong><\/p>\n<ul data-start=\"746\" data-end=\"946\">\n<li data-start=\"746\" data-end=\"785\">\n<p data-start=\"748\" data-end=\"785\">Estimula o apetite de forma eficaz;<\/p>\n<\/li>\n<li data-start=\"786\" data-end=\"835\">\n<p data-start=\"788\" data-end=\"835\">Melhora o conforto e a recupera\u00e7\u00e3o do animal;<\/p>\n<\/li>\n<li data-start=\"836\" data-end=\"875\">\n<p data-start=\"838\" data-end=\"875\">Pode ser utilizado em c\u00e3es e gatos;<\/p>\n<\/li>\n<li data-start=\"876\" data-end=\"946\">\n<p data-start=\"878\" data-end=\"946\">A\u00e7\u00e3o r\u00e1pida e segura, quando utilizada sob orienta\u00e7\u00e3o veterin\u00e1ria.<\/p>\n<\/li>\n<\/ul>\n<p data-start=\"948\" data-end=\"970\"><strong data-start=\"951\" data-end=\"968\">Apresenta\u00e7\u00e3o:<\/strong><\/p>\n<ul data-start=\"971\" data-end=\"1016\">\n<li data-start=\"971\" data-end=\"1016\">\n<p data-start=\"973\" data-end=\"1016\">Caixa com <strong data-start=\"983\" data-end=\"1008\">12 comprimidos de 2mg<\/strong> cada.<\/p>\n<\/li>\n<\/ul>\n<p data-start=\"1018\" data-end=\"1114\"><strong data-start=\"1021\" data-end=\"1037\">Modo de uso:<\/strong><br data-start=\"1037\" data-end=\"1040\">Administrar por via oral, conforme <strong data-start=\"1075\" data-end=\"1111\">prescri\u00e7\u00e3o do m\u00e9dico-veterin\u00e1rio<\/strong>.<\/p>\n<p data-start=\"1116\" data-end=\"1250\"><strong data-start=\"1119\" data-end=\"1131\">Aten\u00e7\u00e3o:<\/strong><br data-start=\"1131\" data-end=\"1134\">O uso deste medicamento deve ser feito <strong data-start=\"1173\" data-end=\"1247\">somente com orienta\u00e7\u00e3o e acompanhamento de um profissional veterin\u00e1rio<\/strong>.<\/p>","protected":false},"excerpt":{"rendered":"<p>Mirtazapina 2mg \u2013 Caixa com 12 Comprimidos\u00a0 A Mirtazapina 2mg \u00e9 um medicamento de uso veterin\u00e1rio indicado para estimular o apetite e auxiliar no tratamento de n\u00e1useas, v\u00f4mitos e dist\u00farbios gastrointestinais em c\u00e3es e gatos. Sua f\u00f3rmula age diretamente no sistema nervoso central, ajudando o animal a recuperar o apetite e melhorar o bem-estar geral. [&hellip;]<\/p>\n","protected":false},"featured_media":1410786469,"comment_status":"open","ping_status":"closed","template":"","meta":{"googlesitekit_rrm_CAow0N7NCw:productID":"","content-type":"","pmpro_default_level":"","_themeisle_gutenberg_block_has_review":false},"product_brand":[],"product_cat":[367],"product_tag":[],"class_list":{"0":"post-1410786470","1":"product","2":"type-product","3":"status-publish","4":"has-post-thumbnail","6":"product_cat-suplementos-e-vitaminas","7":"pmpro-has-access","9":"first","10":"instock","11":"taxable","12":"shipping-taxable","13":"purchasable","14":"product-type-simple"},"_links":{"self":[{"href":"https:\/\/dinhosreef.com\/en\/wp-json\/wp\/v2\/product\/1410786470","targetHints":{"allow":["GET"]}}],"collection":[{"href":"https:\/\/dinhosreef.com\/en\/wp-json\/wp\/v2\/product"}],"about":[{"href":"https:\/\/dinhosreef.com\/en\/wp-json\/wp\/v2\/types\/product"}],"replies":[{"embeddable":true,"href":"https:\/\/dinhosreef.com\/en\/wp-json\/wp\/v2\/comments?post=1410786470"}],"wp:featuredmedia":[{"embeddable":true,"href":"https:\/\/dinhosreef.com\/en\/wp-json\/wp\/v2\/media\/1410786469"}],"wp:attachment":[{"href":"https:\/\/dinhosreef.com\/en\/wp-json\/wp\/v2\/media?parent=1410786470"}],"wp:term":[{"taxonomy":"product_brand","embeddable":true,"href":"https:\/\/dinhosreef.com\/en\/wp-json\/wp\/v2\/product_brand?post=1410786470"},{"taxonomy":"product_cat","embeddable":true,"href":"https:\/\/dinhosreef.com\/en\/wp-json\/wp\/v2\/product_cat?post=1410786470"},{"taxonomy":"product_tag","embeddable":true,"href":"https:\/\/dinhosreef.com\/en\/wp-json\/wp\/v2\/product_tag?post=1410786470"}],"curies":[{"name":"wp","href":"https:\/\/api.w.org\/{rel}","templated":true}]}}