{"id":1410786474,"date":"2025-10-25T15:38:14","date_gmt":"2025-10-25T18:38:14","guid":{"rendered":"https:\/\/dinhosreef.com\/produto\/emedron-5mg-caixa-com-10-comprimidos\/"},"modified":"2026-03-18T12:09:46","modified_gmt":"2026-03-18T15:09:46","slug":"emedron-5mg-caixa-com-10-comprimidos","status":"publish","type":"product","link":"https:\/\/dinhosreef.com\/en\/product\/emedron-5mg-caixa-com-10-comprimidos\/","title":{"rendered":"EMEDRON 5MG CAIXA COM 10 COMPRIMIDOS"},"content":{"rendered":"<h3 data-start=\"151\" data-end=\"202\"><strong data-start=\"158\" data-end=\"200\">Emedron 5mg \u2013 Caixa com 10 Comprimidos<\/strong><\/h3>\n<p data-start=\"204\" data-end=\"545\">O <strong data-start=\"206\" data-end=\"221\">Emedron 5mg<\/strong> \u00e9 um medicamento de uso veterin\u00e1rio indicado para o <strong data-start=\"274\" data-end=\"326\">controle e preven\u00e7\u00e3o de n\u00e1useas, v\u00f4mitos e enjoo<\/strong> em c\u00e3es e gatos. Sua f\u00f3rmula \u00e0 base de <strong data-start=\"366\" data-end=\"396\">cloridrato de ondansetrona<\/strong> atua diretamente no sistema nervoso central, proporcionando al\u00edvio r\u00e1pido e eficaz dos sintomas gastrointestinais causados por diversas condi\u00e7\u00f5es.<\/p>\n<p data-start=\"547\" data-end=\"569\"><strong data-start=\"552\" data-end=\"567\">Indica\u00e7\u00f5es:<\/strong><\/p>\n<ul data-start=\"570\" data-end=\"731\">\n<li data-start=\"570\" data-end=\"610\">\n<p data-start=\"572\" data-end=\"610\">V\u00f4mitos e n\u00e1useas de origem diversa;<\/p>\n<\/li>\n<li data-start=\"611\" data-end=\"643\">\n<p data-start=\"613\" data-end=\"643\">Tratamentos p\u00f3s-operat\u00f3rios;<\/p>\n<\/li>\n<li data-start=\"644\" data-end=\"683\">\n<p data-start=\"646\" data-end=\"683\">Efeitos colaterais de medicamentos;<\/p>\n<\/li>\n<li data-start=\"684\" data-end=\"731\">\n<p data-start=\"686\" data-end=\"731\">Dist\u00farbios gastrointestinais e alimentares.<\/p>\n<\/li>\n<\/ul>\n<p data-start=\"733\" data-end=\"753\"><strong data-start=\"736\" data-end=\"751\">Benef\u00edcios:<\/strong><\/p>\n<ul data-start=\"754\" data-end=\"871\">\n<li data-start=\"754\" data-end=\"779\">\n<p data-start=\"756\" data-end=\"779\">A\u00e7\u00e3o r\u00e1pida e eficaz;<\/p>\n<\/li>\n<li data-start=\"780\" data-end=\"819\">\n<p data-start=\"782\" data-end=\"819\">Pode ser utilizado em c\u00e3es e gatos;<\/p>\n<\/li>\n<li data-start=\"820\" data-end=\"871\">\n<p data-start=\"822\" data-end=\"871\">Facilita a recupera\u00e7\u00e3o e o bem-estar do animal.<\/p>\n<\/li>\n<\/ul>\n<p data-start=\"873\" data-end=\"895\"><strong data-start=\"876\" data-end=\"893\">Apresenta\u00e7\u00e3o:<\/strong><\/p>\n<ul data-start=\"896\" data-end=\"937\">\n<li data-start=\"896\" data-end=\"937\">\n<p data-start=\"898\" data-end=\"937\">Caixa com 10 comprimidos de 5mg cada.<\/p>\n<\/li>\n<\/ul>\n<p data-start=\"939\" data-end=\"1042\"><strong data-start=\"942\" data-end=\"958\">Modo de uso:<\/strong><br data-start=\"958\" data-end=\"961\">Administra\u00e7\u00e3o oral conforme a <strong data-start=\"991\" data-end=\"1027\">orienta\u00e7\u00e3o do m\u00e9dico-veterin\u00e1rio<\/strong> respons\u00e1vel.<\/p>\n<p data-start=\"1044\" data-end=\"1157\"><strong data-start=\"1047\" data-end=\"1059\">Aten\u00e7\u00e3o:<\/strong><br data-start=\"1059\" data-end=\"1062\">O uso de medicamentos deve ser feito <strong data-start=\"1099\" data-end=\"1154\">somente sob prescri\u00e7\u00e3o e acompanhamento veterin\u00e1rio<\/strong>.<\/p>","protected":false},"excerpt":{"rendered":"<p>Emedron 5mg \u2013 Caixa com 10 Comprimidos O Emedron 5mg \u00e9 um medicamento de uso veterin\u00e1rio indicado para o controle e preven\u00e7\u00e3o de n\u00e1useas, v\u00f4mitos e enjoo em c\u00e3es e gatos. Sua f\u00f3rmula \u00e0 base de cloridrato de ondansetrona atua diretamente no sistema nervoso central, proporcionando al\u00edvio r\u00e1pido e eficaz dos sintomas gastrointestinais causados por [&hellip;]<\/p>\n","protected":false},"featured_media":1410786473,"comment_status":"open","ping_status":"closed","template":"","meta":{"googlesitekit_rrm_CAow0N7NCw:productID":"","content-type":"","pmpro_default_level":"","_themeisle_gutenberg_block_has_review":false},"product_brand":[],"product_cat":[367],"product_tag":[],"class_list":{"0":"post-1410786474","1":"product","2":"type-product","3":"status-publish","4":"has-post-thumbnail","6":"product_cat-suplementos-e-vitaminas","7":"pmpro-has-access","9":"first","10":"outofstock","11":"taxable","12":"shipping-taxable","13":"purchasable","14":"product-type-simple"},"_links":{"self":[{"href":"https:\/\/dinhosreef.com\/en\/wp-json\/wp\/v2\/product\/1410786474","targetHints":{"allow":["GET"]}}],"collection":[{"href":"https:\/\/dinhosreef.com\/en\/wp-json\/wp\/v2\/product"}],"about":[{"href":"https:\/\/dinhosreef.com\/en\/wp-json\/wp\/v2\/types\/product"}],"replies":[{"embeddable":true,"href":"https:\/\/dinhosreef.com\/en\/wp-json\/wp\/v2\/comments?post=1410786474"}],"wp:featuredmedia":[{"embeddable":true,"href":"https:\/\/dinhosreef.com\/en\/wp-json\/wp\/v2\/media\/1410786473"}],"wp:attachment":[{"href":"https:\/\/dinhosreef.com\/en\/wp-json\/wp\/v2\/media?parent=1410786474"}],"wp:term":[{"taxonomy":"product_brand","embeddable":true,"href":"https:\/\/dinhosreef.com\/en\/wp-json\/wp\/v2\/product_brand?post=1410786474"},{"taxonomy":"product_cat","embeddable":true,"href":"https:\/\/dinhosreef.com\/en\/wp-json\/wp\/v2\/product_cat?post=1410786474"},{"taxonomy":"product_tag","embeddable":true,"href":"https:\/\/dinhosreef.com\/en\/wp-json\/wp\/v2\/product_tag?post=1410786474"}],"curies":[{"name":"wp","href":"https:\/\/api.w.org\/{rel}","templated":true}]}}