{"id":1410786505,"date":"2025-10-31T18:29:27","date_gmt":"2025-10-31T21:29:27","guid":{"rendered":"https:\/\/dinhosreef.com\/produto\/maxxi-plantas-hp-8-20cm-planta-artificial-7\/"},"modified":"2025-10-31T18:29:27","modified_gmt":"2025-10-31T21:29:27","slug":"maxxi-plantas-hp-8-20cm-planta-artificial-7","status":"publish","type":"product","link":"https:\/\/dinhosreef.com\/en\/product\/maxxi-plantas-hp-8-20cm-planta-artificial-7\/","title":{"rendered":"MAXXI PLANTAS HP-8&#8243; 20CM Planta Artificial"},"content":{"rendered":"<div class=\"container-header\">\n<div class=\"container-img-produto\">\n<div>\n<h4>MAXXI PLANTAS HP-8&#8243; 20CM Planta Artificial<\/h4>\n<\/p><\/div>\n<\/p><\/div>\n<\/p><\/div>\n<div class=\"mensagens-header-edicao\">\n<div id=\"mensagem\" class=\"nomessage\"><\/div>\n<\/p><\/div>\n<div class=\"panel-body\">\n<form action=\"\">\n<div id=\"tab-geral\" class=\"tab-container\">\n<p>Transforme seu aqu\u00e1rio em um verdadeiro para\u00edso subaqu\u00e1tico com a Maxxi Planta Pl\u00e1stica Enfeite Para Aqu\u00e1rios HP-8 AP de 20cm. Esta planta decorativa, com um vibrante design , \u00e9 ideal para quem busca adicionar um toque de cor e vida ao ambiente aqu\u00e1tico. Fabricada em pl\u00e1stico de alta qualidade, sua base em resina at\u00f3xica garante seguran\u00e7a para os peixes e outros habitantes do aqu\u00e1rio. Al\u00e9m de ser uma op\u00e7\u00e3o dur\u00e1vel e de f\u00e1cil manuten\u00e7\u00e3o, a planta \u00e9 perfeita para criar um ambiente harmonioso e natural. Com a Maxxi, voc\u00ea pode ter a certeza de que est\u00e1 adquirindo um produto novo e de excelente qualidade, que ir\u00e1 embelezar seu aqu\u00e1rio por muito tempo. N\u00e3o perca a oportunidade de enriquecer a decora\u00e7\u00e3o do seu espa\u00e7o aqu\u00e1tico!<\/p>\n<\/p><\/div>\n<\/p><input type=\"hidden\" name=\"trp-form-language\" value=\"en\"\/><\/form>\n<\/div>","protected":false},"excerpt":{"rendered":"<p>MAXXI PLANTAS HP-8&#8243; 20CM Planta Artificial Transforme seu aqu\u00e1rio em um verdadeiro para\u00edso subaqu\u00e1tico com a Maxxi Planta Pl\u00e1stica Enfeite Para Aqu\u00e1rios HP-8 AP de 20cm. Esta planta decorativa, com um vibrante design , \u00e9 ideal para quem busca adicionar um toque de cor e vida ao ambiente aqu\u00e1tico. Fabricada em pl\u00e1stico de alta qualidade, [&hellip;]<\/p>\n","protected":false},"featured_media":1410786504,"comment_status":"open","ping_status":"closed","template":"","meta":{"googlesitekit_rrm_CAow0N7NCw:productID":"","content-type":"","pmpro_default_level":"","_themeisle_gutenberg_block_has_review":false},"product_brand":[],"product_cat":[366],"product_tag":[],"class_list":{"0":"post-1410786505","1":"product","2":"type-product","3":"status-publish","4":"has-post-thumbnail","6":"product_cat-plantas-aquaticas-decoracao-para-acuarios","7":"pmpro-has-access","9":"first","10":"instock","11":"taxable","12":"shipping-taxable","13":"purchasable","14":"product-type-simple"},"_links":{"self":[{"href":"https:\/\/dinhosreef.com\/en\/wp-json\/wp\/v2\/product\/1410786505","targetHints":{"allow":["GET"]}}],"collection":[{"href":"https:\/\/dinhosreef.com\/en\/wp-json\/wp\/v2\/product"}],"about":[{"href":"https:\/\/dinhosreef.com\/en\/wp-json\/wp\/v2\/types\/product"}],"replies":[{"embeddable":true,"href":"https:\/\/dinhosreef.com\/en\/wp-json\/wp\/v2\/comments?post=1410786505"}],"wp:featuredmedia":[{"embeddable":true,"href":"https:\/\/dinhosreef.com\/en\/wp-json\/wp\/v2\/media\/1410786504"}],"wp:attachment":[{"href":"https:\/\/dinhosreef.com\/en\/wp-json\/wp\/v2\/media?parent=1410786505"}],"wp:term":[{"taxonomy":"product_brand","embeddable":true,"href":"https:\/\/dinhosreef.com\/en\/wp-json\/wp\/v2\/product_brand?post=1410786505"},{"taxonomy":"product_cat","embeddable":true,"href":"https:\/\/dinhosreef.com\/en\/wp-json\/wp\/v2\/product_cat?post=1410786505"},{"taxonomy":"product_tag","embeddable":true,"href":"https:\/\/dinhosreef.com\/en\/wp-json\/wp\/v2\/product_tag?post=1410786505"}],"curies":[{"name":"wp","href":"https:\/\/api.w.org\/{rel}","templated":true}]}}