{"id":1410786517,"date":"2025-11-03T16:09:18","date_gmt":"2025-11-03T19:09:18","guid":{"rendered":"https:\/\/dinhosreef.com\/produto\/oceanmax-luminaria-60cm-leds-branco-rosa-25w\/"},"modified":"2026-02-11T10:46:48","modified_gmt":"2026-02-11T13:46:48","slug":"oceanmax-luminaria-60cm-leds-branco-rosa-25w","status":"publish","type":"product","link":"https:\/\/dinhosreef.com\/en\/product\/oceanmax-luminaria-60cm-leds-branco-rosa-25w\/","title":{"rendered":"OCEANMAX LUMINARIA 60CM &#8211; LEDS BRANCO\/ROSA &#8211; 25W"},"content":{"rendered":"<h3 data-start=\"159\" data-end=\"217\"><strong data-start=\"166\" data-end=\"217\">Oceanmax Lumin\u00e1ria 60cm &#8211; LED Branco\/Rosa &#8211; 25W<\/strong><\/h3>\n<p data-start=\"219\" data-end=\"449\">Ilumine seu aqu\u00e1rio com estilo e efici\u00eancia!\u00a0<br data-start=\"266\" data-end=\"269\">A <strong data-start=\"271\" data-end=\"298\">Oceanmax Lumin\u00e1ria 60cm<\/strong> foi desenvolvida especialmente para real\u00e7ar as cores dos peixes e plantas aqu\u00e1ticas, proporcionando um visual deslumbrante e natural ao seu aqu\u00e1rio.<\/p>\n<p data-start=\"451\" data-end=\"616\">Com <strong data-start=\"455\" data-end=\"487\">LEDs nas cores branca e rosa<\/strong>, esta lumin\u00e1ria cria uma ilumina\u00e7\u00e3o equilibrada, destacando tons vivos e garantindo o bem-estar dos habitantes do seu aqu\u00e1rio.<\/p>\n<h4 data-start=\"618\" data-end=\"645\"><strong data-start=\"625\" data-end=\"645\">Caracter\u00edsticas:<\/strong><\/h4>\n<ul data-start=\"646\" data-end=\"912\">\n<li data-start=\"646\" data-end=\"670\">\n<p data-start=\"648\" data-end=\"670\"><strong data-start=\"651\" data-end=\"664\">Pot\u00eancia:<\/strong> 25W<\/p>\n<\/li>\n<li data-start=\"671\" data-end=\"700\">\n<p data-start=\"673\" data-end=\"700\"><strong data-start=\"676\" data-end=\"692\">Comprimento:<\/strong> 60 cm<\/p>\n<\/li>\n<li data-start=\"701\" data-end=\"741\">\n<p data-start=\"703\" data-end=\"741\"><strong data-start=\"706\" data-end=\"725\">Cores dos LEDs:<\/strong> Branco e Rosa<\/p>\n<\/li>\n<li data-start=\"742\" data-end=\"801\">\n<p data-start=\"744\" data-end=\"801\"><strong data-start=\"747\" data-end=\"775\">Baixo consumo de energia<\/strong> e <strong data-start=\"778\" data-end=\"799\">alta durabilidade<\/strong><\/p>\n<\/li>\n<li data-start=\"802\" data-end=\"856\">\n<p data-start=\"804\" data-end=\"856\">\u00a0Ideal para <strong data-start=\"818\" data-end=\"854\">aqu\u00e1rios plantados e ornamentais<\/strong><\/p>\n<\/li>\n<li data-start=\"857\" data-end=\"912\">\n<p data-start=\"859\" data-end=\"912\"><strong data-start=\"862\" data-end=\"882\">F\u00e1cil instala\u00e7\u00e3o<\/strong> e <strong data-start=\"885\" data-end=\"910\">design moderno e leve<\/strong><\/p>\n<\/li>\n<\/ul>\n<h4 data-start=\"914\" data-end=\"937\"><strong data-start=\"922\" data-end=\"937\">Benef\u00edcios:<\/strong><\/h4>\n<ul data-start=\"938\" data-end=\"1152\">\n<li data-start=\"938\" data-end=\"987\">\n<p data-start=\"940\" data-end=\"987\">Real\u00e7a as cores naturais dos peixes e plantas<\/p>\n<\/li>\n<li data-start=\"988\" data-end=\"1045\">\n<p data-start=\"990\" data-end=\"1045\">Estimula o crescimento saud\u00e1vel das plantas aqu\u00e1ticas<\/p>\n<\/li>\n<li data-start=\"1046\" data-end=\"1089\">\n<p data-start=\"1048\" data-end=\"1089\">Garante uma ilumina\u00e7\u00e3o uniforme e suave<\/p>\n<\/li>\n<li data-start=\"1090\" data-end=\"1152\">\n<p data-start=\"1092\" data-end=\"1152\">Alta efici\u00eancia energ\u00e9tica \u2014 mais brilho com menor consumo<\/p>\n<\/li>\n<\/ul>\n<p data-start=\"1154\" data-end=\"1296\">Transforme o visual do seu aqu\u00e1rio com a <strong data-start=\"1195\" data-end=\"1222\">Oceanmax Lumin\u00e1ria 60cm<\/strong> e tenha um ambiente aqu\u00e1tico ainda mais bonito, saud\u00e1vel e vibrante!\u00a0<\/p>","protected":false},"excerpt":{"rendered":"<p>Oceanmax Lumin\u00e1ria 60cm &#8211; LED Branco\/Rosa &#8211; 25W Ilumine seu aqu\u00e1rio com estilo e efici\u00eancia!\u00a0A Oceanmax Lumin\u00e1ria 60cm foi desenvolvida especialmente para real\u00e7ar as cores dos peixes e plantas aqu\u00e1ticas, proporcionando um visual deslumbrante e natural ao seu aqu\u00e1rio. Com LEDs nas cores branca e rosa, esta lumin\u00e1ria cria uma ilumina\u00e7\u00e3o equilibrada, destacando tons vivos [&hellip;]<\/p>\n","protected":false},"featured_media":1410786516,"comment_status":"open","ping_status":"closed","template":"","meta":{"googlesitekit_rrm_CAow0N7NCw:productID":"","content-type":"","pmpro_default_level":"","_themeisle_gutenberg_block_has_review":false},"product_brand":[],"product_cat":[59],"product_tag":[],"class_list":{"0":"post-1410786517","1":"product","2":"type-product","3":"status-publish","4":"has-post-thumbnail","6":"product_cat-iluminacao-para-aquarios","7":"pmpro-has-access","9":"first","10":"instock","11":"taxable","12":"shipping-taxable","13":"purchasable","14":"product-type-simple"},"_links":{"self":[{"href":"https:\/\/dinhosreef.com\/en\/wp-json\/wp\/v2\/product\/1410786517","targetHints":{"allow":["GET"]}}],"collection":[{"href":"https:\/\/dinhosreef.com\/en\/wp-json\/wp\/v2\/product"}],"about":[{"href":"https:\/\/dinhosreef.com\/en\/wp-json\/wp\/v2\/types\/product"}],"replies":[{"embeddable":true,"href":"https:\/\/dinhosreef.com\/en\/wp-json\/wp\/v2\/comments?post=1410786517"}],"wp:featuredmedia":[{"embeddable":true,"href":"https:\/\/dinhosreef.com\/en\/wp-json\/wp\/v2\/media\/1410786516"}],"wp:attachment":[{"href":"https:\/\/dinhosreef.com\/en\/wp-json\/wp\/v2\/media?parent=1410786517"}],"wp:term":[{"taxonomy":"product_brand","embeddable":true,"href":"https:\/\/dinhosreef.com\/en\/wp-json\/wp\/v2\/product_brand?post=1410786517"},{"taxonomy":"product_cat","embeddable":true,"href":"https:\/\/dinhosreef.com\/en\/wp-json\/wp\/v2\/product_cat?post=1410786517"},{"taxonomy":"product_tag","embeddable":true,"href":"https:\/\/dinhosreef.com\/en\/wp-json\/wp\/v2\/product_tag?post=1410786517"}],"curies":[{"name":"wp","href":"https:\/\/api.w.org\/{rel}","templated":true}]}}