{"id":1410786525,"date":"2025-11-03T17:07:22","date_gmt":"2025-11-03T20:07:22","guid":{"rendered":"https:\/\/dinhosreef.com\/produto\/racao-premier-formula-racas-pequenas-adultos-frango-1-kg\/"},"modified":"2026-04-14T11:34:04","modified_gmt":"2026-04-14T14:34:04","slug":"racao-premier-formula-racas-pequenas-adultos-frango-1-kg","status":"publish","type":"product","link":"https:\/\/dinhosreef.com\/en\/product\/racao-premier-formula-racas-pequenas-adultos-frango-1-kg\/","title":{"rendered":"RA\u00c7\u00c3O PREMIER FORMULA  RA\u00c7AS PEQUENAS ADULTOS FRANGO 1 KG"},"content":{"rendered":"<h2>Ra\u00e7\u00e3o Premier Formula C\u00e3es Adultos Ra\u00e7as Pequenas Frango<\/h2>\n<p>A\u00a0<strong>Ra\u00e7\u00e3o Premier Formula C\u00e3es Adultos Ra\u00e7as Pequenas<\/strong>\u00a0\u00e9 elaborada com ingredientes naturais nobres, sem corantes e aromatizantes artificiais, selecionados sob rigoroso controle de qualidade, garantindo um alimento muito mais nutritivo e saboroso.<\/p>\n<p>Sua composi\u00e7\u00e3o ajuda a ter pele e pelagem saud\u00e1veis e bonitas. Al\u00e9m de contribuir para a sa\u00fade e vitalidade do seu bichinho, proporciona uma pelagem mais bonita, fezes em menor volume, melhor digestibilidade e mais sa\u00fade.<\/p>","protected":false},"excerpt":{"rendered":"<p>Ra\u00e7\u00e3o Premier Formula C\u00e3es Adultos Ra\u00e7as Pequenas Frango A\u00a0Ra\u00e7\u00e3o Premier Formula C\u00e3es Adultos Ra\u00e7as Pequenas\u00a0\u00e9 elaborada com ingredientes naturais nobres, sem corantes e aromatizantes artificiais, selecionados sob rigoroso controle de qualidade, garantindo um alimento muito mais nutritivo e saboroso. Sua composi\u00e7\u00e3o ajuda a ter pele e pelagem saud\u00e1veis e bonitas. Al\u00e9m de contribuir para a [&hellip;]<\/p>\n","protected":false},"featured_media":1410786524,"comment_status":"open","ping_status":"closed","template":"","meta":{"googlesitekit_rrm_CAow0N7NCw:productID":"","content-type":"","pmpro_default_level":"","_themeisle_gutenberg_block_has_review":false},"product_brand":[330],"product_cat":[259],"product_tag":[],"class_list":{"0":"post-1410786525","1":"product","2":"type-product","3":"status-publish","4":"has-post-thumbnail","6":"product_brand-premier","7":"product_cat-racoes-alimento-petisco-e-suplemento-caes","8":"pmpro-has-access","10":"first","11":"instock","12":"taxable","13":"shipping-taxable","14":"purchasable","15":"product-type-simple"},"_links":{"self":[{"href":"https:\/\/dinhosreef.com\/en\/wp-json\/wp\/v2\/product\/1410786525","targetHints":{"allow":["GET"]}}],"collection":[{"href":"https:\/\/dinhosreef.com\/en\/wp-json\/wp\/v2\/product"}],"about":[{"href":"https:\/\/dinhosreef.com\/en\/wp-json\/wp\/v2\/types\/product"}],"replies":[{"embeddable":true,"href":"https:\/\/dinhosreef.com\/en\/wp-json\/wp\/v2\/comments?post=1410786525"}],"wp:featuredmedia":[{"embeddable":true,"href":"https:\/\/dinhosreef.com\/en\/wp-json\/wp\/v2\/media\/1410786524"}],"wp:attachment":[{"href":"https:\/\/dinhosreef.com\/en\/wp-json\/wp\/v2\/media?parent=1410786525"}],"wp:term":[{"taxonomy":"product_brand","embeddable":true,"href":"https:\/\/dinhosreef.com\/en\/wp-json\/wp\/v2\/product_brand?post=1410786525"},{"taxonomy":"product_cat","embeddable":true,"href":"https:\/\/dinhosreef.com\/en\/wp-json\/wp\/v2\/product_cat?post=1410786525"},{"taxonomy":"product_tag","embeddable":true,"href":"https:\/\/dinhosreef.com\/en\/wp-json\/wp\/v2\/product_tag?post=1410786525"}],"curies":[{"name":"wp","href":"https:\/\/api.w.org\/{rel}","templated":true}]}}