{"id":1410786527,"date":"2025-11-03T17:07:54","date_gmt":"2025-11-03T20:07:54","guid":{"rendered":"https:\/\/dinhosreef.com\/produto\/racao-premier-formula-racas-peq-adultos-frango-25-kg\/"},"modified":"2026-04-09T09:59:35","modified_gmt":"2026-04-09T12:59:35","slug":"racao-premier-formula-racas-peq-adultos-frango-25-kg","status":"publish","type":"product","link":"https:\/\/dinhosreef.com\/en\/product\/racao-premier-formula-racas-peq-adultos-frango-25-kg\/","title":{"rendered":"RA\u00c7\u00c3O PREMIER FORMULA RA\u00c7AS PEQ ADULTOS FRANGO 2,5 KG"},"content":{"rendered":"<p>A\u00a0<strong>Ra\u00e7\u00e3o\u00a0Premier Pet\u00a0Formula C\u00e3es Adultos Ra\u00e7as Pequenas\u00a0<\/strong>\u00e9 o primeiro alimento Super Premium fabricado no Brasil, ele \u00e9 cientificamente formulado segundo o conceito de Nutri\u00e7\u00e3o \u00d3tima, contendo somente ingredientes nobres e selecionados sob rigoroso controle de qualidade, garantindo um alimento muito mais nutritivo e saboroso. Isto significa uma pelagem mais bonita, fezes em menor volume, melhor digestibilidade e mais sa\u00fade.<br \/>&#8211; Alimento rico em nutrientes, promove a pelagem bonita e pele saud\u00e1vel;<br \/>&#8211; Combina\u00e7\u00e3o de ingredientes de alta digestibilidade, fibras especiais e prebi\u00f3tico;<br \/>&#8211; Rico em prote\u00ednas de alta qualidade, equil\u00edbrio ideal de \u00e1cidos graxos essenciais;<br \/>&#8211; Sa\u00fade e vitalidade com sabor excepcional: ingredientes ricos em vitaminas e minerais que promovem a sa\u00fade associada a um sabor irresist\u00edvel.<\/p>","protected":false},"excerpt":{"rendered":"<p>A\u00a0Ra\u00e7\u00e3o\u00a0Premier Pet\u00a0Formula C\u00e3es Adultos Ra\u00e7as Pequenas\u00a0\u00e9 o primeiro alimento Super Premium fabricado no Brasil, ele \u00e9 cientificamente formulado segundo o conceito de Nutri\u00e7\u00e3o \u00d3tima, contendo somente ingredientes nobres e selecionados sob rigoroso controle de qualidade, garantindo um alimento muito mais nutritivo e saboroso. Isto significa uma pelagem mais bonita, fezes em menor volume, melhor digestibilidade [&hellip;]<\/p>\n","protected":false},"featured_media":1410786526,"comment_status":"open","ping_status":"closed","template":"","meta":{"googlesitekit_rrm_CAow0N7NCw:productID":"","content-type":"","pmpro_default_level":"","_themeisle_gutenberg_block_has_review":false},"product_brand":[330],"product_cat":[259],"product_tag":[],"class_list":{"0":"post-1410786527","1":"product","2":"type-product","3":"status-publish","4":"has-post-thumbnail","6":"product_brand-premier","7":"product_cat-racoes-alimento-petisco-e-suplemento-caes","8":"pmpro-has-access","10":"first","11":"instock","12":"taxable","13":"shipping-taxable","14":"purchasable","15":"product-type-simple"},"_links":{"self":[{"href":"https:\/\/dinhosreef.com\/en\/wp-json\/wp\/v2\/product\/1410786527","targetHints":{"allow":["GET"]}}],"collection":[{"href":"https:\/\/dinhosreef.com\/en\/wp-json\/wp\/v2\/product"}],"about":[{"href":"https:\/\/dinhosreef.com\/en\/wp-json\/wp\/v2\/types\/product"}],"replies":[{"embeddable":true,"href":"https:\/\/dinhosreef.com\/en\/wp-json\/wp\/v2\/comments?post=1410786527"}],"wp:featuredmedia":[{"embeddable":true,"href":"https:\/\/dinhosreef.com\/en\/wp-json\/wp\/v2\/media\/1410786526"}],"wp:attachment":[{"href":"https:\/\/dinhosreef.com\/en\/wp-json\/wp\/v2\/media?parent=1410786527"}],"wp:term":[{"taxonomy":"product_brand","embeddable":true,"href":"https:\/\/dinhosreef.com\/en\/wp-json\/wp\/v2\/product_brand?post=1410786527"},{"taxonomy":"product_cat","embeddable":true,"href":"https:\/\/dinhosreef.com\/en\/wp-json\/wp\/v2\/product_cat?post=1410786527"},{"taxonomy":"product_tag","embeddable":true,"href":"https:\/\/dinhosreef.com\/en\/wp-json\/wp\/v2\/product_tag?post=1410786527"}],"curies":[{"name":"wp","href":"https:\/\/api.w.org\/{rel}","templated":true}]}}