{"id":1410786529,"date":"2025-11-03T17:08:14","date_gmt":"2025-11-03T20:08:14","guid":{"rendered":"https:\/\/dinhosreef.com\/produto\/racao-premier-formula-racas-pequenas-filhote-10kg\/"},"modified":"2026-02-23T12:18:33","modified_gmt":"2026-02-23T15:18:33","slug":"racao-premier-formula-racas-pequenas-filhote-10kg","status":"publish","type":"product","link":"https:\/\/dinhosreef.com\/en\/product\/racao-premier-formula-racas-pequenas-filhote-10kg\/","title":{"rendered":"RA\u00c7\u00c3O PREMIER FORMULA RACAS PEQUENAS FILHOTE 1,0KG"},"content":{"rendered":"<ul>\n<li>Sa\u00fade intestinal: atrav\u00e9s da combina\u00e7\u00e3o de ingredientes de alta digestibilidade, fibras especiais e prebi\u00f3tico;<br \/>&#8211; Pelagem bonita e pele saud\u00e1vel: rico em prote\u00ednas de alta qualidade, equil\u00edbrio ideal de \u00e1cidos graxos essenciais &#8211; \u00f4megas 3 e 6;<br \/>&#8211; Desenvolvimento excelente: n\u00edveis \u00f3timos de prote\u00ednas, energia, vitaminas e minerais. Enriquecido com DHA, \u00f4mega 3 essencial ao aprendizado dos filhotes.<\/li>\n<\/ul>","protected":false},"excerpt":{"rendered":"<p>Sa\u00fade intestinal: atrav\u00e9s da combina\u00e7\u00e3o de ingredientes de alta digestibilidade, fibras especiais e prebi\u00f3tico;&#8211; Pelagem bonita e pele saud\u00e1vel: rico em prote\u00ednas de alta qualidade, equil\u00edbrio ideal de \u00e1cidos graxos essenciais &#8211; \u00f4megas 3 e 6;&#8211; Desenvolvimento excelente: n\u00edveis \u00f3timos de prote\u00ednas, energia, vitaminas e minerais. Enriquecido com DHA, \u00f4mega 3 essencial ao aprendizado dos [&hellip;]<\/p>\n","protected":false},"featured_media":1410786528,"comment_status":"open","ping_status":"closed","template":"","meta":{"googlesitekit_rrm_CAow0N7NCw:productID":"","content-type":"","pmpro_default_level":"","_themeisle_gutenberg_block_has_review":false},"product_brand":[330],"product_cat":[259],"product_tag":[],"class_list":{"0":"post-1410786529","1":"product","2":"type-product","3":"status-publish","4":"has-post-thumbnail","6":"product_brand-premier","7":"product_cat-racoes-alimento-petisco-e-suplemento-caes","8":"pmpro-has-access","10":"first","11":"outofstock","12":"taxable","13":"shipping-taxable","14":"purchasable","15":"product-type-simple"},"_links":{"self":[{"href":"https:\/\/dinhosreef.com\/en\/wp-json\/wp\/v2\/product\/1410786529","targetHints":{"allow":["GET"]}}],"collection":[{"href":"https:\/\/dinhosreef.com\/en\/wp-json\/wp\/v2\/product"}],"about":[{"href":"https:\/\/dinhosreef.com\/en\/wp-json\/wp\/v2\/types\/product"}],"replies":[{"embeddable":true,"href":"https:\/\/dinhosreef.com\/en\/wp-json\/wp\/v2\/comments?post=1410786529"}],"wp:featuredmedia":[{"embeddable":true,"href":"https:\/\/dinhosreef.com\/en\/wp-json\/wp\/v2\/media\/1410786528"}],"wp:attachment":[{"href":"https:\/\/dinhosreef.com\/en\/wp-json\/wp\/v2\/media?parent=1410786529"}],"wp:term":[{"taxonomy":"product_brand","embeddable":true,"href":"https:\/\/dinhosreef.com\/en\/wp-json\/wp\/v2\/product_brand?post=1410786529"},{"taxonomy":"product_cat","embeddable":true,"href":"https:\/\/dinhosreef.com\/en\/wp-json\/wp\/v2\/product_cat?post=1410786529"},{"taxonomy":"product_tag","embeddable":true,"href":"https:\/\/dinhosreef.com\/en\/wp-json\/wp\/v2\/product_tag?post=1410786529"}],"curies":[{"name":"wp","href":"https:\/\/api.w.org\/{rel}","templated":true}]}}