{"id":1410786531,"date":"2025-11-06T12:04:53","date_gmt":"2025-11-06T15:04:53","guid":{"rendered":"https:\/\/dinhosreef.com\/produto\/petisco-p-gatos-cremoso-sheba-atum-com-camarao-48g\/"},"modified":"2026-04-29T12:04:51","modified_gmt":"2026-04-29T15:04:51","slug":"petisco-p-gatos-cremoso-sheba-atum-com-camarao-48g","status":"publish","type":"product","link":"https:\/\/dinhosreef.com\/en\/product\/petisco-p-gatos-cremoso-sheba-atum-com-camarao-48g\/","title":{"rendered":"PETISCO P\/ GATOS CREMOSO SHEBA ATUM COM CAMAR\u00c3O 48G"},"content":{"rendered":"<h2>Petisco Cremoso Sheba para Gatos Adultos Atum e Atum com Camar\u00e3o<\/h2>\n<p>Descubra o irresist\u00edvel\u00a0<strong>Sheba Petiscos Cremosos Super Premium<\/strong>, um creme especialmente desenvolvido para proporcionar um momento \u00fanico entre voc\u00ea e seu gato. Feito com ingredientes naturais e de alta qualidade, \u00e9 preparado para ser oferecido diretamente na boca do seu pet. Um mimo saud\u00e1vel, sem corantes, sem adi\u00e7\u00e3o de a\u00e7\u00facar e sem transg\u00eanicos.<\/p>\n<p>Com uma textura cremosa e sabor incompar\u00e1vel,\u00a0<strong>Sheba Petiscos Cremosos<\/strong>\u00a0\u00e9 um pur\u00ea nutritivo e com baixa caloria. Sua f\u00f3rmula rica em umidade ajuda na hidrata\u00e7\u00e3o, contribuindo para a\u00a0<strong>sa\u00fade do trato urin\u00e1rio<\/strong>\u00a0dos gatos. Dispon\u00edvel em sabores deliciosos como atum, atum com camar\u00e3o, frango e peixe branco, em packs com 4 unidades e op\u00e7\u00f5es multi-sabores.<\/p>\n<p>A embalagem cont\u00e9m 4 sach\u00eas de 12g cada, sendo 2 sach\u00eas de atum e 2 sach\u00eas de atum com camar\u00e3o. Isso permite que voc\u00ea ofere\u00e7a dois sabores irresist\u00edveis para seu gato em um \u00fanico pack!<\/p>\n<h3>Ingredientes do Petisco Cremoso Sheba<\/h3>\n<h3>Carne de frango, carne mecanicamente separada de atum, camar\u00e3o integral, amido de mandioca, aroma sabor frango, aroma sabor peixe, goma guar, goma xantana, EDTA diss\u00f3dico, nitrito de s\u00f3dio.<\/p>\n<\/h3>\n<h3>Benef\u00edcios do Sheba Petiscos Cremosos<\/h3>\n<ul>\n<li>Delicioso petisco cremoso Sheba super premium;<\/li>\n<li>Rico em umidade, auxilia na hidrata\u00e7\u00e3o e no cuidado do trato urin\u00e1rio;<\/li>\n<li>Sem corantes, adi\u00e7\u00e3o de a\u00e7\u00facar ou transg\u00eanicos;<\/li>\n<li>Baixa caloria e feito com ingredientes naturais;<\/li>\n<li>Perfeito para criar momentos especiais com seu gato;<\/li>\n<\/ul>","protected":false},"excerpt":{"rendered":"<p>Petisco Cremoso Sheba para Gatos Adultos Atum e Atum com Camar\u00e3o Descubra o irresist\u00edvel\u00a0Sheba Petiscos Cremosos Super Premium, um creme especialmente desenvolvido para proporcionar um momento \u00fanico entre voc\u00ea e seu gato. Feito com ingredientes naturais e de alta qualidade, \u00e9 preparado para ser oferecido diretamente na boca do seu pet. Um mimo saud\u00e1vel, sem [&hellip;]<\/p>\n","protected":false},"featured_media":1410786530,"comment_status":"open","ping_status":"closed","template":"","meta":{"googlesitekit_rrm_CAow0N7NCw:productID":"","content-type":"","pmpro_default_level":"","_themeisle_gutenberg_block_has_review":false},"product_brand":[],"product_cat":[256],"product_tag":[],"class_list":{"0":"post-1410786531","1":"product","2":"type-product","3":"status-publish","4":"has-post-thumbnail","6":"product_cat-racoes","7":"pmpro-has-access","9":"first","10":"instock","11":"taxable","12":"shipping-taxable","13":"purchasable","14":"product-type-simple"},"_links":{"self":[{"href":"https:\/\/dinhosreef.com\/en\/wp-json\/wp\/v2\/product\/1410786531","targetHints":{"allow":["GET"]}}],"collection":[{"href":"https:\/\/dinhosreef.com\/en\/wp-json\/wp\/v2\/product"}],"about":[{"href":"https:\/\/dinhosreef.com\/en\/wp-json\/wp\/v2\/types\/product"}],"replies":[{"embeddable":true,"href":"https:\/\/dinhosreef.com\/en\/wp-json\/wp\/v2\/comments?post=1410786531"}],"wp:featuredmedia":[{"embeddable":true,"href":"https:\/\/dinhosreef.com\/en\/wp-json\/wp\/v2\/media\/1410786530"}],"wp:attachment":[{"href":"https:\/\/dinhosreef.com\/en\/wp-json\/wp\/v2\/media?parent=1410786531"}],"wp:term":[{"taxonomy":"product_brand","embeddable":true,"href":"https:\/\/dinhosreef.com\/en\/wp-json\/wp\/v2\/product_brand?post=1410786531"},{"taxonomy":"product_cat","embeddable":true,"href":"https:\/\/dinhosreef.com\/en\/wp-json\/wp\/v2\/product_cat?post=1410786531"},{"taxonomy":"product_tag","embeddable":true,"href":"https:\/\/dinhosreef.com\/en\/wp-json\/wp\/v2\/product_tag?post=1410786531"}],"curies":[{"name":"wp","href":"https:\/\/api.w.org\/{rel}","templated":true}]}}