{"id":1410786535,"date":"2025-11-06T14:59:54","date_gmt":"2025-11-06T17:59:54","guid":{"rendered":"https:\/\/dinhosreef.com\/produto\/racao-pedigree-caes-carne-e-vegetais-15kg\/"},"modified":"2026-03-26T10:06:48","modified_gmt":"2026-03-26T13:06:48","slug":"racao-pedigree-caes-carne-e-vegetais-15kg","status":"publish","type":"product","link":"https:\/\/dinhosreef.com\/en\/product\/racao-pedigree-caes-carne-e-vegetais-15kg\/","title":{"rendered":"RA\u00c7\u00c3O PEDIGREE C\u00c3ES CARNE E VEGETAIS 15KG"},"content":{"rendered":"<h2>Ra\u00e7\u00e3o Pedigree C\u00e3es Adultos Ra\u00e7as M\u00e9dias e Grandes Carne e Vegetais<\/h2>\n<p>Feita especialmente para atender as necessidades de c\u00e3es de ra\u00e7as m\u00e9dias e grandes, a\u00a0<strong>Ra\u00e7\u00e3o Pedigree C\u00e3es Adultos Ra\u00e7as M\u00e9dias e Grandes Carne e Vegetais<\/strong>\u00a0\u00e9 produzida sob rigorosos padr\u00f5es de qualidade para garantir uma nutri\u00e7\u00e3o completa e equilibrada.<\/p>\n<p>Enriquecida com antioxidantes, sel\u00eanio e vitamina E, que ajudam no sistema imunol\u00f3gico e fortalecem a sa\u00fade do seu pet, a\u00a0<strong>Ra\u00e7\u00e3o Pedigree<\/strong>\u00a0tem uma \u00f3tima combina\u00e7\u00e3o de carne e vegetais, rico em fibras e prote\u00ednas de alta qualidade que contribuem para uma \u00f3tima digest\u00e3o e fezes firmes f\u00e1ceis de limpar.<\/p>\n<p>Al\u00e9m disso, a\u00a0<strong>Ra\u00e7\u00e3o Pedigree para Ra\u00e7as M\u00e9dias e Grandes<\/strong> cont\u00e9m \u00d4mega 6 que garante pele e pelos saud\u00e1veis. Sem corantes ou aromatizantes artificiais, possui em sua formula\u00e7\u00e3o 24 vitaminas e minerais promovendo qualidade de vida para seu c\u00e3o.<\/p>","protected":false},"excerpt":{"rendered":"<p>Ra\u00e7\u00e3o Pedigree C\u00e3es Adultos Ra\u00e7as M\u00e9dias e Grandes Carne e Vegetais Feita especialmente para atender as necessidades de c\u00e3es de ra\u00e7as m\u00e9dias e grandes, a\u00a0Ra\u00e7\u00e3o Pedigree C\u00e3es Adultos Ra\u00e7as M\u00e9dias e Grandes Carne e Vegetais\u00a0\u00e9 produzida sob rigorosos padr\u00f5es de qualidade para garantir uma nutri\u00e7\u00e3o completa e equilibrada. Enriquecida com antioxidantes, sel\u00eanio e vitamina E, [&hellip;]<\/p>\n","protected":false},"featured_media":1410786534,"comment_status":"open","ping_status":"closed","template":"","meta":{"googlesitekit_rrm_CAow0N7NCw:productID":"","content-type":"","pmpro_default_level":"","_themeisle_gutenberg_block_has_review":false},"product_brand":[438],"product_cat":[259],"product_tag":[],"class_list":{"0":"post-1410786535","1":"product","2":"type-product","3":"status-publish","4":"has-post-thumbnail","6":"product_brand-pedigree","7":"product_cat-racoes-alimento-petisco-e-suplemento-caes","8":"pmpro-has-access","10":"first","11":"outofstock","12":"taxable","13":"shipping-taxable","14":"purchasable","15":"product-type-simple"},"_links":{"self":[{"href":"https:\/\/dinhosreef.com\/en\/wp-json\/wp\/v2\/product\/1410786535","targetHints":{"allow":["GET"]}}],"collection":[{"href":"https:\/\/dinhosreef.com\/en\/wp-json\/wp\/v2\/product"}],"about":[{"href":"https:\/\/dinhosreef.com\/en\/wp-json\/wp\/v2\/types\/product"}],"replies":[{"embeddable":true,"href":"https:\/\/dinhosreef.com\/en\/wp-json\/wp\/v2\/comments?post=1410786535"}],"wp:featuredmedia":[{"embeddable":true,"href":"https:\/\/dinhosreef.com\/en\/wp-json\/wp\/v2\/media\/1410786534"}],"wp:attachment":[{"href":"https:\/\/dinhosreef.com\/en\/wp-json\/wp\/v2\/media?parent=1410786535"}],"wp:term":[{"taxonomy":"product_brand","embeddable":true,"href":"https:\/\/dinhosreef.com\/en\/wp-json\/wp\/v2\/product_brand?post=1410786535"},{"taxonomy":"product_cat","embeddable":true,"href":"https:\/\/dinhosreef.com\/en\/wp-json\/wp\/v2\/product_cat?post=1410786535"},{"taxonomy":"product_tag","embeddable":true,"href":"https:\/\/dinhosreef.com\/en\/wp-json\/wp\/v2\/product_tag?post=1410786535"}],"curies":[{"name":"wp","href":"https:\/\/api.w.org\/{rel}","templated":true}]}}