{"id":1410786537,"date":"2025-11-06T15:33:44","date_gmt":"2025-11-06T18:33:44","guid":{"rendered":"https:\/\/dinhosreef.com\/produto\/suplemento-vitaminico-p-animais-vitagold-potenciado-1l\/"},"modified":"2025-11-06T15:33:44","modified_gmt":"2025-11-06T18:33:44","slug":"suplemento-vitaminico-p-animais-vitagold-potenciado-1l","status":"publish","type":"product","link":"https:\/\/dinhosreef.com\/en\/product\/suplemento-vitaminico-p-animais-vitagold-potenciado-1l\/","title":{"rendered":"SUPLEMENTO VITAM\u00cdNICO P\/ ANIMAIS VITAGOLD POTENCIADO &#8211; 1L"},"content":{"rendered":"<p><strong>INDICA\u00c7\u00d5ES<\/strong><\/p>\n<p>\u00a0<\/p>\n<p>Bovinos, ovinos, caprinos, equ\u00eddeos, su\u00ednos, aves, c\u00e3es, gatos, coelhos e p\u00e1ssaros.<\/p>\n<p>Quando se necessita de uma suplementa\u00e7\u00e3o de vitaminas, especialmente nas situa\u00e7\u00f5es de elevada produ\u00e7\u00e3o, mudan\u00e7a na alimenta\u00e7\u00e3o, do alojamento e transporte, frio, calor ou vento excessivo e esgotamento.<\/p>\n<p>\u00a0<\/p>\n<p><strong>POSOLOGIA<\/strong><\/p>\n<p>\u00a0<\/p>\n<p>Via oral, com uma colher ou conta-gotas; ou misturado \u00e0 \u00e1gua ou leite em doses di\u00e1rias.<\/p>\n<p>Bovinos: 3ml a 10ml.<\/p>\n<p>Su\u00ednos: 0,5ml a 5ml.<\/p>\n<p>Equ\u00eddeos: 3ml a 10ml.<\/p>\n<p>Ovinos e caprinos: 1ml a 3ml.<\/p>\n<p>Aves: 0,5ml a 2ml\/litro de \u00e1gua de bebida.<\/p>\n<p>P\u00e1ssaros: 3 gotas a 6 gotas\/100ml de \u00e1gua de bebida.<\/p>\n<p>C\u00e3es: 10 a 40 gotas (de 0,5ml a 2ml) direto na boca ou diluido.<\/p>\n<p>Coelhos: 40 gotas (2ml)\/litro de \u00e1gua de bebida.<\/p>\n<p>Gatos: Adultos 10 gotas di\u00e1rias;<\/p>","protected":false},"excerpt":{"rendered":"<p>INDICA\u00c7\u00d5ES \u00a0 Bovinos, ovinos, caprinos, equ\u00eddeos, su\u00ednos, aves, c\u00e3es, gatos, coelhos e p\u00e1ssaros. Quando se necessita de uma suplementa\u00e7\u00e3o de vitaminas, especialmente nas situa\u00e7\u00f5es de elevada produ\u00e7\u00e3o, mudan\u00e7a na alimenta\u00e7\u00e3o, do alojamento e transporte, frio, calor ou vento excessivo e esgotamento. \u00a0 POSOLOGIA \u00a0 Via oral, com uma colher ou conta-gotas; ou misturado \u00e0 \u00e1gua [&hellip;]<\/p>\n","protected":false},"featured_media":1410786536,"comment_status":"open","ping_status":"closed","template":"","meta":{"googlesitekit_rrm_CAow0N7NCw:productID":"","content-type":"","pmpro_default_level":"","_themeisle_gutenberg_block_has_review":false},"product_brand":[],"product_cat":[367],"product_tag":[],"class_list":{"0":"post-1410786537","1":"product","2":"type-product","3":"status-publish","4":"has-post-thumbnail","6":"product_cat-suplementos-e-vitaminas","7":"pmpro-has-access","9":"first","10":"instock","11":"taxable","12":"shipping-taxable","13":"purchasable","14":"product-type-simple"},"_links":{"self":[{"href":"https:\/\/dinhosreef.com\/en\/wp-json\/wp\/v2\/product\/1410786537","targetHints":{"allow":["GET"]}}],"collection":[{"href":"https:\/\/dinhosreef.com\/en\/wp-json\/wp\/v2\/product"}],"about":[{"href":"https:\/\/dinhosreef.com\/en\/wp-json\/wp\/v2\/types\/product"}],"replies":[{"embeddable":true,"href":"https:\/\/dinhosreef.com\/en\/wp-json\/wp\/v2\/comments?post=1410786537"}],"wp:featuredmedia":[{"embeddable":true,"href":"https:\/\/dinhosreef.com\/en\/wp-json\/wp\/v2\/media\/1410786536"}],"wp:attachment":[{"href":"https:\/\/dinhosreef.com\/en\/wp-json\/wp\/v2\/media?parent=1410786537"}],"wp:term":[{"taxonomy":"product_brand","embeddable":true,"href":"https:\/\/dinhosreef.com\/en\/wp-json\/wp\/v2\/product_brand?post=1410786537"},{"taxonomy":"product_cat","embeddable":true,"href":"https:\/\/dinhosreef.com\/en\/wp-json\/wp\/v2\/product_cat?post=1410786537"},{"taxonomy":"product_tag","embeddable":true,"href":"https:\/\/dinhosreef.com\/en\/wp-json\/wp\/v2\/product_tag?post=1410786537"}],"curies":[{"name":"wp","href":"https:\/\/api.w.org\/{rel}","templated":true}]}}