{"id":1410786543,"date":"2025-11-06T17:23:26","date_gmt":"2025-11-06T20:23:26","guid":{"rendered":"https:\/\/dinhosreef.com\/produto\/suplemento-vitaminico-p-animais-vitagold-potenciado-20ml\/"},"modified":"2026-04-13T17:44:26","modified_gmt":"2026-04-13T20:44:26","slug":"suplemento-vitaminico-p-animais-vitagold-potenciado-20ml","status":"publish","type":"product","link":"https:\/\/dinhosreef.com\/en\/product\/suplemento-vitaminico-p-animais-vitagold-potenciado-20ml\/","title":{"rendered":"SUPLEMENTO VITAM\u00cdNICO P\/ ANIMAIS VITAGOLD POTENCIADO- 20ML"},"content":{"rendered":"<p><strong>Composi\u00e7\u00e3o b\u00e1sica:<\/strong><br \/>Nicotinamida, vitamina A, vitamina B1, vitamina B6, vitamina B12, vitamina D3 e vitamina E.<\/p>\n<p><strong>Modo de usar:<\/strong><br \/>Via oral, deve ser dilu\u00eddo na \u00e1gua ou no leite.<\/p>\n<p><strong>Indica\u00e7\u00f5es:<\/strong><br \/>Bovinos<br \/>Bezerros &#8211; 3 a 5ml<br \/>Touros &#8211; 5 a 10ml<br \/>Vacas &#8211; 5 a 10ml em meses alternados da lacta\u00e7\u00e3o<\/p>\n<p>Su\u00ednos &#8211; 0,5 a 1ml<\/p>\n<p>Equinos<br \/>Potros &#8211; 3 a 5ml<br \/>Garanh\u00f5es e \u00e9guas &#8211; 5ml<br \/>Cavalos submetidos a esfor\u00e7os de corrida &#8211; 10ml<\/p>\n<p>Ovinos e caprinos &#8211; 1 a 3ml<\/p>\n<p>Aves<br \/>Pintos at\u00e9 30 dias de idade &#8211; 2ml (40 gotas) para cada litro de \u00e1gua<br \/>Pintos de 30 a 90 dias de idade &#8211; 1ml (20 gotas) para cada litro de \u00e1gua<br \/>Adultos &#8211; 0,5ml (10 gotas) para cada litro de \u00e1gua<\/p>","protected":false},"excerpt":{"rendered":"<p>Composi\u00e7\u00e3o b\u00e1sica:Nicotinamida, vitamina A, vitamina B1, vitamina B6, vitamina B12, vitamina D3 e vitamina E. Modo de usar:Via oral, deve ser dilu\u00eddo na \u00e1gua ou no leite. Indica\u00e7\u00f5es:BovinosBezerros &#8211; 3 a 5mlTouros &#8211; 5 a 10mlVacas &#8211; 5 a 10ml em meses alternados da lacta\u00e7\u00e3o Su\u00ednos &#8211; 0,5 a 1ml EquinosPotros &#8211; 3 a 5mlGaranh\u00f5es [&hellip;]<\/p>\n","protected":false},"featured_media":1410786542,"comment_status":"open","ping_status":"closed","template":"","meta":{"googlesitekit_rrm_CAow0N7NCw:productID":"","content-type":"","pmpro_default_level":"","_themeisle_gutenberg_block_has_review":false},"product_brand":[],"product_cat":[367],"product_tag":[],"class_list":{"0":"post-1410786543","1":"product","2":"type-product","3":"status-publish","4":"has-post-thumbnail","6":"product_cat-suplementos-e-vitaminas","7":"pmpro-has-access","9":"first","10":"instock","11":"taxable","12":"shipping-taxable","13":"purchasable","14":"product-type-simple"},"_links":{"self":[{"href":"https:\/\/dinhosreef.com\/en\/wp-json\/wp\/v2\/product\/1410786543","targetHints":{"allow":["GET"]}}],"collection":[{"href":"https:\/\/dinhosreef.com\/en\/wp-json\/wp\/v2\/product"}],"about":[{"href":"https:\/\/dinhosreef.com\/en\/wp-json\/wp\/v2\/types\/product"}],"replies":[{"embeddable":true,"href":"https:\/\/dinhosreef.com\/en\/wp-json\/wp\/v2\/comments?post=1410786543"}],"wp:featuredmedia":[{"embeddable":true,"href":"https:\/\/dinhosreef.com\/en\/wp-json\/wp\/v2\/media\/1410786542"}],"wp:attachment":[{"href":"https:\/\/dinhosreef.com\/en\/wp-json\/wp\/v2\/media?parent=1410786543"}],"wp:term":[{"taxonomy":"product_brand","embeddable":true,"href":"https:\/\/dinhosreef.com\/en\/wp-json\/wp\/v2\/product_brand?post=1410786543"},{"taxonomy":"product_cat","embeddable":true,"href":"https:\/\/dinhosreef.com\/en\/wp-json\/wp\/v2\/product_cat?post=1410786543"},{"taxonomy":"product_tag","embeddable":true,"href":"https:\/\/dinhosreef.com\/en\/wp-json\/wp\/v2\/product_tag?post=1410786543"}],"curies":[{"name":"wp","href":"https:\/\/api.w.org\/{rel}","templated":true}]}}