{"id":1410786545,"date":"2025-11-06T17:46:42","date_gmt":"2025-11-06T20:46:42","guid":{"rendered":"https:\/\/dinhosreef.com\/produto\/invermectina-ivomec-injetavel-50ml\/"},"modified":"2026-04-15T11:33:42","modified_gmt":"2026-04-15T14:33:42","slug":"invermectina-ivomec-injetavel-50ml","status":"publish","type":"product","link":"https:\/\/dinhosreef.com\/en\/product\/invermectina-ivomec-injetavel-50ml\/","title":{"rendered":"INVERMECTINA IVOMEC INJETAVEL &#8211; 50ML"},"content":{"rendered":"<p>vomec\u00ae Gold \u00e9 uma formula\u00e7\u00e3o de alta efici\u00eancia, principalmente quando inserido em um programa de controle integrado e estrat\u00e9gico de parasitas, que objetiva evitar ao m\u00e1ximo o contato parasita-hospedeiro, impedindo a infec\u00e7\u00e3o\/infesta\u00e7\u00e3o e, consequentemente, os preju\u00edzos causados pelo parasitismo. Ivomec\u00ae Gold \u00e9 indicado para o tratamento e controle eficaz das cepas sens\u00edveis \u00e0 ivermectina das mais importantes esp\u00e9cies de vermes redondos gastrintestinais, berne e carrapatos. A dose recomendada \u00e9 de 1 mL para cada 50 kg de peso, administrada por via subcut\u00e2nea na frente ou atr\u00e1s da paleta. Utilizar uma agulha esteril, calibre 15 ou 18 com 15 a 20 mm de comprimento Usar procedimentos ass\u00e9pticos na aplica\u00e7\u00e3o. Devido a sua formula\u00e7\u00e3o tixotr\u00f3pica, o frasco do produto deve ser agitado antes da aplica\u00e7\u00e3o.<\/p>","protected":false},"excerpt":{"rendered":"<p>vomec\u00ae Gold \u00e9 uma formula\u00e7\u00e3o de alta efici\u00eancia, principalmente quando inserido em um programa de controle integrado e estrat\u00e9gico de parasitas, que objetiva evitar ao m\u00e1ximo o contato parasita-hospedeiro, impedindo a infec\u00e7\u00e3o\/infesta\u00e7\u00e3o e, consequentemente, os preju\u00edzos causados pelo parasitismo. Ivomec\u00ae Gold \u00e9 indicado para o tratamento e controle eficaz das cepas sens\u00edveis \u00e0 ivermectina das [&hellip;]<\/p>\n","protected":false},"featured_media":1410786544,"comment_status":"open","ping_status":"closed","template":"","meta":{"googlesitekit_rrm_CAow0N7NCw:productID":"","content-type":"","pmpro_default_level":"","_themeisle_gutenberg_block_has_review":false},"product_brand":[],"product_cat":[367],"product_tag":[],"class_list":{"0":"post-1410786545","1":"product","2":"type-product","3":"status-publish","4":"has-post-thumbnail","6":"product_cat-suplementos-e-vitaminas","7":"pmpro-has-access","9":"first","10":"outofstock","11":"taxable","12":"shipping-taxable","13":"purchasable","14":"product-type-simple"},"_links":{"self":[{"href":"https:\/\/dinhosreef.com\/en\/wp-json\/wp\/v2\/product\/1410786545","targetHints":{"allow":["GET"]}}],"collection":[{"href":"https:\/\/dinhosreef.com\/en\/wp-json\/wp\/v2\/product"}],"about":[{"href":"https:\/\/dinhosreef.com\/en\/wp-json\/wp\/v2\/types\/product"}],"replies":[{"embeddable":true,"href":"https:\/\/dinhosreef.com\/en\/wp-json\/wp\/v2\/comments?post=1410786545"}],"wp:featuredmedia":[{"embeddable":true,"href":"https:\/\/dinhosreef.com\/en\/wp-json\/wp\/v2\/media\/1410786544"}],"wp:attachment":[{"href":"https:\/\/dinhosreef.com\/en\/wp-json\/wp\/v2\/media?parent=1410786545"}],"wp:term":[{"taxonomy":"product_brand","embeddable":true,"href":"https:\/\/dinhosreef.com\/en\/wp-json\/wp\/v2\/product_brand?post=1410786545"},{"taxonomy":"product_cat","embeddable":true,"href":"https:\/\/dinhosreef.com\/en\/wp-json\/wp\/v2\/product_cat?post=1410786545"},{"taxonomy":"product_tag","embeddable":true,"href":"https:\/\/dinhosreef.com\/en\/wp-json\/wp\/v2\/product_tag?post=1410786545"}],"curies":[{"name":"wp","href":"https:\/\/api.w.org\/{rel}","templated":true}]}}