{"id":1410786561,"date":"2025-11-12T20:17:12","date_gmt":"2025-11-12T23:17:12","guid":{"rendered":"https:\/\/dinhosreef.com\/produto\/racao-nd-tropical-caes-filhotes-mini-breeds-cordeiro-25kg\/"},"modified":"2026-04-13T11:54:59","modified_gmt":"2026-04-13T14:54:59","slug":"racao-nd-tropical-caes-filhotes-mini-breeds-cordeiro-25kg","status":"publish","type":"product","link":"https:\/\/dinhosreef.com\/en\/product\/racao-nd-tropical-caes-filhotes-mini-breeds-cordeiro-25kg\/","title":{"rendered":"RA\u00c7\u00c3O ND TROPICAL C\u00c3ES FILHOTES MINI BREEDS CORDEIRO 2,5KG"},"content":{"rendered":"<p>A Ra\u00e7\u00e3o Seca N&amp;D Tropical Selection Cordeiro, Cereais e Frutas Tropicais para C\u00e3es Filhotes de Ra\u00e7as Minis \u00e9 uma escolha excepcional para o bem-estar do seu amigo canino, uma vez que combina gr\u00e3os ancestrais e uma variedade de frutas tropicais, proporcionando uma nutri\u00e7\u00e3o completa e deliciosa. As frutas tropicais, conhecidas por suas propriedades nutricionais e riqueza em antioxidantes naturais, s\u00e3o harmoniosamente misturadas com gr\u00e3os ancestrais de baixo \u00edndice glic\u00eamico, como espelta e aveia, que promovem a sensa\u00e7\u00e3o de saciedade, tornando esta ra\u00e7\u00e3o irresist\u00edvel para seu pet.<\/p>\n<p>Composi\u00e7\u00e3o: Cordeiro (carne de ovino, farinha de carne e osso de ovino \u2013 m\u00edn. 3,5%), cereais e frutas (aveia, gr\u00e3os de sorgo, cevada em gr\u00e3os, banana desidratada, mam\u00e3o desidratado, kiwi desidratado, manga desidratada \u2013 m\u00edn. 35%), farinha de v\u00edsceras de aves, farinha de torresmo, ovo em p\u00f3, quirera de arroz, farelo de trigo, farinha de peixe, \u00f3leo de frango, \u00f3leo de peixe, polpa de beterraba, levedura seca de cervejaria, cenoura desidratada, aditivos prebi\u00f3ticos (FOS e MOS), DL-metionina, taurina, L-carnitina, sulfato de condroitina, sulfato de glicosamina, aditivos adsorventes (extrato de yucca e zeolita), hidrolisado de f\u00edgado de aves e su\u00ednos, vitaminas (A, D3, E, B1, B2, B5, B6, B12, C, biotina, niacina, \u00e1cido f\u00f3lico, cloreto de colina), cloreto de s\u00f3dio, cloreto de pot\u00e1ssio, ferro amino\u00e1cido quelato, cobre amino\u00e1cido quelato, zinco amino\u00e1cido quelato, mangan\u00eas amino\u00e1cido quelato, proteinato de sel\u00eanio, iodato de c\u00e1lcio, propionato de c\u00e1lcio, concentrado de tocofer\u00f3is.<br \/>Eventuais substitutivos: prote\u00edna hidrolisada de peixe, prote\u00edna hidrolisada de frango.<\/p>\n<p>Indica\u00e7\u00f5es\/Recomenda\u00e7\u00f5es: Se voc\u00ea estiver mudando de outra marca ou tipo de ra\u00e7\u00e3o, fa\u00e7a uma transi\u00e7\u00e3o gradual ao longo de uma semana. Misture pequenas quantidades da nova ra\u00e7\u00e3o com a antiga e aumente gradualmente a propor\u00e7\u00e3o da nova ra\u00e7\u00e3o. Mantenha \u00e1gua fresca dispon\u00edvel o tempo todo. A \u00e1gua \u00e9 essencial para a digest\u00e3o e para manter seu pet hidratado.<\/p>","protected":false},"excerpt":{"rendered":"<p>A Ra\u00e7\u00e3o Seca N&amp;D Tropical Selection Cordeiro, Cereais e Frutas Tropicais para C\u00e3es Filhotes de Ra\u00e7as Minis \u00e9 uma escolha excepcional para o bem-estar do seu amigo canino, uma vez que combina gr\u00e3os ancestrais e uma variedade de frutas tropicais, proporcionando uma nutri\u00e7\u00e3o completa e deliciosa. As frutas tropicais, conhecidas por suas propriedades nutricionais e [&hellip;]<\/p>\n","protected":false},"featured_media":1410786560,"comment_status":"open","ping_status":"closed","template":"","meta":{"googlesitekit_rrm_CAow0N7NCw:productID":"","content-type":"","pmpro_default_level":"","_themeisle_gutenberg_block_has_review":false},"product_brand":[],"product_cat":[259],"product_tag":[],"class_list":{"0":"post-1410786561","1":"product","2":"type-product","3":"status-publish","4":"has-post-thumbnail","6":"product_cat-racoes-alimento-petisco-e-suplemento-caes","7":"pmpro-has-access","9":"first","10":"outofstock","11":"taxable","12":"shipping-taxable","13":"purchasable","14":"product-type-simple"},"_links":{"self":[{"href":"https:\/\/dinhosreef.com\/en\/wp-json\/wp\/v2\/product\/1410786561","targetHints":{"allow":["GET"]}}],"collection":[{"href":"https:\/\/dinhosreef.com\/en\/wp-json\/wp\/v2\/product"}],"about":[{"href":"https:\/\/dinhosreef.com\/en\/wp-json\/wp\/v2\/types\/product"}],"replies":[{"embeddable":true,"href":"https:\/\/dinhosreef.com\/en\/wp-json\/wp\/v2\/comments?post=1410786561"}],"wp:featuredmedia":[{"embeddable":true,"href":"https:\/\/dinhosreef.com\/en\/wp-json\/wp\/v2\/media\/1410786560"}],"wp:attachment":[{"href":"https:\/\/dinhosreef.com\/en\/wp-json\/wp\/v2\/media?parent=1410786561"}],"wp:term":[{"taxonomy":"product_brand","embeddable":true,"href":"https:\/\/dinhosreef.com\/en\/wp-json\/wp\/v2\/product_brand?post=1410786561"},{"taxonomy":"product_cat","embeddable":true,"href":"https:\/\/dinhosreef.com\/en\/wp-json\/wp\/v2\/product_cat?post=1410786561"},{"taxonomy":"product_tag","embeddable":true,"href":"https:\/\/dinhosreef.com\/en\/wp-json\/wp\/v2\/product_tag?post=1410786561"}],"curies":[{"name":"wp","href":"https:\/\/api.w.org\/{rel}","templated":true}]}}