{"id":1410786565,"date":"2025-11-12T20:17:23","date_gmt":"2025-11-12T23:17:23","guid":{"rendered":"https:\/\/dinhosreef.com\/produto\/racao-nd-tropical-gatos-adultos-castrados-suino-400g\/"},"modified":"2026-02-04T17:55:39","modified_gmt":"2026-02-04T20:55:39","slug":"racao-nd-tropical-gatos-adultos-castrados-suino-400g","status":"publish","type":"product","link":"https:\/\/dinhosreef.com\/en\/product\/racao-nd-tropical-gatos-adultos-castrados-suino-400g\/","title":{"rendered":"RA\u00c7\u00c3O ND TROPICAL  GATOS ADULTOS CASTRADOS SU\u00cdNO 400G"},"content":{"rendered":"<ul>\n<li>Indicada para gatos;<br \/>&#8211; 92% de prote\u00ednas de origem animal;<br \/>&#8211; 0% de corantes;<br \/>&#8211; 0% de aromas artificiais;<br \/>&#8211; Com conservantes naturais;<br \/>&#8211; Livre de transg\u00eanicos;<br \/>&#8211; Tecnologia vacuum coater;<br \/>&#8211; Feito em atmosfera controlada;<br \/>&#8211; Dispon\u00edvel em embalagens de 400 g, 1,5 kg e 7 kg.<\/p>\n<\/li>\n<\/ul>\n<p>\u00a0<\/p>\n<p>Idade:\u00a0Adulto<br \/>Pet:\u00a0Gatos<br \/>Corante:\u00a0N\u00e3o<br \/>Transg\u00eanico:\u00a0N\u00e3o<br \/>Formato Alimento:\u00a0Gr\u00e3os<br \/>Ra\u00e7a Gatos:\u00a0Todas<br \/>Sabor Principal:\u00a0Porco<br \/>Tipo Alimento:\u00a0Comum<br \/>Indica\u00e7\u00e3o Veterin\u00e1ria:\u00a0Castrados<br \/>Tipo:\u00a0Ra\u00e7\u00e3o seca<br \/>Medidas\u00a0aproximadas:\u00a08mm cada gr\u00e3o<br \/>Sabor Completo:\u00a0Su\u00edno, Cereais e Frutas Tropicais<\/p>\n<p>Apresenta\u00e7\u00e3o:\u00a0<br \/>Dispon\u00edvel em embalagens de 400 g, 1,5 kg e 7 kg.<\/p>\n<p>Indica\u00e7\u00e3o:\u00a0<br \/>Alimento completo e balanceado para gatos adultos castrados.<\/p>","protected":false},"excerpt":{"rendered":"<p>Indicada para gatos;&#8211; 92% de prote\u00ednas de origem animal;&#8211; 0% de corantes;&#8211; 0% de aromas artificiais;&#8211; Com conservantes naturais;&#8211; Livre de transg\u00eanicos;&#8211; Tecnologia vacuum coater;&#8211; Feito em atmosfera controlada;&#8211; Dispon\u00edvel em embalagens de 400 g, 1,5 kg e 7 kg. \u00a0 Idade:\u00a0AdultoPet:\u00a0GatosCorante:\u00a0N\u00e3oTransg\u00eanico:\u00a0N\u00e3oFormato Alimento:\u00a0Gr\u00e3osRa\u00e7a Gatos:\u00a0TodasSabor Principal:\u00a0PorcoTipo Alimento:\u00a0ComumIndica\u00e7\u00e3o Veterin\u00e1ria:\u00a0CastradosTipo:\u00a0Ra\u00e7\u00e3o secaMedidas\u00a0aproximadas:\u00a08mm cada gr\u00e3oSabor Completo:\u00a0Su\u00edno, Cereais e Frutas Tropicais [&hellip;]<\/p>\n","protected":false},"featured_media":1410786564,"comment_status":"open","ping_status":"closed","template":"","meta":{"googlesitekit_rrm_CAow0N7NCw:productID":"","content-type":"","pmpro_default_level":"","_themeisle_gutenberg_block_has_review":false},"product_brand":[],"product_cat":[256],"product_tag":[],"class_list":{"0":"post-1410786565","1":"product","2":"type-product","3":"status-publish","4":"has-post-thumbnail","6":"product_cat-racoes","7":"pmpro-has-access","9":"first","10":"outofstock","11":"taxable","12":"shipping-taxable","13":"purchasable","14":"product-type-simple"},"_links":{"self":[{"href":"https:\/\/dinhosreef.com\/en\/wp-json\/wp\/v2\/product\/1410786565","targetHints":{"allow":["GET"]}}],"collection":[{"href":"https:\/\/dinhosreef.com\/en\/wp-json\/wp\/v2\/product"}],"about":[{"href":"https:\/\/dinhosreef.com\/en\/wp-json\/wp\/v2\/types\/product"}],"replies":[{"embeddable":true,"href":"https:\/\/dinhosreef.com\/en\/wp-json\/wp\/v2\/comments?post=1410786565"}],"wp:featuredmedia":[{"embeddable":true,"href":"https:\/\/dinhosreef.com\/en\/wp-json\/wp\/v2\/media\/1410786564"}],"wp:attachment":[{"href":"https:\/\/dinhosreef.com\/en\/wp-json\/wp\/v2\/media?parent=1410786565"}],"wp:term":[{"taxonomy":"product_brand","embeddable":true,"href":"https:\/\/dinhosreef.com\/en\/wp-json\/wp\/v2\/product_brand?post=1410786565"},{"taxonomy":"product_cat","embeddable":true,"href":"https:\/\/dinhosreef.com\/en\/wp-json\/wp\/v2\/product_cat?post=1410786565"},{"taxonomy":"product_tag","embeddable":true,"href":"https:\/\/dinhosreef.com\/en\/wp-json\/wp\/v2\/product_tag?post=1410786565"}],"curies":[{"name":"wp","href":"https:\/\/api.w.org\/{rel}","templated":true}]}}